{"id":814,"date":"2021-11-15T15:46:16","date_gmt":"2021-11-15T15:46:16","guid":{"rendered":"http:\/\/neringavilnius.com\/cookie-policy\/"},"modified":"2021-12-13T16:38:15","modified_gmt":"2021-12-13T16:38:15","slug":"bedrosios-salygos","status":"publish","type":"page","link":"https:\/\/neringavilnius.com\/lt\/bedrosios-salygos\/","title":{"rendered":"Bendrosios s\u0105lygos"},"content":{"rendered":"<h3>Vie\u0161bu\u010do \u201eNeringa\u201c bendrosiois paslaug\u0173 teikimo s\u0105lygos<\/h3>\n<p><span >\u0160ios bendrosios s\u0105lygos apibr\u0117\u017eia \u0161ali\u0173 teises ir pareigas u\u017esakant vie\u0161bu\u010dio \u201eNeringa\u201c (UAB \u201eNeringa Hotel\u201c, juridinio asmens kodas 302547380, adresas Gedimino pr. 23, 01103 Vilnius, telefonas +370 5212228, el. pa\u0161tas hotel@neringavilnius.com) teikiamas apgyvendinimo ir kitas susijusias paslaugas. Pra\u0161ome J\u016bs\u0173, kaip paslaugos gav\u0117jo, i\u0161samiai susipa\u017einti su \u017eemiau pateiktomis paslaug\u0173 teikimo s\u0105lygomis.<\/span><\/p>\n<p><span >Atkreipiame J\u016bs\u0173 d\u0117mes\u012f, kad Jums renkantis ir u\u017esakant konkre\u010dias vie\u0161bu\u010dio paslaugas Jums yra nurodomos ir specialiosios J\u016bs\u0173 i\u0161sirinkt\u0173 paslaug\u0173 teikimo s\u0105lygos, kurios detalizuoja ir papildo \u0161ias bendr\u0105sias s\u0105lygas. \u0160ios bendrosios s\u0105lygos kartu su Jums nurodomomis specialiosiomis s\u0105lygomis sudaro vientis\u0105 ir neatskiriam\u0105 sutart\u012f.<\/span><\/p>\n<h3><b>Apgyvendinimas ir rezervacijos at\u0161aukimas<\/b><\/h3>\n<p>Rezervuodami vie\u0161bu\u010dio teikiamas paslaugas J\u016bs \u012fsipareigojate pateikti Vie\u0161bu\u010diui tik teising\u0105 ir tiksli\u0105 informacij\u0105.<\/p>\n<p>Rezervuoti Vie\u0161bu\u010dio teikiamas paslaugas turi teis\u0119 pilname\u010diai asmenys.<\/p>\n<p>Atvykti \u012f vie\u0161but\u012f J\u016bs turite u\u017esakymo dien\u0105 ne v\u0117liau kaip Vie\u0161bu\u010dio nurodytu laiku. Atlaisvinti kambar\u012f ir i\u0161siregistruoti J\u016bs taip pat turite Vie\u0161bu\u010dio nurodytu laiku. Per Vie\u0161bu\u010dio nurodyt\u0105 termin\u0105 neatlaisvinus kambario arba nei\u0161siregistravus i\u0161 Vie\u0161bu\u010dio ir nesuderinus su Vie\u0161bu\u010diu v\u0117lyvo i\u0161vykimo s\u0105lyg\u0173, J\u016bs prival\u0117site sumok\u0117ti Vie\u0161bu\u010diui vienos paros Vie\u0161bu\u010dio kambario kain\u0105.<\/p>\n<p>Vie\u0161butis pabr\u0117\u017eia, kad at\u0161aukimo ir i\u0161ankstinio apmok\u0117jimo s\u0105lygos skiriasi priklausomai nuo J\u016bs\u0173 pasirinkto vie\u0161nag\u0117s tipo. D\u0117l to visa informacija apie Jums taikom\u0105 at\u0161aukimo ir i\u0161ankstinio apmok\u0117jimo politik\u0105 bus pateikiama Jums rezervuojant pageidaujam\u0105 vie\u0161nag\u0117s tip\u0105.<\/p>\n<h3><b>Atsiskaitymas<\/b><\/h3>\n<p>Atlikdami rezervacij\u0105 J\u016bs \u012fsipareigojate vie\u0161bu\u010dio nurodytomis s\u0105lygomis ir tvarka atsiskaityti su vie\u0161bu\u010diu u\u017e J\u016bs\u0173 u\u017esakytas arba Jums suteiktas prekes ir paslaugas bei atlyginti vie\u0161bu\u010diui padaryt\u0105 \u017eal\u0105 (pvz., u\u017e sugadint\u0105 inventori\u0173, at\u0161aukimo tvarkos pa\u017eeidimus, neatvykim\u0105 ir t. t.).<\/p>\n<h3><b>Papildomos paslaugos<\/b><\/h3>\n<p>Asmeniniai seifai, esantys kambariuose ir\/ar registrat\u016broje, yra nemokami. Vertingus asmeninius daiktus ir dokumentus patariame visuomet laikyti seife. Vie\u0161butis neatsako u\u017e kambaryje ir\/arba Vie\u0161bu\u010dio patalpose paliktus vertingus daiktus.<\/p>\n<p>Vie\u0161butis jokiais atvejais neatsako u\u017e J\u016bs\u0173 automobilio saugum\u0105, automobiliui padaryt\u0105 \u017eal\u0105, sugadinim\u0105 ir praradim\u0105, taip pat automobilyje palikt\u0173 daikt\u0173 saugum\u0105, j\u0173 apgadinim\u0105 ir\/arba praradim\u0105.<\/p>\n<p>Mini bare si\u016blomos prek\u0117s yra mokamos. U\u017e prekes, suvartotas i\u0161 kambaryje esan\u010dio mini baro, b\u016btina atsiskaityti Jums Vie\u0161bu\u010dio nurodoma tvarka.<\/p>\n<p>Informacija apie kitas Vie\u0161bu\u010dio paslaugas Jums gali b\u016bti suteikta Vie\u0161bu\u010dio registrat\u016broje arba susisiekus su Vie\u0161bu\u010diu.<\/p>\n<h3><b>R\u016bkymas kambariuose<\/b><\/h3>\n<p>Draud\u017eiama r\u016bkyti tam neskirtose Vie\u0161bu\u010dio patalpose bei ner\u016bkomuose kambariuose. Pa\u017eeidus \u0161\u012f draudim\u0105 J\u016bs prival\u0117site sumok\u0117ti Vie\u0161bu\u010dio nurodyt\u0105 baud\u0105, kuri yra laikoma minimaliais Vie\u0161bu\u010dio nuostoliais.<\/p>\n<h3><b>Atsakomyb\u0117<\/b><\/h3>\n<p>J\u016bs \u012fsipareigojate tinkamai ir pagal gamintojo nurodymus naudotis bet kokiais elektros prietaisais bei nepalikti j\u0173 \u012fjungt\u0173 be prie\u017ei\u016bros.<\/p>\n<p>J\u016bs atsakote u\u017e bet kokio vie\u0161butyje ar konkre\u010diame kambaryje esan\u010dio turto sugadinim\u0105 bei sunaikinim\u0105.<\/p>\n<p>J\u016bs atsakote u\u017e atvykimo dien\u0105 Jums perduot\u0173 rakt\u0173, korteli\u0173, \u012frengini\u0173 ar kito turto sugadinim\u0105 bei sunaikinim\u0105. J\u016bs \u012fsipareigojate gr\u0105\u017einti Vie\u0161bu\u010diui visus Jums perduotus raktus, korteles, \u012frenginius ar kit\u0105 turt\u0105 ne v\u0117liau kaip i\u0161vykimo dien\u0105, i\u0161siregistruojant i\u0161 Vie\u0161bu\u010dio. Laiku negr\u0105\u017einus perduoto turto, j\u012f sugadinus ar sunaikinus, J\u016bs bes\u0105lygi\u0161kai \u012fsipareigojate atlyginti Vie\u0161bu\u010diui padaryt\u0105 \u017eal\u0105.<\/p>\n<p>Naudodamiesi Vie\u0161bu\u010dio teikiama Wi-Fi interneto prieiga, J\u016bs \u012fsipareigojate nepa\u017eeisti Vie\u0161bu\u010dio ar tre\u010di\u0173j\u0173 asmen\u0173 intelektin\u0117s nuosavyb\u0117s teisi\u0173, nenaudoti interneto prieigos kenk\u0117ji\u0161kai ar bet kokiai kitokiai neteis\u0117tai veiklai.<\/p>\n<h3><b>Gin\u010d\u0173 nagrin\u0117jimas<\/b><\/h3>\n<p><span >Gin\u010dai d\u0117l sutarties netinkamo vykdymo ar nevykdymo ne teisme nagrin\u0117jami Lietuvos Respublikos vartotoj\u0173 teisi\u0173 apsaugos \u012fstatymo nustatyta tvarka Valstybin\u0117je vartotoj\u0173 teisi\u0173 apsaugos tarnyboje, adresu Vilniaus g. 25, 01402 Vilnius, el. p. tarnyba@vvtat.lt, tel. (8 5) 262 67 51, faks. (8 5) 279 1466, interneto svetain\u0117 <a href=\"http:\/\/www.vvtat.lt\">www.vvtat.lt<\/a>. Elektroniniu b\u016bdu pra\u0161ym\u0105 galite pateikti per EGS platform\u0105 <a href=\"http:\/\/ec.europa.eu\/odr\/\">http:\/\/ec.europa.eu\/odr\/<\/a>.<\/span><\/p>\n<p><span >Jeigu tur\u0117tum\u0117te skund\u0173 ar pretenzij\u0173 m\u016bs\u0173 vie\u0161bu\u010diui, juos taip pat galite pateikti m\u016bs\u0173 bendrovei \u0161i\u0173 s\u0105lyg\u0173 prad\u017eioje nurodytais kontaktiniais duomenimis.<\/span><\/p>\n<h3><b>Asmens duomen\u0173 apsauga<\/b><\/h3>\n<p><span >Kaip mes tvarkome J\u016bs\u0173 asmens duomenis galite su\u017einoti susipa\u017ein\u0119 su m\u016bs\u0173 privatumo politika, paspaud\u0119 nuorod\u0105 <a href=\"http:\/\/www.neringavilnius.com\/privatumo-politika\/\">www.neringavilnius.com\/privatumo-politika\/<\/a>.<\/span><\/p>\n<p><span >Jeigu tur\u0117site bet koki\u0173 klausim\u0173, pra\u0161ym\u0173 ar pretenzij\u0173, pra\u0161ome nedvejojant kreiptis \u012f mus.<\/span><\/p>\n","protected":false},"excerpt":{"rendered":"<p>Vie\u0161bu\u010do \u201eNeringa\u201c bendrosiois paslaug\u0173 teikimo s\u0105lygos \u0160ios bendrosios s\u0105lygos apibr\u0117\u017eia \u0161ali\u0173 teises ir pareigas u\u017esakant vie\u0161bu\u010dio \u201eNeringa\u201c (UAB \u201eNeringa Hotel\u201c, juridinio asmens kodas 302547380, adresas Gedimino pr. 23, 01103 Vilnius, telefonas +370 5212228, el. pa\u0161tas hotel@neringavilnius.com) teikiamas apgyvendinimo ir kitas susijusias paslaugas. Pra\u0161ome J\u016bs\u0173, kaip paslaugos gav\u0117jo, i\u0161samiai susipa\u017einti su \u017eemiau pateiktomis paslaug\u0173 teikimo s\u0105lygomis. [&hellip;]<\/p>\n","protected":false},"author":6,"featured_media":0,"parent":0,"menu_order":0,"comment_status":"closed","ping_status":"closed","template":"","meta":{"footnotes":""},"class_list":["post-814","page","type-page","status-publish","hentry"],"acf":[],"yoast_head":"<!-- This site is optimized with the Yoast SEO plugin v26.3 - https:\/\/yoast.com\/wordpress\/plugins\/seo\/ -->\n<title>Bendrosios s\u0105lygos - Neringa<\/title>\n<meta name=\"robots\" content=\"index, follow, max-snippet:-1, max-image-preview:large, max-video-preview:-1\" \/>\n<link rel=\"canonical\" href=\"https:\/\/neringavilnius.com\/lt\/bedrosios-salygos\/\" \/>\n<meta property=\"og:locale\" content=\"lt_LT\" \/>\n<meta property=\"og:type\" content=\"article\" \/>\n<meta property=\"og:title\" content=\"Bendrosios s\u0105lygos - Neringa\" \/>\n<meta property=\"og:description\" content=\"Vie\u0161bu\u010do \u201eNeringa\u201c bendrosiois paslaug\u0173 teikimo s\u0105lygos \u0160ios bendrosios s\u0105lygos apibr\u0117\u017eia \u0161ali\u0173 teises ir pareigas u\u017esakant vie\u0161bu\u010dio \u201eNeringa\u201c (UAB \u201eNeringa Hotel\u201c, juridinio asmens kodas 302547380, adresas Gedimino pr. 23, 01103 Vilnius, telefonas +370 5212228, el. pa\u0161tas hotel@neringavilnius.com) teikiamas apgyvendinimo ir kitas susijusias paslaugas. Pra\u0161ome J\u016bs\u0173, kaip paslaugos gav\u0117jo, i\u0161samiai susipa\u017einti su \u017eemiau pateiktomis paslaug\u0173 teikimo s\u0105lygomis. [&hellip;]\" \/>\n<meta property=\"og:url\" content=\"https:\/\/neringavilnius.com\/lt\/bedrosios-salygos\/\" \/>\n<meta property=\"og:site_name\" content=\"Neringa\" \/>\n<meta property=\"article:publisher\" content=\"https:\/\/www.facebook.com\/neringahotel\" \/>\n<meta property=\"article:modified_time\" content=\"2021-12-13T16:38:15+00:00\" \/>\n<script type=\"application\/ld+json\" class=\"yoast-schema-graph\">{\"@context\":\"https:\/\/schema.org\",\"@graph\":[{\"@type\":\"WebPage\",\"@id\":\"https:\/\/neringavilnius.com\/lt\/bedrosios-salygos\/\",\"url\":\"https:\/\/neringavilnius.com\/lt\/bedrosios-salygos\/\",\"name\":\"Bendrosios s\u0105lygos - Neringa\",\"isPartOf\":{\"@id\":\"https:\/\/neringavilnius.com\/#website\"},\"datePublished\":\"2021-11-15T15:46:16+00:00\",\"dateModified\":\"2021-12-13T16:38:15+00:00\",\"breadcrumb\":{\"@id\":\"https:\/\/neringavilnius.com\/lt\/bedrosios-salygos\/#breadcrumb\"},\"inLanguage\":\"lt-LT\",\"potentialAction\":[{\"@type\":\"ReadAction\",\"target\":[\"https:\/\/neringavilnius.com\/lt\/bedrosios-salygos\/\"]}]},{\"@type\":\"BreadcrumbList\",\"@id\":\"https:\/\/neringavilnius.com\/lt\/bedrosios-salygos\/#breadcrumb\",\"itemListElement\":[{\"@type\":\"ListItem\",\"position\":1,\"name\":\"Home\",\"item\":\"https:\/\/neringavilnius.com\/lt\/\"},{\"@type\":\"ListItem\",\"position\":2,\"name\":\"Bendrosios s\u0105lygos\"}]},{\"@type\":\"WebSite\",\"@id\":\"https:\/\/neringavilnius.com\/#website\",\"url\":\"https:\/\/neringavilnius.com\/\",\"name\":\"Neringa Vilnius\",\"description\":\"Legenda nuo 1959-\u0173j\u0173\",\"publisher\":{\"@id\":\"https:\/\/neringavilnius.com\/#organization\"},\"potentialAction\":[{\"@type\":\"SearchAction\",\"target\":{\"@type\":\"EntryPoint\",\"urlTemplate\":\"https:\/\/neringavilnius.com\/?s={search_term_string}\"},\"query-input\":{\"@type\":\"PropertyValueSpecification\",\"valueRequired\":true,\"valueName\":\"search_term_string\"}}],\"inLanguage\":\"lt-LT\"},{\"@type\":\"Organization\",\"@id\":\"https:\/\/neringavilnius.com\/#organization\",\"name\":\"Neringa Vilnius\",\"url\":\"https:\/\/neringavilnius.com\/\",\"logo\":{\"@type\":\"ImageObject\",\"inLanguage\":\"lt-LT\",\"@id\":\"https:\/\/neringavilnius.com\/#\/schema\/logo\/image\/\",\"url\":\"https:\/\/neringavilnius.com\/wp-content\/uploads\/2025\/05\/Neringa_Main_Symbol_Logo_Full_Color_RGB_1315px@300ppi.jpg\",\"contentUrl\":\"https:\/\/neringavilnius.com\/wp-content\/uploads\/2025\/05\/Neringa_Main_Symbol_Logo_Full_Color_RGB_1315px@300ppi.jpg\",\"width\":1315,\"height\":1927,\"caption\":\"Neringa Vilnius\"},\"image\":{\"@id\":\"https:\/\/neringavilnius.com\/#\/schema\/logo\/image\/\"},\"sameAs\":[\"https:\/\/www.facebook.com\/neringahotel\",\"https:\/\/www.instagram.com\/neringarestoranasirbarai\/\",\"https:\/\/www.instagram.com\/neringahotel\/\",\"https:\/\/www.linkedin.com\/company\/neringa-hotel\/\",\"https:\/\/www.facebook.com\/neringarestoranas\"]}]}<\/script>\n<!-- \/ Yoast SEO plugin. -->","yoast_head_json":{"title":"Bendrosios s\u0105lygos - Neringa","robots":{"index":"index","follow":"follow","max-snippet":"max-snippet:-1","max-image-preview":"max-image-preview:large","max-video-preview":"max-video-preview:-1"},"canonical":"https:\/\/neringavilnius.com\/lt\/bedrosios-salygos\/","og_locale":"lt_LT","og_type":"article","og_title":"Bendrosios s\u0105lygos - Neringa","og_description":"Vie\u0161bu\u010do \u201eNeringa\u201c bendrosiois paslaug\u0173 teikimo s\u0105lygos \u0160ios bendrosios s\u0105lygos apibr\u0117\u017eia \u0161ali\u0173 teises ir pareigas u\u017esakant vie\u0161bu\u010dio \u201eNeringa\u201c (UAB \u201eNeringa Hotel\u201c, juridinio asmens kodas 302547380, adresas Gedimino pr. 23, 01103 Vilnius, telefonas +370 5212228, el. pa\u0161tas hotel@neringavilnius.com) teikiamas apgyvendinimo ir kitas susijusias paslaugas. Pra\u0161ome J\u016bs\u0173, kaip paslaugos gav\u0117jo, i\u0161samiai susipa\u017einti su \u017eemiau pateiktomis paslaug\u0173 teikimo s\u0105lygomis. [&hellip;]","og_url":"https:\/\/neringavilnius.com\/lt\/bedrosios-salygos\/","og_site_name":"Neringa","article_publisher":"https:\/\/www.facebook.com\/neringahotel","article_modified_time":"2021-12-13T16:38:15+00:00","schema":{"@context":"https:\/\/schema.org","@graph":[{"@type":"WebPage","@id":"https:\/\/neringavilnius.com\/lt\/bedrosios-salygos\/","url":"https:\/\/neringavilnius.com\/lt\/bedrosios-salygos\/","name":"Bendrosios s\u0105lygos - Neringa","isPartOf":{"@id":"https:\/\/neringavilnius.com\/#website"},"datePublished":"2021-11-15T15:46:16+00:00","dateModified":"2021-12-13T16:38:15+00:00","breadcrumb":{"@id":"https:\/\/neringavilnius.com\/lt\/bedrosios-salygos\/#breadcrumb"},"inLanguage":"lt-LT","potentialAction":[{"@type":"ReadAction","target":["https:\/\/neringavilnius.com\/lt\/bedrosios-salygos\/"]}]},{"@type":"BreadcrumbList","@id":"https:\/\/neringavilnius.com\/lt\/bedrosios-salygos\/#breadcrumb","itemListElement":[{"@type":"ListItem","position":1,"name":"Home","item":"https:\/\/neringavilnius.com\/lt\/"},{"@type":"ListItem","position":2,"name":"Bendrosios s\u0105lygos"}]},{"@type":"WebSite","@id":"https:\/\/neringavilnius.com\/#website","url":"https:\/\/neringavilnius.com\/","name":"Neringa Vilnius","description":"Legenda nuo 1959-\u0173j\u0173","publisher":{"@id":"https:\/\/neringavilnius.com\/#organization"},"potentialAction":[{"@type":"SearchAction","target":{"@type":"EntryPoint","urlTemplate":"https:\/\/neringavilnius.com\/?s={search_term_string}"},"query-input":{"@type":"PropertyValueSpecification","valueRequired":true,"valueName":"search_term_string"}}],"inLanguage":"lt-LT"},{"@type":"Organization","@id":"https:\/\/neringavilnius.com\/#organization","name":"Neringa Vilnius","url":"https:\/\/neringavilnius.com\/","logo":{"@type":"ImageObject","inLanguage":"lt-LT","@id":"https:\/\/neringavilnius.com\/#\/schema\/logo\/image\/","url":"https:\/\/neringavilnius.com\/wp-content\/uploads\/2025\/05\/Neringa_Main_Symbol_Logo_Full_Color_RGB_1315px@300ppi.jpg","contentUrl":"https:\/\/neringavilnius.com\/wp-content\/uploads\/2025\/05\/Neringa_Main_Symbol_Logo_Full_Color_RGB_1315px@300ppi.jpg","width":1315,"height":1927,"caption":"Neringa Vilnius"},"image":{"@id":"https:\/\/neringavilnius.com\/#\/schema\/logo\/image\/"},"sameAs":["https:\/\/www.facebook.com\/neringahotel","https:\/\/www.instagram.com\/neringarestoranasirbarai\/","https:\/\/www.instagram.com\/neringahotel\/","https:\/\/www.linkedin.com\/company\/neringa-hotel\/","https:\/\/www.facebook.com\/neringarestoranas"]}]}},"_links":{"self":[{"href":"https:\/\/neringavilnius.com\/lt\/wp-json\/wp\/v2\/pages\/814","targetHints":{"allow":["GET"]}}],"collection":[{"href":"https:\/\/neringavilnius.com\/lt\/wp-json\/wp\/v2\/pages"}],"about":[{"href":"https:\/\/neringavilnius.com\/lt\/wp-json\/wp\/v2\/types\/page"}],"author":[{"embeddable":true,"href":"https:\/\/neringavilnius.com\/lt\/wp-json\/wp\/v2\/users\/6"}],"replies":[{"embeddable":true,"href":"https:\/\/neringavilnius.com\/lt\/wp-json\/wp\/v2\/comments?post=814"}],"version-history":[{"count":13,"href":"https:\/\/neringavilnius.com\/lt\/wp-json\/wp\/v2\/pages\/814\/revisions"}],"predecessor-version":[{"id":1037,"href":"https:\/\/neringavilnius.com\/lt\/wp-json\/wp\/v2\/pages\/814\/revisions\/1037"}],"wp:attachment":[{"href":"https:\/\/neringavilnius.com\/lt\/wp-json\/wp\/v2\/media?parent=814"}],"curies":[{"name":"wp","href":"https:\/\/api.w.org\/{rel}","templated":true}]}}