{"id":774,"date":"2021-10-27T09:26:14","date_gmt":"2021-10-27T09:26:14","guid":{"rendered":"http:\/\/neringavilnius.com\/restaurant\/"},"modified":"2025-10-20T12:18:19","modified_gmt":"2025-10-20T12:18:19","slug":"restoranas","status":"publish","type":"page","link":"https:\/\/neringavilnius.com\/lt\/restoranas\/","title":{"rendered":"Restoranas"},"content":{"rendered":"","protected":false},"excerpt":{"rendered":"","protected":false},"author":6,"featured_media":0,"parent":0,"menu_order":0,"comment_status":"closed","ping_status":"closed","template":"tp-restaurant.php","meta":{"footnotes":""},"class_list":["post-774","page","type-page","status-publish","hentry"],"acf":[],"yoast_head":"<!-- This site is optimized with the Yoast SEO plugin v26.3 - https:\/\/yoast.com\/wordpress\/plugins\/seo\/ -->\n<title>Restoranas Neringa - legendin\u0117 kavin\u0117 Vilniaus centre<\/title>\n<meta name=\"description\" content=\"Restoranas Neringa - vienas ry\u0161kiausi\u0173 XX am\u017eiaus lietuvi\u0161kos architekt\u016bros k\u016brini\u0173, savo dvasi\u0105, stili\u0173 ir interjer\u0105 i\u0161saugoj\u0119s iki \u0161i\u0173 dien\u0173.\" \/>\n<meta name=\"robots\" content=\"index, follow, max-snippet:-1, max-image-preview:large, max-video-preview:-1\" \/>\n<link rel=\"canonical\" href=\"https:\/\/neringavilnius.com\/lt\/restoranas\/\" \/>\n<meta property=\"og:locale\" content=\"lt_LT\" \/>\n<meta property=\"og:type\" content=\"article\" \/>\n<meta property=\"og:title\" content=\"Restoranas Neringa - legendin\u0117 kavin\u0117 Vilniaus centre\" \/>\n<meta property=\"og:description\" content=\"Restoranas Neringa - vienas ry\u0161kiausi\u0173 XX am\u017eiaus lietuvi\u0161kos architekt\u016bros k\u016brini\u0173, savo dvasi\u0105, stili\u0173 ir interjer\u0105 i\u0161saugoj\u0119s iki \u0161i\u0173 dien\u0173.\" \/>\n<meta property=\"og:url\" content=\"https:\/\/neringavilnius.com\/lt\/restoranas\/\" \/>\n<meta property=\"og:site_name\" content=\"Neringa\" \/>\n<meta property=\"article:publisher\" content=\"https:\/\/www.facebook.com\/neringahotel\" \/>\n<meta property=\"article:modified_time\" content=\"2025-10-20T12:18:19+00:00\" \/>\n<script type=\"application\/ld+json\" class=\"yoast-schema-graph\">{\"@context\":\"https:\/\/schema.org\",\"@graph\":[{\"@type\":\"WebPage\",\"@id\":\"https:\/\/neringavilnius.com\/lt\/restoranas\/\",\"url\":\"https:\/\/neringavilnius.com\/lt\/restoranas\/\",\"name\":\"Restoranas Neringa - legendin\u0117 kavin\u0117 Vilniaus centre\",\"isPartOf\":{\"@id\":\"https:\/\/neringavilnius.com\/#website\"},\"datePublished\":\"2021-10-27T09:26:14+00:00\",\"dateModified\":\"2025-10-20T12:18:19+00:00\",\"description\":\"Restoranas Neringa - vienas ry\u0161kiausi\u0173 XX am\u017eiaus lietuvi\u0161kos architekt\u016bros k\u016brini\u0173, savo dvasi\u0105, stili\u0173 ir interjer\u0105 i\u0161saugoj\u0119s iki \u0161i\u0173 dien\u0173.\",\"breadcrumb\":{\"@id\":\"https:\/\/neringavilnius.com\/lt\/restoranas\/#breadcrumb\"},\"inLanguage\":\"lt-LT\",\"potentialAction\":[{\"@type\":\"ReadAction\",\"target\":[\"https:\/\/neringavilnius.com\/lt\/restoranas\/\"]}]},{\"@type\":\"BreadcrumbList\",\"@id\":\"https:\/\/neringavilnius.com\/lt\/restoranas\/#breadcrumb\",\"itemListElement\":[{\"@type\":\"ListItem\",\"position\":1,\"name\":\"Home\",\"item\":\"https:\/\/neringavilnius.com\/lt\/\"},{\"@type\":\"ListItem\",\"position\":2,\"name\":\"Restoranas\"}]},{\"@type\":\"WebSite\",\"@id\":\"https:\/\/neringavilnius.com\/#website\",\"url\":\"https:\/\/neringavilnius.com\/\",\"name\":\"Neringa Vilnius\",\"description\":\"Legenda nuo 1959-\u0173j\u0173\",\"publisher\":{\"@id\":\"https:\/\/neringavilnius.com\/#organization\"},\"potentialAction\":[{\"@type\":\"SearchAction\",\"target\":{\"@type\":\"EntryPoint\",\"urlTemplate\":\"https:\/\/neringavilnius.com\/?s={search_term_string}\"},\"query-input\":{\"@type\":\"PropertyValueSpecification\",\"valueRequired\":true,\"valueName\":\"search_term_string\"}}],\"inLanguage\":\"lt-LT\"},{\"@type\":\"Organization\",\"@id\":\"https:\/\/neringavilnius.com\/#organization\",\"name\":\"Neringa Vilnius\",\"url\":\"https:\/\/neringavilnius.com\/\",\"logo\":{\"@type\":\"ImageObject\",\"inLanguage\":\"lt-LT\",\"@id\":\"https:\/\/neringavilnius.com\/#\/schema\/logo\/image\/\",\"url\":\"https:\/\/neringavilnius.com\/wp-content\/uploads\/2025\/05\/Neringa_Main_Symbol_Logo_Full_Color_RGB_1315px@300ppi.jpg\",\"contentUrl\":\"https:\/\/neringavilnius.com\/wp-content\/uploads\/2025\/05\/Neringa_Main_Symbol_Logo_Full_Color_RGB_1315px@300ppi.jpg\",\"width\":1315,\"height\":1927,\"caption\":\"Neringa Vilnius\"},\"image\":{\"@id\":\"https:\/\/neringavilnius.com\/#\/schema\/logo\/image\/\"},\"sameAs\":[\"https:\/\/www.facebook.com\/neringahotel\",\"https:\/\/www.instagram.com\/neringarestoranasirbarai\/\",\"https:\/\/www.instagram.com\/neringahotel\/\",\"https:\/\/www.linkedin.com\/company\/neringa-hotel\/\",\"https:\/\/www.facebook.com\/neringarestoranas\"]}]}<\/script>\n<!-- \/ Yoast SEO plugin. -->","yoast_head_json":{"title":"Restoranas Neringa - legendin\u0117 kavin\u0117 Vilniaus centre","description":"Restoranas Neringa - vienas ry\u0161kiausi\u0173 XX am\u017eiaus lietuvi\u0161kos architekt\u016bros k\u016brini\u0173, savo dvasi\u0105, stili\u0173 ir interjer\u0105 i\u0161saugoj\u0119s iki \u0161i\u0173 dien\u0173.","robots":{"index":"index","follow":"follow","max-snippet":"max-snippet:-1","max-image-preview":"max-image-preview:large","max-video-preview":"max-video-preview:-1"},"canonical":"https:\/\/neringavilnius.com\/lt\/restoranas\/","og_locale":"lt_LT","og_type":"article","og_title":"Restoranas Neringa - legendin\u0117 kavin\u0117 Vilniaus centre","og_description":"Restoranas Neringa - vienas ry\u0161kiausi\u0173 XX am\u017eiaus lietuvi\u0161kos architekt\u016bros k\u016brini\u0173, savo dvasi\u0105, stili\u0173 ir interjer\u0105 i\u0161saugoj\u0119s iki \u0161i\u0173 dien\u0173.","og_url":"https:\/\/neringavilnius.com\/lt\/restoranas\/","og_site_name":"Neringa","article_publisher":"https:\/\/www.facebook.com\/neringahotel","article_modified_time":"2025-10-20T12:18:19+00:00","schema":{"@context":"https:\/\/schema.org","@graph":[{"@type":"WebPage","@id":"https:\/\/neringavilnius.com\/lt\/restoranas\/","url":"https:\/\/neringavilnius.com\/lt\/restoranas\/","name":"Restoranas Neringa - legendin\u0117 kavin\u0117 Vilniaus centre","isPartOf":{"@id":"https:\/\/neringavilnius.com\/#website"},"datePublished":"2021-10-27T09:26:14+00:00","dateModified":"2025-10-20T12:18:19+00:00","description":"Restoranas Neringa - vienas ry\u0161kiausi\u0173 XX am\u017eiaus lietuvi\u0161kos architekt\u016bros k\u016brini\u0173, savo dvasi\u0105, stili\u0173 ir interjer\u0105 i\u0161saugoj\u0119s iki \u0161i\u0173 dien\u0173.","breadcrumb":{"@id":"https:\/\/neringavilnius.com\/lt\/restoranas\/#breadcrumb"},"inLanguage":"lt-LT","potentialAction":[{"@type":"ReadAction","target":["https:\/\/neringavilnius.com\/lt\/restoranas\/"]}]},{"@type":"BreadcrumbList","@id":"https:\/\/neringavilnius.com\/lt\/restoranas\/#breadcrumb","itemListElement":[{"@type":"ListItem","position":1,"name":"Home","item":"https:\/\/neringavilnius.com\/lt\/"},{"@type":"ListItem","position":2,"name":"Restoranas"}]},{"@type":"WebSite","@id":"https:\/\/neringavilnius.com\/#website","url":"https:\/\/neringavilnius.com\/","name":"Neringa Vilnius","description":"Legenda nuo 1959-\u0173j\u0173","publisher":{"@id":"https:\/\/neringavilnius.com\/#organization"},"potentialAction":[{"@type":"SearchAction","target":{"@type":"EntryPoint","urlTemplate":"https:\/\/neringavilnius.com\/?s={search_term_string}"},"query-input":{"@type":"PropertyValueSpecification","valueRequired":true,"valueName":"search_term_string"}}],"inLanguage":"lt-LT"},{"@type":"Organization","@id":"https:\/\/neringavilnius.com\/#organization","name":"Neringa Vilnius","url":"https:\/\/neringavilnius.com\/","logo":{"@type":"ImageObject","inLanguage":"lt-LT","@id":"https:\/\/neringavilnius.com\/#\/schema\/logo\/image\/","url":"https:\/\/neringavilnius.com\/wp-content\/uploads\/2025\/05\/Neringa_Main_Symbol_Logo_Full_Color_RGB_1315px@300ppi.jpg","contentUrl":"https:\/\/neringavilnius.com\/wp-content\/uploads\/2025\/05\/Neringa_Main_Symbol_Logo_Full_Color_RGB_1315px@300ppi.jpg","width":1315,"height":1927,"caption":"Neringa Vilnius"},"image":{"@id":"https:\/\/neringavilnius.com\/#\/schema\/logo\/image\/"},"sameAs":["https:\/\/www.facebook.com\/neringahotel","https:\/\/www.instagram.com\/neringarestoranasirbarai\/","https:\/\/www.instagram.com\/neringahotel\/","https:\/\/www.linkedin.com\/company\/neringa-hotel\/","https:\/\/www.facebook.com\/neringarestoranas"]}]}},"_links":{"self":[{"href":"https:\/\/neringavilnius.com\/lt\/wp-json\/wp\/v2\/pages\/774","targetHints":{"allow":["GET"]}}],"collection":[{"href":"https:\/\/neringavilnius.com\/lt\/wp-json\/wp\/v2\/pages"}],"about":[{"href":"https:\/\/neringavilnius.com\/lt\/wp-json\/wp\/v2\/types\/page"}],"author":[{"embeddable":true,"href":"https:\/\/neringavilnius.com\/lt\/wp-json\/wp\/v2\/users\/6"}],"replies":[{"embeddable":true,"href":"https:\/\/neringavilnius.com\/lt\/wp-json\/wp\/v2\/comments?post=774"}],"version-history":[{"count":72,"href":"https:\/\/neringavilnius.com\/lt\/wp-json\/wp\/v2\/pages\/774\/revisions"}],"predecessor-version":[{"id":2933,"href":"https:\/\/neringavilnius.com\/lt\/wp-json\/wp\/v2\/pages\/774\/revisions\/2933"}],"wp:attachment":[{"href":"https:\/\/neringavilnius.com\/lt\/wp-json\/wp\/v2\/media?parent=774"}],"curies":[{"name":"wp","href":"https:\/\/api.w.org\/{rel}","templated":true}]}}