{"id":770,"date":"2021-10-27T09:35:31","date_gmt":"2021-10-27T09:35:31","guid":{"rendered":"http:\/\/neringavilnius.com\/lobby-bar\/"},"modified":"2025-09-18T11:47:17","modified_gmt":"2025-09-18T11:47:17","slug":"lobby-baras","status":"publish","type":"page","link":"https:\/\/neringavilnius.com\/lt\/lobby-baras\/","title":{"rendered":"Lobby baras"},"content":{"rendered":"","protected":false},"excerpt":{"rendered":"","protected":false},"author":6,"featured_media":0,"parent":0,"menu_order":0,"comment_status":"closed","ping_status":"closed","template":"tp-lobbybar.php","meta":{"footnotes":""},"class_list":["post-770","page","type-page","status-publish","hentry"],"acf":[],"yoast_head":"<!-- This site is optimized with the Yoast SEO plugin v26.3 - https:\/\/yoast.com\/wordpress\/plugins\/seo\/ -->\n<title>Neringa Lobby baras - vie\u0161bu\u010dio baras susitikimams<\/title>\n<meta name=\"description\" content=\"Neringa Lobby baras - modernus vie\u0161bu\u010dio baras, kuriame galima paragauti vyno, suvalgyti desert\u0105, ar pakelti taur\u0119. Ne\u012fpareigojanti aplinka pulsuojanti gatv\u0117s \u0161urmulio ritmu.\" \/>\n<meta name=\"robots\" content=\"index, follow, max-snippet:-1, max-image-preview:large, max-video-preview:-1\" \/>\n<link rel=\"canonical\" href=\"https:\/\/neringavilnius.com\/lt\/lobby-baras\/\" \/>\n<meta property=\"og:locale\" content=\"lt_LT\" \/>\n<meta property=\"og:type\" content=\"article\" \/>\n<meta property=\"og:title\" content=\"Neringa Lobby baras - vie\u0161bu\u010dio baras susitikimams\" \/>\n<meta property=\"og:description\" content=\"Neringa Lobby baras - modernus vie\u0161bu\u010dio baras, kuriame galima paragauti vyno, suvalgyti desert\u0105, ar pakelti taur\u0119. Ne\u012fpareigojanti aplinka pulsuojanti gatv\u0117s \u0161urmulio ritmu.\" \/>\n<meta property=\"og:url\" content=\"https:\/\/neringavilnius.com\/lt\/lobby-baras\/\" \/>\n<meta property=\"og:site_name\" content=\"Neringa\" \/>\n<meta property=\"article:publisher\" content=\"https:\/\/www.facebook.com\/neringahotel\" \/>\n<meta property=\"article:modified_time\" content=\"2025-09-18T11:47:17+00:00\" \/>\n<script type=\"application\/ld+json\" class=\"yoast-schema-graph\">{\"@context\":\"https:\/\/schema.org\",\"@graph\":[{\"@type\":\"WebPage\",\"@id\":\"https:\/\/neringavilnius.com\/lt\/lobby-baras\/\",\"url\":\"https:\/\/neringavilnius.com\/lt\/lobby-baras\/\",\"name\":\"Neringa Lobby baras - vie\u0161bu\u010dio baras susitikimams\",\"isPartOf\":{\"@id\":\"https:\/\/neringavilnius.com\/#website\"},\"datePublished\":\"2021-10-27T09:35:31+00:00\",\"dateModified\":\"2025-09-18T11:47:17+00:00\",\"description\":\"Neringa Lobby baras - modernus vie\u0161bu\u010dio baras, kuriame galima paragauti vyno, suvalgyti desert\u0105, ar pakelti taur\u0119. Ne\u012fpareigojanti aplinka pulsuojanti gatv\u0117s \u0161urmulio ritmu.\",\"breadcrumb\":{\"@id\":\"https:\/\/neringavilnius.com\/lt\/lobby-baras\/#breadcrumb\"},\"inLanguage\":\"lt-LT\",\"potentialAction\":[{\"@type\":\"ReadAction\",\"target\":[\"https:\/\/neringavilnius.com\/lt\/lobby-baras\/\"]}]},{\"@type\":\"BreadcrumbList\",\"@id\":\"https:\/\/neringavilnius.com\/lt\/lobby-baras\/#breadcrumb\",\"itemListElement\":[{\"@type\":\"ListItem\",\"position\":1,\"name\":\"Home\",\"item\":\"https:\/\/neringavilnius.com\/lt\/\"},{\"@type\":\"ListItem\",\"position\":2,\"name\":\"Lobby baras\"}]},{\"@type\":\"WebSite\",\"@id\":\"https:\/\/neringavilnius.com\/#website\",\"url\":\"https:\/\/neringavilnius.com\/\",\"name\":\"Neringa Vilnius\",\"description\":\"Legenda nuo 1959-\u0173j\u0173\",\"publisher\":{\"@id\":\"https:\/\/neringavilnius.com\/#organization\"},\"potentialAction\":[{\"@type\":\"SearchAction\",\"target\":{\"@type\":\"EntryPoint\",\"urlTemplate\":\"https:\/\/neringavilnius.com\/?s={search_term_string}\"},\"query-input\":{\"@type\":\"PropertyValueSpecification\",\"valueRequired\":true,\"valueName\":\"search_term_string\"}}],\"inLanguage\":\"lt-LT\"},{\"@type\":\"Organization\",\"@id\":\"https:\/\/neringavilnius.com\/#organization\",\"name\":\"Neringa Vilnius\",\"url\":\"https:\/\/neringavilnius.com\/\",\"logo\":{\"@type\":\"ImageObject\",\"inLanguage\":\"lt-LT\",\"@id\":\"https:\/\/neringavilnius.com\/#\/schema\/logo\/image\/\",\"url\":\"https:\/\/neringavilnius.com\/wp-content\/uploads\/2025\/05\/Neringa_Main_Symbol_Logo_Full_Color_RGB_1315px@300ppi.jpg\",\"contentUrl\":\"https:\/\/neringavilnius.com\/wp-content\/uploads\/2025\/05\/Neringa_Main_Symbol_Logo_Full_Color_RGB_1315px@300ppi.jpg\",\"width\":1315,\"height\":1927,\"caption\":\"Neringa Vilnius\"},\"image\":{\"@id\":\"https:\/\/neringavilnius.com\/#\/schema\/logo\/image\/\"},\"sameAs\":[\"https:\/\/www.facebook.com\/neringahotel\",\"https:\/\/www.instagram.com\/neringarestoranasirbarai\/\",\"https:\/\/www.instagram.com\/neringahotel\/\",\"https:\/\/www.linkedin.com\/company\/neringa-hotel\/\",\"https:\/\/www.facebook.com\/neringarestoranas\"]}]}<\/script>\n<!-- \/ Yoast SEO plugin. -->","yoast_head_json":{"title":"Neringa Lobby baras - vie\u0161bu\u010dio baras susitikimams","description":"Neringa Lobby baras - modernus vie\u0161bu\u010dio baras, kuriame galima paragauti vyno, suvalgyti desert\u0105, ar pakelti taur\u0119. Ne\u012fpareigojanti aplinka pulsuojanti gatv\u0117s \u0161urmulio ritmu.","robots":{"index":"index","follow":"follow","max-snippet":"max-snippet:-1","max-image-preview":"max-image-preview:large","max-video-preview":"max-video-preview:-1"},"canonical":"https:\/\/neringavilnius.com\/lt\/lobby-baras\/","og_locale":"lt_LT","og_type":"article","og_title":"Neringa Lobby baras - vie\u0161bu\u010dio baras susitikimams","og_description":"Neringa Lobby baras - modernus vie\u0161bu\u010dio baras, kuriame galima paragauti vyno, suvalgyti desert\u0105, ar pakelti taur\u0119. Ne\u012fpareigojanti aplinka pulsuojanti gatv\u0117s \u0161urmulio ritmu.","og_url":"https:\/\/neringavilnius.com\/lt\/lobby-baras\/","og_site_name":"Neringa","article_publisher":"https:\/\/www.facebook.com\/neringahotel","article_modified_time":"2025-09-18T11:47:17+00:00","schema":{"@context":"https:\/\/schema.org","@graph":[{"@type":"WebPage","@id":"https:\/\/neringavilnius.com\/lt\/lobby-baras\/","url":"https:\/\/neringavilnius.com\/lt\/lobby-baras\/","name":"Neringa Lobby baras - vie\u0161bu\u010dio baras susitikimams","isPartOf":{"@id":"https:\/\/neringavilnius.com\/#website"},"datePublished":"2021-10-27T09:35:31+00:00","dateModified":"2025-09-18T11:47:17+00:00","description":"Neringa Lobby baras - modernus vie\u0161bu\u010dio baras, kuriame galima paragauti vyno, suvalgyti desert\u0105, ar pakelti taur\u0119. Ne\u012fpareigojanti aplinka pulsuojanti gatv\u0117s \u0161urmulio ritmu.","breadcrumb":{"@id":"https:\/\/neringavilnius.com\/lt\/lobby-baras\/#breadcrumb"},"inLanguage":"lt-LT","potentialAction":[{"@type":"ReadAction","target":["https:\/\/neringavilnius.com\/lt\/lobby-baras\/"]}]},{"@type":"BreadcrumbList","@id":"https:\/\/neringavilnius.com\/lt\/lobby-baras\/#breadcrumb","itemListElement":[{"@type":"ListItem","position":1,"name":"Home","item":"https:\/\/neringavilnius.com\/lt\/"},{"@type":"ListItem","position":2,"name":"Lobby baras"}]},{"@type":"WebSite","@id":"https:\/\/neringavilnius.com\/#website","url":"https:\/\/neringavilnius.com\/","name":"Neringa Vilnius","description":"Legenda nuo 1959-\u0173j\u0173","publisher":{"@id":"https:\/\/neringavilnius.com\/#organization"},"potentialAction":[{"@type":"SearchAction","target":{"@type":"EntryPoint","urlTemplate":"https:\/\/neringavilnius.com\/?s={search_term_string}"},"query-input":{"@type":"PropertyValueSpecification","valueRequired":true,"valueName":"search_term_string"}}],"inLanguage":"lt-LT"},{"@type":"Organization","@id":"https:\/\/neringavilnius.com\/#organization","name":"Neringa Vilnius","url":"https:\/\/neringavilnius.com\/","logo":{"@type":"ImageObject","inLanguage":"lt-LT","@id":"https:\/\/neringavilnius.com\/#\/schema\/logo\/image\/","url":"https:\/\/neringavilnius.com\/wp-content\/uploads\/2025\/05\/Neringa_Main_Symbol_Logo_Full_Color_RGB_1315px@300ppi.jpg","contentUrl":"https:\/\/neringavilnius.com\/wp-content\/uploads\/2025\/05\/Neringa_Main_Symbol_Logo_Full_Color_RGB_1315px@300ppi.jpg","width":1315,"height":1927,"caption":"Neringa Vilnius"},"image":{"@id":"https:\/\/neringavilnius.com\/#\/schema\/logo\/image\/"},"sameAs":["https:\/\/www.facebook.com\/neringahotel","https:\/\/www.instagram.com\/neringarestoranasirbarai\/","https:\/\/www.instagram.com\/neringahotel\/","https:\/\/www.linkedin.com\/company\/neringa-hotel\/","https:\/\/www.facebook.com\/neringarestoranas"]}]}},"_links":{"self":[{"href":"https:\/\/neringavilnius.com\/lt\/wp-json\/wp\/v2\/pages\/770","targetHints":{"allow":["GET"]}}],"collection":[{"href":"https:\/\/neringavilnius.com\/lt\/wp-json\/wp\/v2\/pages"}],"about":[{"href":"https:\/\/neringavilnius.com\/lt\/wp-json\/wp\/v2\/types\/page"}],"author":[{"embeddable":true,"href":"https:\/\/neringavilnius.com\/lt\/wp-json\/wp\/v2\/users\/6"}],"replies":[{"embeddable":true,"href":"https:\/\/neringavilnius.com\/lt\/wp-json\/wp\/v2\/comments?post=770"}],"version-history":[{"count":16,"href":"https:\/\/neringavilnius.com\/lt\/wp-json\/wp\/v2\/pages\/770\/revisions"}],"predecessor-version":[{"id":2713,"href":"https:\/\/neringavilnius.com\/lt\/wp-json\/wp\/v2\/pages\/770\/revisions\/2713"}],"wp:attachment":[{"href":"https:\/\/neringavilnius.com\/lt\/wp-json\/wp\/v2\/media?parent=770"}],"curies":[{"name":"wp","href":"https:\/\/api.w.org\/{rel}","templated":true}]}}