{"id":764,"date":"2021-10-27T09:22:45","date_gmt":"2021-10-27T09:22:45","guid":{"rendered":"http:\/\/neringavilnius.com\/viesbutis\/superior\/"},"modified":"2025-09-18T11:23:32","modified_gmt":"2025-09-18T11:23:32","slug":"verslo-klases-kambarys","status":"publish","type":"page","link":"https:\/\/neringavilnius.com\/lt\/viesbutis\/verslo-klases-kambarys\/","title":{"rendered":"Verslo klas\u0117s"},"content":{"rendered":"","protected":false},"excerpt":{"rendered":"","protected":false},"author":6,"featured_media":1621,"parent":568,"menu_order":2,"comment_status":"closed","ping_status":"closed","template":"tp-hotel_room.php","meta":{"footnotes":""},"class_list":["post-764","page","type-page","status-publish","has-post-thumbnail","hentry"],"acf":[],"yoast_head":"<!-- This site is optimized with the Yoast SEO plugin v26.3 - https:\/\/yoast.com\/wordpress\/plugins\/seo\/ -->\n<title>Neringa Hotel - vie\u0161butis su verslo klas\u0117s kambariais<\/title>\n<meta name=\"description\" content=\"Vie\u0161bu\u010dio verslo klas\u0117s kambariai turi pritaikytas darbo erdves, greitaeig\u012f WiFi, garso izoliacij\u0105 bei klimato kontrol\u0119. Vie\u0161butyje taip pat yra sporto sal\u0117 su vaizdu \u012f Gedimino pil\u012f.\" \/>\n<meta name=\"robots\" content=\"index, follow, max-snippet:-1, max-image-preview:large, max-video-preview:-1\" \/>\n<link rel=\"canonical\" href=\"https:\/\/neringavilnius.com\/lt\/viesbutis\/verslo-klases-kambarys\/\" \/>\n<meta property=\"og:locale\" content=\"lt_LT\" \/>\n<meta property=\"og:type\" content=\"article\" \/>\n<meta property=\"og:title\" content=\"Neringa Hotel - vie\u0161butis su verslo klas\u0117s kambariais\" \/>\n<meta property=\"og:description\" content=\"Vie\u0161bu\u010dio verslo klas\u0117s kambariai turi pritaikytas darbo erdves, greitaeig\u012f WiFi, garso izoliacij\u0105 bei klimato kontrol\u0119. Vie\u0161butyje taip pat yra sporto sal\u0117 su vaizdu \u012f Gedimino pil\u012f.\" \/>\n<meta property=\"og:url\" content=\"https:\/\/neringavilnius.com\/lt\/viesbutis\/verslo-klases-kambarys\/\" \/>\n<meta property=\"og:site_name\" content=\"Neringa\" \/>\n<meta property=\"article:publisher\" content=\"https:\/\/www.facebook.com\/neringahotel\" \/>\n<meta property=\"article:modified_time\" content=\"2025-09-18T11:23:32+00:00\" \/>\n<meta property=\"og:image\" content=\"https:\/\/neringavilnius.com\/wp-content\/uploads\/2022\/02\/Superior-double_1.jpg\" \/>\n\t<meta property=\"og:image:width\" content=\"1920\" \/>\n\t<meta property=\"og:image:height\" content=\"1281\" \/>\n\t<meta property=\"og:image:type\" content=\"image\/jpeg\" \/>\n<script type=\"application\/ld+json\" class=\"yoast-schema-graph\">{\"@context\":\"https:\/\/schema.org\",\"@graph\":[{\"@type\":\"WebPage\",\"@id\":\"https:\/\/neringavilnius.com\/lt\/viesbutis\/verslo-klases-kambarys\/\",\"url\":\"https:\/\/neringavilnius.com\/lt\/viesbutis\/verslo-klases-kambarys\/\",\"name\":\"Neringa Hotel - vie\u0161butis su verslo klas\u0117s kambariais\",\"isPartOf\":{\"@id\":\"https:\/\/neringavilnius.com\/#website\"},\"primaryImageOfPage\":{\"@id\":\"https:\/\/neringavilnius.com\/lt\/viesbutis\/verslo-klases-kambarys\/#primaryimage\"},\"image\":{\"@id\":\"https:\/\/neringavilnius.com\/lt\/viesbutis\/verslo-klases-kambarys\/#primaryimage\"},\"thumbnailUrl\":\"https:\/\/neringavilnius.com\/wp-content\/uploads\/2022\/02\/Superior-double_1.jpg\",\"datePublished\":\"2021-10-27T09:22:45+00:00\",\"dateModified\":\"2025-09-18T11:23:32+00:00\",\"description\":\"Vie\u0161bu\u010dio verslo klas\u0117s kambariai turi pritaikytas darbo erdves, greitaeig\u012f WiFi, garso izoliacij\u0105 bei klimato kontrol\u0119. Vie\u0161butyje taip pat yra sporto sal\u0117 su vaizdu \u012f Gedimino pil\u012f.\",\"breadcrumb\":{\"@id\":\"https:\/\/neringavilnius.com\/lt\/viesbutis\/verslo-klases-kambarys\/#breadcrumb\"},\"inLanguage\":\"lt-LT\",\"potentialAction\":[{\"@type\":\"ReadAction\",\"target\":[\"https:\/\/neringavilnius.com\/lt\/viesbutis\/verslo-klases-kambarys\/\"]}]},{\"@type\":\"ImageObject\",\"inLanguage\":\"lt-LT\",\"@id\":\"https:\/\/neringavilnius.com\/lt\/viesbutis\/verslo-klases-kambarys\/#primaryimage\",\"url\":\"https:\/\/neringavilnius.com\/wp-content\/uploads\/2022\/02\/Superior-double_1.jpg\",\"contentUrl\":\"https:\/\/neringavilnius.com\/wp-content\/uploads\/2022\/02\/Superior-double_1.jpg\",\"width\":1920,\"height\":1281,\"caption\":\"Verslo klas\u0117s kambarys - 4 \u017evaig\u017edu\u010di\u0173 vie\u0161butis Neringa\"},{\"@type\":\"BreadcrumbList\",\"@id\":\"https:\/\/neringavilnius.com\/lt\/viesbutis\/verslo-klases-kambarys\/#breadcrumb\",\"itemListElement\":[{\"@type\":\"ListItem\",\"position\":1,\"name\":\"Home\",\"item\":\"https:\/\/neringavilnius.com\/lt\/\"},{\"@type\":\"ListItem\",\"position\":2,\"name\":\"Vie\u0161butis\",\"item\":\"https:\/\/neringavilnius.com\/lt\/viesbutis\/\"},{\"@type\":\"ListItem\",\"position\":3,\"name\":\"Verslo klas\u0117s\"}]},{\"@type\":\"WebSite\",\"@id\":\"https:\/\/neringavilnius.com\/#website\",\"url\":\"https:\/\/neringavilnius.com\/\",\"name\":\"Neringa Vilnius\",\"description\":\"Legenda nuo 1959-\u0173j\u0173\",\"publisher\":{\"@id\":\"https:\/\/neringavilnius.com\/#organization\"},\"potentialAction\":[{\"@type\":\"SearchAction\",\"target\":{\"@type\":\"EntryPoint\",\"urlTemplate\":\"https:\/\/neringavilnius.com\/?s={search_term_string}\"},\"query-input\":{\"@type\":\"PropertyValueSpecification\",\"valueRequired\":true,\"valueName\":\"search_term_string\"}}],\"inLanguage\":\"lt-LT\"},{\"@type\":\"Organization\",\"@id\":\"https:\/\/neringavilnius.com\/#organization\",\"name\":\"Neringa Vilnius\",\"url\":\"https:\/\/neringavilnius.com\/\",\"logo\":{\"@type\":\"ImageObject\",\"inLanguage\":\"lt-LT\",\"@id\":\"https:\/\/neringavilnius.com\/#\/schema\/logo\/image\/\",\"url\":\"https:\/\/neringavilnius.com\/wp-content\/uploads\/2025\/05\/Neringa_Main_Symbol_Logo_Full_Color_RGB_1315px@300ppi.jpg\",\"contentUrl\":\"https:\/\/neringavilnius.com\/wp-content\/uploads\/2025\/05\/Neringa_Main_Symbol_Logo_Full_Color_RGB_1315px@300ppi.jpg\",\"width\":1315,\"height\":1927,\"caption\":\"Neringa Vilnius\"},\"image\":{\"@id\":\"https:\/\/neringavilnius.com\/#\/schema\/logo\/image\/\"},\"sameAs\":[\"https:\/\/www.facebook.com\/neringahotel\",\"https:\/\/www.instagram.com\/neringarestoranasirbarai\/\",\"https:\/\/www.instagram.com\/neringahotel\/\",\"https:\/\/www.linkedin.com\/company\/neringa-hotel\/\",\"https:\/\/www.facebook.com\/neringarestoranas\"]}]}<\/script>\n<!-- \/ Yoast SEO plugin. -->","yoast_head_json":{"title":"Neringa Hotel - vie\u0161butis su verslo klas\u0117s kambariais","description":"Vie\u0161bu\u010dio verslo klas\u0117s kambariai turi pritaikytas darbo erdves, greitaeig\u012f WiFi, garso izoliacij\u0105 bei klimato kontrol\u0119. Vie\u0161butyje taip pat yra sporto sal\u0117 su vaizdu \u012f Gedimino pil\u012f.","robots":{"index":"index","follow":"follow","max-snippet":"max-snippet:-1","max-image-preview":"max-image-preview:large","max-video-preview":"max-video-preview:-1"},"canonical":"https:\/\/neringavilnius.com\/lt\/viesbutis\/verslo-klases-kambarys\/","og_locale":"lt_LT","og_type":"article","og_title":"Neringa Hotel - vie\u0161butis su verslo klas\u0117s kambariais","og_description":"Vie\u0161bu\u010dio verslo klas\u0117s kambariai turi pritaikytas darbo erdves, greitaeig\u012f WiFi, garso izoliacij\u0105 bei klimato kontrol\u0119. Vie\u0161butyje taip pat yra sporto sal\u0117 su vaizdu \u012f Gedimino pil\u012f.","og_url":"https:\/\/neringavilnius.com\/lt\/viesbutis\/verslo-klases-kambarys\/","og_site_name":"Neringa","article_publisher":"https:\/\/www.facebook.com\/neringahotel","article_modified_time":"2025-09-18T11:23:32+00:00","og_image":[{"width":1920,"height":1281,"url":"https:\/\/neringavilnius.com\/wp-content\/uploads\/2022\/02\/Superior-double_1.jpg","type":"image\/jpeg"}],"schema":{"@context":"https:\/\/schema.org","@graph":[{"@type":"WebPage","@id":"https:\/\/neringavilnius.com\/lt\/viesbutis\/verslo-klases-kambarys\/","url":"https:\/\/neringavilnius.com\/lt\/viesbutis\/verslo-klases-kambarys\/","name":"Neringa Hotel - vie\u0161butis su verslo klas\u0117s kambariais","isPartOf":{"@id":"https:\/\/neringavilnius.com\/#website"},"primaryImageOfPage":{"@id":"https:\/\/neringavilnius.com\/lt\/viesbutis\/verslo-klases-kambarys\/#primaryimage"},"image":{"@id":"https:\/\/neringavilnius.com\/lt\/viesbutis\/verslo-klases-kambarys\/#primaryimage"},"thumbnailUrl":"https:\/\/neringavilnius.com\/wp-content\/uploads\/2022\/02\/Superior-double_1.jpg","datePublished":"2021-10-27T09:22:45+00:00","dateModified":"2025-09-18T11:23:32+00:00","description":"Vie\u0161bu\u010dio verslo klas\u0117s kambariai turi pritaikytas darbo erdves, greitaeig\u012f WiFi, garso izoliacij\u0105 bei klimato kontrol\u0119. Vie\u0161butyje taip pat yra sporto sal\u0117 su vaizdu \u012f Gedimino pil\u012f.","breadcrumb":{"@id":"https:\/\/neringavilnius.com\/lt\/viesbutis\/verslo-klases-kambarys\/#breadcrumb"},"inLanguage":"lt-LT","potentialAction":[{"@type":"ReadAction","target":["https:\/\/neringavilnius.com\/lt\/viesbutis\/verslo-klases-kambarys\/"]}]},{"@type":"ImageObject","inLanguage":"lt-LT","@id":"https:\/\/neringavilnius.com\/lt\/viesbutis\/verslo-klases-kambarys\/#primaryimage","url":"https:\/\/neringavilnius.com\/wp-content\/uploads\/2022\/02\/Superior-double_1.jpg","contentUrl":"https:\/\/neringavilnius.com\/wp-content\/uploads\/2022\/02\/Superior-double_1.jpg","width":1920,"height":1281,"caption":"Verslo klas\u0117s kambarys - 4 \u017evaig\u017edu\u010di\u0173 vie\u0161butis Neringa"},{"@type":"BreadcrumbList","@id":"https:\/\/neringavilnius.com\/lt\/viesbutis\/verslo-klases-kambarys\/#breadcrumb","itemListElement":[{"@type":"ListItem","position":1,"name":"Home","item":"https:\/\/neringavilnius.com\/lt\/"},{"@type":"ListItem","position":2,"name":"Vie\u0161butis","item":"https:\/\/neringavilnius.com\/lt\/viesbutis\/"},{"@type":"ListItem","position":3,"name":"Verslo klas\u0117s"}]},{"@type":"WebSite","@id":"https:\/\/neringavilnius.com\/#website","url":"https:\/\/neringavilnius.com\/","name":"Neringa Vilnius","description":"Legenda nuo 1959-\u0173j\u0173","publisher":{"@id":"https:\/\/neringavilnius.com\/#organization"},"potentialAction":[{"@type":"SearchAction","target":{"@type":"EntryPoint","urlTemplate":"https:\/\/neringavilnius.com\/?s={search_term_string}"},"query-input":{"@type":"PropertyValueSpecification","valueRequired":true,"valueName":"search_term_string"}}],"inLanguage":"lt-LT"},{"@type":"Organization","@id":"https:\/\/neringavilnius.com\/#organization","name":"Neringa Vilnius","url":"https:\/\/neringavilnius.com\/","logo":{"@type":"ImageObject","inLanguage":"lt-LT","@id":"https:\/\/neringavilnius.com\/#\/schema\/logo\/image\/","url":"https:\/\/neringavilnius.com\/wp-content\/uploads\/2025\/05\/Neringa_Main_Symbol_Logo_Full_Color_RGB_1315px@300ppi.jpg","contentUrl":"https:\/\/neringavilnius.com\/wp-content\/uploads\/2025\/05\/Neringa_Main_Symbol_Logo_Full_Color_RGB_1315px@300ppi.jpg","width":1315,"height":1927,"caption":"Neringa Vilnius"},"image":{"@id":"https:\/\/neringavilnius.com\/#\/schema\/logo\/image\/"},"sameAs":["https:\/\/www.facebook.com\/neringahotel","https:\/\/www.instagram.com\/neringarestoranasirbarai\/","https:\/\/www.instagram.com\/neringahotel\/","https:\/\/www.linkedin.com\/company\/neringa-hotel\/","https:\/\/www.facebook.com\/neringarestoranas"]}]}},"_links":{"self":[{"href":"https:\/\/neringavilnius.com\/lt\/wp-json\/wp\/v2\/pages\/764","targetHints":{"allow":["GET"]}}],"collection":[{"href":"https:\/\/neringavilnius.com\/lt\/wp-json\/wp\/v2\/pages"}],"about":[{"href":"https:\/\/neringavilnius.com\/lt\/wp-json\/wp\/v2\/types\/page"}],"author":[{"embeddable":true,"href":"https:\/\/neringavilnius.com\/lt\/wp-json\/wp\/v2\/users\/6"}],"replies":[{"embeddable":true,"href":"https:\/\/neringavilnius.com\/lt\/wp-json\/wp\/v2\/comments?post=764"}],"version-history":[{"count":15,"href":"https:\/\/neringavilnius.com\/lt\/wp-json\/wp\/v2\/pages\/764\/revisions"}],"predecessor-version":[{"id":2695,"href":"https:\/\/neringavilnius.com\/lt\/wp-json\/wp\/v2\/pages\/764\/revisions\/2695"}],"up":[{"embeddable":true,"href":"https:\/\/neringavilnius.com\/lt\/wp-json\/wp\/v2\/pages\/568"}],"wp:featuredmedia":[{"embeddable":true,"href":"https:\/\/neringavilnius.com\/lt\/wp-json\/wp\/v2\/media\/1621"}],"wp:attachment":[{"href":"https:\/\/neringavilnius.com\/lt\/wp-json\/wp\/v2\/media?parent=764"}],"curies":[{"name":"wp","href":"https:\/\/api.w.org\/{rel}","templated":true}]}}