{"id":760,"date":"2021-11-03T13:24:18","date_gmt":"2021-11-03T13:24:18","guid":{"rendered":"http:\/\/neringavilnius.com\/hotel\/suite\/"},"modified":"2025-09-18T11:23:45","modified_gmt":"2025-09-18T11:23:45","slug":"apartamentai","status":"publish","type":"page","link":"https:\/\/neringavilnius.com\/lt\/viesbutis\/apartamentai\/","title":{"rendered":"Apartamentai"},"content":{"rendered":"","protected":false},"excerpt":{"rendered":"","protected":false},"author":6,"featured_media":1971,"parent":568,"menu_order":4,"comment_status":"closed","ping_status":"closed","template":"tp-hotel_room.php","meta":{"footnotes":""},"class_list":["post-760","page","type-page","status-publish","has-post-thumbnail","hentry"],"acf":[],"yoast_head":"<!-- This site is optimized with the Yoast SEO plugin v26.3 - https:\/\/yoast.com\/wordpress\/plugins\/seo\/ -->\n<title>Prabang\u016bs apartamentai vie\u0161butyje Neringa Hotel<\/title>\n<meta name=\"description\" content=\"Itin erdv\u016bs apartamentai su pra\u0161matniu miegamuoju prabang\u0105 vertinantiems sve\u010diams. Karali\u0161ko dyd\u017eio lova, atskira svetain\u0117, jaukus ap\u0161vietimas bei visi kiti premium patogumai prabangiame vie\u0161butyje Vilniuje\" \/>\n<meta name=\"robots\" content=\"index, follow, max-snippet:-1, max-image-preview:large, max-video-preview:-1\" \/>\n<link rel=\"canonical\" href=\"https:\/\/neringavilnius.com\/lt\/viesbutis\/apartamentai\/\" \/>\n<meta property=\"og:locale\" content=\"lt_LT\" \/>\n<meta property=\"og:type\" content=\"article\" \/>\n<meta property=\"og:title\" content=\"Prabang\u016bs apartamentai vie\u0161butyje Neringa Hotel\" \/>\n<meta property=\"og:description\" content=\"Itin erdv\u016bs apartamentai su pra\u0161matniu miegamuoju prabang\u0105 vertinantiems sve\u010diams. Karali\u0161ko dyd\u017eio lova, atskira svetain\u0117, jaukus ap\u0161vietimas bei visi kiti premium patogumai prabangiame vie\u0161butyje Vilniuje\" \/>\n<meta property=\"og:url\" content=\"https:\/\/neringavilnius.com\/lt\/viesbutis\/apartamentai\/\" \/>\n<meta property=\"og:site_name\" content=\"Neringa\" \/>\n<meta property=\"article:publisher\" content=\"https:\/\/www.facebook.com\/neringahotel\" \/>\n<meta property=\"article:modified_time\" content=\"2025-09-18T11:23:45+00:00\" \/>\n<meta property=\"og:image\" content=\"https:\/\/neringavilnius.com\/wp-content\/uploads\/2023\/12\/Suite_508_living-room_1.jpg\" \/>\n\t<meta property=\"og:image:width\" content=\"1920\" \/>\n\t<meta property=\"og:image:height\" content=\"1281\" \/>\n\t<meta property=\"og:image:type\" content=\"image\/jpeg\" \/>\n<script type=\"application\/ld+json\" class=\"yoast-schema-graph\">{\"@context\":\"https:\/\/schema.org\",\"@graph\":[{\"@type\":\"WebPage\",\"@id\":\"https:\/\/neringavilnius.com\/lt\/viesbutis\/apartamentai\/\",\"url\":\"https:\/\/neringavilnius.com\/lt\/viesbutis\/apartamentai\/\",\"name\":\"Prabang\u016bs apartamentai vie\u0161butyje Neringa Hotel\",\"isPartOf\":{\"@id\":\"https:\/\/neringavilnius.com\/#website\"},\"primaryImageOfPage\":{\"@id\":\"https:\/\/neringavilnius.com\/lt\/viesbutis\/apartamentai\/#primaryimage\"},\"image\":{\"@id\":\"https:\/\/neringavilnius.com\/lt\/viesbutis\/apartamentai\/#primaryimage\"},\"thumbnailUrl\":\"https:\/\/neringavilnius.com\/wp-content\/uploads\/2023\/12\/Suite_508_living-room_1.jpg\",\"datePublished\":\"2021-11-03T13:24:18+00:00\",\"dateModified\":\"2025-09-18T11:23:45+00:00\",\"description\":\"Itin erdv\u016bs apartamentai su pra\u0161matniu miegamuoju prabang\u0105 vertinantiems sve\u010diams. Karali\u0161ko dyd\u017eio lova, atskira svetain\u0117, jaukus ap\u0161vietimas bei visi kiti premium patogumai prabangiame vie\u0161butyje Vilniuje\",\"breadcrumb\":{\"@id\":\"https:\/\/neringavilnius.com\/lt\/viesbutis\/apartamentai\/#breadcrumb\"},\"inLanguage\":\"lt-LT\",\"potentialAction\":[{\"@type\":\"ReadAction\",\"target\":[\"https:\/\/neringavilnius.com\/lt\/viesbutis\/apartamentai\/\"]}]},{\"@type\":\"ImageObject\",\"inLanguage\":\"lt-LT\",\"@id\":\"https:\/\/neringavilnius.com\/lt\/viesbutis\/apartamentai\/#primaryimage\",\"url\":\"https:\/\/neringavilnius.com\/wp-content\/uploads\/2023\/12\/Suite_508_living-room_1.jpg\",\"contentUrl\":\"https:\/\/neringavilnius.com\/wp-content\/uploads\/2023\/12\/Suite_508_living-room_1.jpg\",\"width\":1920,\"height\":1281,\"caption\":\"Neringa Hotel kambarys\"},{\"@type\":\"BreadcrumbList\",\"@id\":\"https:\/\/neringavilnius.com\/lt\/viesbutis\/apartamentai\/#breadcrumb\",\"itemListElement\":[{\"@type\":\"ListItem\",\"position\":1,\"name\":\"Home\",\"item\":\"https:\/\/neringavilnius.com\/lt\/\"},{\"@type\":\"ListItem\",\"position\":2,\"name\":\"Vie\u0161butis\",\"item\":\"https:\/\/neringavilnius.com\/lt\/viesbutis\/\"},{\"@type\":\"ListItem\",\"position\":3,\"name\":\"Apartamentai\"}]},{\"@type\":\"WebSite\",\"@id\":\"https:\/\/neringavilnius.com\/#website\",\"url\":\"https:\/\/neringavilnius.com\/\",\"name\":\"Neringa Vilnius\",\"description\":\"Legenda nuo 1959-\u0173j\u0173\",\"publisher\":{\"@id\":\"https:\/\/neringavilnius.com\/#organization\"},\"potentialAction\":[{\"@type\":\"SearchAction\",\"target\":{\"@type\":\"EntryPoint\",\"urlTemplate\":\"https:\/\/neringavilnius.com\/?s={search_term_string}\"},\"query-input\":{\"@type\":\"PropertyValueSpecification\",\"valueRequired\":true,\"valueName\":\"search_term_string\"}}],\"inLanguage\":\"lt-LT\"},{\"@type\":\"Organization\",\"@id\":\"https:\/\/neringavilnius.com\/#organization\",\"name\":\"Neringa Vilnius\",\"url\":\"https:\/\/neringavilnius.com\/\",\"logo\":{\"@type\":\"ImageObject\",\"inLanguage\":\"lt-LT\",\"@id\":\"https:\/\/neringavilnius.com\/#\/schema\/logo\/image\/\",\"url\":\"https:\/\/neringavilnius.com\/wp-content\/uploads\/2025\/05\/Neringa_Main_Symbol_Logo_Full_Color_RGB_1315px@300ppi.jpg\",\"contentUrl\":\"https:\/\/neringavilnius.com\/wp-content\/uploads\/2025\/05\/Neringa_Main_Symbol_Logo_Full_Color_RGB_1315px@300ppi.jpg\",\"width\":1315,\"height\":1927,\"caption\":\"Neringa Vilnius\"},\"image\":{\"@id\":\"https:\/\/neringavilnius.com\/#\/schema\/logo\/image\/\"},\"sameAs\":[\"https:\/\/www.facebook.com\/neringahotel\",\"https:\/\/www.instagram.com\/neringarestoranasirbarai\/\",\"https:\/\/www.instagram.com\/neringahotel\/\",\"https:\/\/www.linkedin.com\/company\/neringa-hotel\/\",\"https:\/\/www.facebook.com\/neringarestoranas\"]}]}<\/script>\n<!-- \/ Yoast SEO plugin. -->","yoast_head_json":{"title":"Prabang\u016bs apartamentai vie\u0161butyje Neringa Hotel","description":"Itin erdv\u016bs apartamentai su pra\u0161matniu miegamuoju prabang\u0105 vertinantiems sve\u010diams. Karali\u0161ko dyd\u017eio lova, atskira svetain\u0117, jaukus ap\u0161vietimas bei visi kiti premium patogumai prabangiame vie\u0161butyje Vilniuje","robots":{"index":"index","follow":"follow","max-snippet":"max-snippet:-1","max-image-preview":"max-image-preview:large","max-video-preview":"max-video-preview:-1"},"canonical":"https:\/\/neringavilnius.com\/lt\/viesbutis\/apartamentai\/","og_locale":"lt_LT","og_type":"article","og_title":"Prabang\u016bs apartamentai vie\u0161butyje Neringa Hotel","og_description":"Itin erdv\u016bs apartamentai su pra\u0161matniu miegamuoju prabang\u0105 vertinantiems sve\u010diams. Karali\u0161ko dyd\u017eio lova, atskira svetain\u0117, jaukus ap\u0161vietimas bei visi kiti premium patogumai prabangiame vie\u0161butyje Vilniuje","og_url":"https:\/\/neringavilnius.com\/lt\/viesbutis\/apartamentai\/","og_site_name":"Neringa","article_publisher":"https:\/\/www.facebook.com\/neringahotel","article_modified_time":"2025-09-18T11:23:45+00:00","og_image":[{"width":1920,"height":1281,"url":"https:\/\/neringavilnius.com\/wp-content\/uploads\/2023\/12\/Suite_508_living-room_1.jpg","type":"image\/jpeg"}],"schema":{"@context":"https:\/\/schema.org","@graph":[{"@type":"WebPage","@id":"https:\/\/neringavilnius.com\/lt\/viesbutis\/apartamentai\/","url":"https:\/\/neringavilnius.com\/lt\/viesbutis\/apartamentai\/","name":"Prabang\u016bs apartamentai vie\u0161butyje Neringa Hotel","isPartOf":{"@id":"https:\/\/neringavilnius.com\/#website"},"primaryImageOfPage":{"@id":"https:\/\/neringavilnius.com\/lt\/viesbutis\/apartamentai\/#primaryimage"},"image":{"@id":"https:\/\/neringavilnius.com\/lt\/viesbutis\/apartamentai\/#primaryimage"},"thumbnailUrl":"https:\/\/neringavilnius.com\/wp-content\/uploads\/2023\/12\/Suite_508_living-room_1.jpg","datePublished":"2021-11-03T13:24:18+00:00","dateModified":"2025-09-18T11:23:45+00:00","description":"Itin erdv\u016bs apartamentai su pra\u0161matniu miegamuoju prabang\u0105 vertinantiems sve\u010diams. Karali\u0161ko dyd\u017eio lova, atskira svetain\u0117, jaukus ap\u0161vietimas bei visi kiti premium patogumai prabangiame vie\u0161butyje Vilniuje","breadcrumb":{"@id":"https:\/\/neringavilnius.com\/lt\/viesbutis\/apartamentai\/#breadcrumb"},"inLanguage":"lt-LT","potentialAction":[{"@type":"ReadAction","target":["https:\/\/neringavilnius.com\/lt\/viesbutis\/apartamentai\/"]}]},{"@type":"ImageObject","inLanguage":"lt-LT","@id":"https:\/\/neringavilnius.com\/lt\/viesbutis\/apartamentai\/#primaryimage","url":"https:\/\/neringavilnius.com\/wp-content\/uploads\/2023\/12\/Suite_508_living-room_1.jpg","contentUrl":"https:\/\/neringavilnius.com\/wp-content\/uploads\/2023\/12\/Suite_508_living-room_1.jpg","width":1920,"height":1281,"caption":"Neringa Hotel kambarys"},{"@type":"BreadcrumbList","@id":"https:\/\/neringavilnius.com\/lt\/viesbutis\/apartamentai\/#breadcrumb","itemListElement":[{"@type":"ListItem","position":1,"name":"Home","item":"https:\/\/neringavilnius.com\/lt\/"},{"@type":"ListItem","position":2,"name":"Vie\u0161butis","item":"https:\/\/neringavilnius.com\/lt\/viesbutis\/"},{"@type":"ListItem","position":3,"name":"Apartamentai"}]},{"@type":"WebSite","@id":"https:\/\/neringavilnius.com\/#website","url":"https:\/\/neringavilnius.com\/","name":"Neringa Vilnius","description":"Legenda nuo 1959-\u0173j\u0173","publisher":{"@id":"https:\/\/neringavilnius.com\/#organization"},"potentialAction":[{"@type":"SearchAction","target":{"@type":"EntryPoint","urlTemplate":"https:\/\/neringavilnius.com\/?s={search_term_string}"},"query-input":{"@type":"PropertyValueSpecification","valueRequired":true,"valueName":"search_term_string"}}],"inLanguage":"lt-LT"},{"@type":"Organization","@id":"https:\/\/neringavilnius.com\/#organization","name":"Neringa Vilnius","url":"https:\/\/neringavilnius.com\/","logo":{"@type":"ImageObject","inLanguage":"lt-LT","@id":"https:\/\/neringavilnius.com\/#\/schema\/logo\/image\/","url":"https:\/\/neringavilnius.com\/wp-content\/uploads\/2025\/05\/Neringa_Main_Symbol_Logo_Full_Color_RGB_1315px@300ppi.jpg","contentUrl":"https:\/\/neringavilnius.com\/wp-content\/uploads\/2025\/05\/Neringa_Main_Symbol_Logo_Full_Color_RGB_1315px@300ppi.jpg","width":1315,"height":1927,"caption":"Neringa Vilnius"},"image":{"@id":"https:\/\/neringavilnius.com\/#\/schema\/logo\/image\/"},"sameAs":["https:\/\/www.facebook.com\/neringahotel","https:\/\/www.instagram.com\/neringarestoranasirbarai\/","https:\/\/www.instagram.com\/neringahotel\/","https:\/\/www.linkedin.com\/company\/neringa-hotel\/","https:\/\/www.facebook.com\/neringarestoranas"]}]}},"_links":{"self":[{"href":"https:\/\/neringavilnius.com\/lt\/wp-json\/wp\/v2\/pages\/760","targetHints":{"allow":["GET"]}}],"collection":[{"href":"https:\/\/neringavilnius.com\/lt\/wp-json\/wp\/v2\/pages"}],"about":[{"href":"https:\/\/neringavilnius.com\/lt\/wp-json\/wp\/v2\/types\/page"}],"author":[{"embeddable":true,"href":"https:\/\/neringavilnius.com\/lt\/wp-json\/wp\/v2\/users\/6"}],"replies":[{"embeddable":true,"href":"https:\/\/neringavilnius.com\/lt\/wp-json\/wp\/v2\/comments?post=760"}],"version-history":[{"count":10,"href":"https:\/\/neringavilnius.com\/lt\/wp-json\/wp\/v2\/pages\/760\/revisions"}],"predecessor-version":[{"id":2696,"href":"https:\/\/neringavilnius.com\/lt\/wp-json\/wp\/v2\/pages\/760\/revisions\/2696"}],"up":[{"embeddable":true,"href":"https:\/\/neringavilnius.com\/lt\/wp-json\/wp\/v2\/pages\/568"}],"wp:featuredmedia":[{"embeddable":true,"href":"https:\/\/neringavilnius.com\/lt\/wp-json\/wp\/v2\/media\/1971"}],"wp:attachment":[{"href":"https:\/\/neringavilnius.com\/lt\/wp-json\/wp\/v2\/media?parent=760"}],"curies":[{"name":"wp","href":"https:\/\/api.w.org\/{rel}","templated":true}]}}