{"id":756,"date":"2021-11-03T13:24:41","date_gmt":"2021-11-03T13:24:41","guid":{"rendered":"http:\/\/neringavilnius.com\/hotel\/studio-apartment\/"},"modified":"2025-09-18T11:23:50","modified_gmt":"2025-09-18T11:23:50","slug":"studio-apartment","status":"publish","type":"page","link":"https:\/\/neringavilnius.com\/lt\/viesbutis\/studio-apartment\/","title":{"rendered":"Studija-apartamentai"},"content":{"rendered":"","protected":false},"excerpt":{"rendered":"","protected":false},"author":6,"featured_media":2328,"parent":568,"menu_order":5,"comment_status":"closed","ping_status":"closed","template":"tp-hotel_room.php","meta":{"footnotes":""},"class_list":["post-756","page","type-page","status-publish","has-post-thumbnail","hentry"],"acf":[],"yoast_head":"<!-- This site is optimized with the Yoast SEO plugin v26.3 - https:\/\/yoast.com\/wordpress\/plugins\/seo\/ -->\n<title>Studija-apartamentai 4 \u017evaig\u017edu\u010di\u0173 vie\u0161butyje Neringa<\/title>\n<meta name=\"description\" content=\"Erdv\u016bs apartamentai turi atskirt\u0105 miegamojo erdv\u0119 bei svetain\u0119 su mini virtuv\u0117le. Puikiai tinka patogiam apsistojimui su \u0161eima ar ilgesnei vie\u0161nagei 4 \u017evaig\u017edu\u010di\u0173 vie\u0161butyje Vilniuje\" \/>\n<meta name=\"robots\" content=\"index, follow, max-snippet:-1, max-image-preview:large, max-video-preview:-1\" \/>\n<link rel=\"canonical\" href=\"https:\/\/neringavilnius.com\/lt\/viesbutis\/studio-apartment\/\" \/>\n<meta property=\"og:locale\" content=\"lt_LT\" \/>\n<meta property=\"og:type\" content=\"article\" \/>\n<meta property=\"og:title\" content=\"Studija-apartamentai 4 \u017evaig\u017edu\u010di\u0173 vie\u0161butyje Neringa\" \/>\n<meta property=\"og:description\" content=\"Erdv\u016bs apartamentai turi atskirt\u0105 miegamojo erdv\u0119 bei svetain\u0119 su mini virtuv\u0117le. Puikiai tinka patogiam apsistojimui su \u0161eima ar ilgesnei vie\u0161nagei 4 \u017evaig\u017edu\u010di\u0173 vie\u0161butyje Vilniuje\" \/>\n<meta property=\"og:url\" content=\"https:\/\/neringavilnius.com\/lt\/viesbutis\/studio-apartment\/\" \/>\n<meta property=\"og:site_name\" content=\"Neringa\" \/>\n<meta property=\"article:publisher\" content=\"https:\/\/www.facebook.com\/neringahotel\" \/>\n<meta property=\"article:modified_time\" content=\"2025-09-18T11:23:50+00:00\" \/>\n<meta property=\"og:image\" content=\"https:\/\/neringavilnius.com\/wp-content\/uploads\/2024\/08\/Neringa-\u00a9Norbert-Tukaj-2803-scaled.jpg\" \/>\n\t<meta property=\"og:image:width\" content=\"2560\" \/>\n\t<meta property=\"og:image:height\" content=\"1708\" \/>\n\t<meta property=\"og:image:type\" content=\"image\/jpeg\" \/>\n<script type=\"application\/ld+json\" class=\"yoast-schema-graph\">{\"@context\":\"https:\/\/schema.org\",\"@graph\":[{\"@type\":\"WebPage\",\"@id\":\"https:\/\/neringavilnius.com\/lt\/viesbutis\/studio-apartment\/\",\"url\":\"https:\/\/neringavilnius.com\/lt\/viesbutis\/studio-apartment\/\",\"name\":\"Studija-apartamentai 4 \u017evaig\u017edu\u010di\u0173 vie\u0161butyje Neringa\",\"isPartOf\":{\"@id\":\"https:\/\/neringavilnius.com\/#website\"},\"primaryImageOfPage\":{\"@id\":\"https:\/\/neringavilnius.com\/lt\/viesbutis\/studio-apartment\/#primaryimage\"},\"image\":{\"@id\":\"https:\/\/neringavilnius.com\/lt\/viesbutis\/studio-apartment\/#primaryimage\"},\"thumbnailUrl\":\"https:\/\/neringavilnius.com\/wp-content\/uploads\/2024\/08\/Neringa-\u00a9Norbert-Tukaj-2803-scaled.jpg\",\"datePublished\":\"2021-11-03T13:24:41+00:00\",\"dateModified\":\"2025-09-18T11:23:50+00:00\",\"description\":\"Erdv\u016bs apartamentai turi atskirt\u0105 miegamojo erdv\u0119 bei svetain\u0119 su mini virtuv\u0117le. Puikiai tinka patogiam apsistojimui su \u0161eima ar ilgesnei vie\u0161nagei 4 \u017evaig\u017edu\u010di\u0173 vie\u0161butyje Vilniuje\",\"breadcrumb\":{\"@id\":\"https:\/\/neringavilnius.com\/lt\/viesbutis\/studio-apartment\/#breadcrumb\"},\"inLanguage\":\"lt-LT\",\"potentialAction\":[{\"@type\":\"ReadAction\",\"target\":[\"https:\/\/neringavilnius.com\/lt\/viesbutis\/studio-apartment\/\"]}]},{\"@type\":\"ImageObject\",\"inLanguage\":\"lt-LT\",\"@id\":\"https:\/\/neringavilnius.com\/lt\/viesbutis\/studio-apartment\/#primaryimage\",\"url\":\"https:\/\/neringavilnius.com\/wp-content\/uploads\/2024\/08\/Neringa-\u00a9Norbert-Tukaj-2803-scaled.jpg\",\"contentUrl\":\"https:\/\/neringavilnius.com\/wp-content\/uploads\/2024\/08\/Neringa-\u00a9Norbert-Tukaj-2803-scaled.jpg\",\"width\":2560,\"height\":1708,\"caption\":\"Neringa studija-apartamentai\"},{\"@type\":\"BreadcrumbList\",\"@id\":\"https:\/\/neringavilnius.com\/lt\/viesbutis\/studio-apartment\/#breadcrumb\",\"itemListElement\":[{\"@type\":\"ListItem\",\"position\":1,\"name\":\"Home\",\"item\":\"https:\/\/neringavilnius.com\/lt\/\"},{\"@type\":\"ListItem\",\"position\":2,\"name\":\"Vie\u0161butis\",\"item\":\"https:\/\/neringavilnius.com\/lt\/viesbutis\/\"},{\"@type\":\"ListItem\",\"position\":3,\"name\":\"Studija-apartamentai\"}]},{\"@type\":\"WebSite\",\"@id\":\"https:\/\/neringavilnius.com\/#website\",\"url\":\"https:\/\/neringavilnius.com\/\",\"name\":\"Neringa Vilnius\",\"description\":\"Legenda nuo 1959-\u0173j\u0173\",\"publisher\":{\"@id\":\"https:\/\/neringavilnius.com\/#organization\"},\"potentialAction\":[{\"@type\":\"SearchAction\",\"target\":{\"@type\":\"EntryPoint\",\"urlTemplate\":\"https:\/\/neringavilnius.com\/?s={search_term_string}\"},\"query-input\":{\"@type\":\"PropertyValueSpecification\",\"valueRequired\":true,\"valueName\":\"search_term_string\"}}],\"inLanguage\":\"lt-LT\"},{\"@type\":\"Organization\",\"@id\":\"https:\/\/neringavilnius.com\/#organization\",\"name\":\"Neringa Vilnius\",\"url\":\"https:\/\/neringavilnius.com\/\",\"logo\":{\"@type\":\"ImageObject\",\"inLanguage\":\"lt-LT\",\"@id\":\"https:\/\/neringavilnius.com\/#\/schema\/logo\/image\/\",\"url\":\"https:\/\/neringavilnius.com\/wp-content\/uploads\/2025\/05\/Neringa_Main_Symbol_Logo_Full_Color_RGB_1315px@300ppi.jpg\",\"contentUrl\":\"https:\/\/neringavilnius.com\/wp-content\/uploads\/2025\/05\/Neringa_Main_Symbol_Logo_Full_Color_RGB_1315px@300ppi.jpg\",\"width\":1315,\"height\":1927,\"caption\":\"Neringa Vilnius\"},\"image\":{\"@id\":\"https:\/\/neringavilnius.com\/#\/schema\/logo\/image\/\"},\"sameAs\":[\"https:\/\/www.facebook.com\/neringahotel\",\"https:\/\/www.instagram.com\/neringarestoranasirbarai\/\",\"https:\/\/www.instagram.com\/neringahotel\/\",\"https:\/\/www.linkedin.com\/company\/neringa-hotel\/\",\"https:\/\/www.facebook.com\/neringarestoranas\"]}]}<\/script>\n<!-- \/ Yoast SEO plugin. -->","yoast_head_json":{"title":"Studija-apartamentai 4 \u017evaig\u017edu\u010di\u0173 vie\u0161butyje Neringa","description":"Erdv\u016bs apartamentai turi atskirt\u0105 miegamojo erdv\u0119 bei svetain\u0119 su mini virtuv\u0117le. Puikiai tinka patogiam apsistojimui su \u0161eima ar ilgesnei vie\u0161nagei 4 \u017evaig\u017edu\u010di\u0173 vie\u0161butyje Vilniuje","robots":{"index":"index","follow":"follow","max-snippet":"max-snippet:-1","max-image-preview":"max-image-preview:large","max-video-preview":"max-video-preview:-1"},"canonical":"https:\/\/neringavilnius.com\/lt\/viesbutis\/studio-apartment\/","og_locale":"lt_LT","og_type":"article","og_title":"Studija-apartamentai 4 \u017evaig\u017edu\u010di\u0173 vie\u0161butyje Neringa","og_description":"Erdv\u016bs apartamentai turi atskirt\u0105 miegamojo erdv\u0119 bei svetain\u0119 su mini virtuv\u0117le. Puikiai tinka patogiam apsistojimui su \u0161eima ar ilgesnei vie\u0161nagei 4 \u017evaig\u017edu\u010di\u0173 vie\u0161butyje Vilniuje","og_url":"https:\/\/neringavilnius.com\/lt\/viesbutis\/studio-apartment\/","og_site_name":"Neringa","article_publisher":"https:\/\/www.facebook.com\/neringahotel","article_modified_time":"2025-09-18T11:23:50+00:00","og_image":[{"width":2560,"height":1708,"url":"https:\/\/neringavilnius.com\/wp-content\/uploads\/2024\/08\/Neringa-\u00a9Norbert-Tukaj-2803-scaled.jpg","type":"image\/jpeg"}],"schema":{"@context":"https:\/\/schema.org","@graph":[{"@type":"WebPage","@id":"https:\/\/neringavilnius.com\/lt\/viesbutis\/studio-apartment\/","url":"https:\/\/neringavilnius.com\/lt\/viesbutis\/studio-apartment\/","name":"Studija-apartamentai 4 \u017evaig\u017edu\u010di\u0173 vie\u0161butyje Neringa","isPartOf":{"@id":"https:\/\/neringavilnius.com\/#website"},"primaryImageOfPage":{"@id":"https:\/\/neringavilnius.com\/lt\/viesbutis\/studio-apartment\/#primaryimage"},"image":{"@id":"https:\/\/neringavilnius.com\/lt\/viesbutis\/studio-apartment\/#primaryimage"},"thumbnailUrl":"https:\/\/neringavilnius.com\/wp-content\/uploads\/2024\/08\/Neringa-\u00a9Norbert-Tukaj-2803-scaled.jpg","datePublished":"2021-11-03T13:24:41+00:00","dateModified":"2025-09-18T11:23:50+00:00","description":"Erdv\u016bs apartamentai turi atskirt\u0105 miegamojo erdv\u0119 bei svetain\u0119 su mini virtuv\u0117le. Puikiai tinka patogiam apsistojimui su \u0161eima ar ilgesnei vie\u0161nagei 4 \u017evaig\u017edu\u010di\u0173 vie\u0161butyje Vilniuje","breadcrumb":{"@id":"https:\/\/neringavilnius.com\/lt\/viesbutis\/studio-apartment\/#breadcrumb"},"inLanguage":"lt-LT","potentialAction":[{"@type":"ReadAction","target":["https:\/\/neringavilnius.com\/lt\/viesbutis\/studio-apartment\/"]}]},{"@type":"ImageObject","inLanguage":"lt-LT","@id":"https:\/\/neringavilnius.com\/lt\/viesbutis\/studio-apartment\/#primaryimage","url":"https:\/\/neringavilnius.com\/wp-content\/uploads\/2024\/08\/Neringa-\u00a9Norbert-Tukaj-2803-scaled.jpg","contentUrl":"https:\/\/neringavilnius.com\/wp-content\/uploads\/2024\/08\/Neringa-\u00a9Norbert-Tukaj-2803-scaled.jpg","width":2560,"height":1708,"caption":"Neringa studija-apartamentai"},{"@type":"BreadcrumbList","@id":"https:\/\/neringavilnius.com\/lt\/viesbutis\/studio-apartment\/#breadcrumb","itemListElement":[{"@type":"ListItem","position":1,"name":"Home","item":"https:\/\/neringavilnius.com\/lt\/"},{"@type":"ListItem","position":2,"name":"Vie\u0161butis","item":"https:\/\/neringavilnius.com\/lt\/viesbutis\/"},{"@type":"ListItem","position":3,"name":"Studija-apartamentai"}]},{"@type":"WebSite","@id":"https:\/\/neringavilnius.com\/#website","url":"https:\/\/neringavilnius.com\/","name":"Neringa Vilnius","description":"Legenda nuo 1959-\u0173j\u0173","publisher":{"@id":"https:\/\/neringavilnius.com\/#organization"},"potentialAction":[{"@type":"SearchAction","target":{"@type":"EntryPoint","urlTemplate":"https:\/\/neringavilnius.com\/?s={search_term_string}"},"query-input":{"@type":"PropertyValueSpecification","valueRequired":true,"valueName":"search_term_string"}}],"inLanguage":"lt-LT"},{"@type":"Organization","@id":"https:\/\/neringavilnius.com\/#organization","name":"Neringa Vilnius","url":"https:\/\/neringavilnius.com\/","logo":{"@type":"ImageObject","inLanguage":"lt-LT","@id":"https:\/\/neringavilnius.com\/#\/schema\/logo\/image\/","url":"https:\/\/neringavilnius.com\/wp-content\/uploads\/2025\/05\/Neringa_Main_Symbol_Logo_Full_Color_RGB_1315px@300ppi.jpg","contentUrl":"https:\/\/neringavilnius.com\/wp-content\/uploads\/2025\/05\/Neringa_Main_Symbol_Logo_Full_Color_RGB_1315px@300ppi.jpg","width":1315,"height":1927,"caption":"Neringa Vilnius"},"image":{"@id":"https:\/\/neringavilnius.com\/#\/schema\/logo\/image\/"},"sameAs":["https:\/\/www.facebook.com\/neringahotel","https:\/\/www.instagram.com\/neringarestoranasirbarai\/","https:\/\/www.instagram.com\/neringahotel\/","https:\/\/www.linkedin.com\/company\/neringa-hotel\/","https:\/\/www.facebook.com\/neringarestoranas"]}]}},"_links":{"self":[{"href":"https:\/\/neringavilnius.com\/lt\/wp-json\/wp\/v2\/pages\/756","targetHints":{"allow":["GET"]}}],"collection":[{"href":"https:\/\/neringavilnius.com\/lt\/wp-json\/wp\/v2\/pages"}],"about":[{"href":"https:\/\/neringavilnius.com\/lt\/wp-json\/wp\/v2\/types\/page"}],"author":[{"embeddable":true,"href":"https:\/\/neringavilnius.com\/lt\/wp-json\/wp\/v2\/users\/6"}],"replies":[{"embeddable":true,"href":"https:\/\/neringavilnius.com\/lt\/wp-json\/wp\/v2\/comments?post=756"}],"version-history":[{"count":8,"href":"https:\/\/neringavilnius.com\/lt\/wp-json\/wp\/v2\/pages\/756\/revisions"}],"predecessor-version":[{"id":2697,"href":"https:\/\/neringavilnius.com\/lt\/wp-json\/wp\/v2\/pages\/756\/revisions\/2697"}],"up":[{"embeddable":true,"href":"https:\/\/neringavilnius.com\/lt\/wp-json\/wp\/v2\/pages\/568"}],"wp:featuredmedia":[{"embeddable":true,"href":"https:\/\/neringavilnius.com\/lt\/wp-json\/wp\/v2\/media\/2328"}],"wp:attachment":[{"href":"https:\/\/neringavilnius.com\/lt\/wp-json\/wp\/v2\/media?parent=756"}],"curies":[{"name":"wp","href":"https:\/\/api.w.org\/{rel}","templated":true}]}}