{"id":747,"date":"2021-11-15T11:40:12","date_gmt":"2021-11-15T11:40:12","guid":{"rendered":"http:\/\/neringavilnius.com\/hotel\/jura-marios\/"},"modified":"2025-09-18T11:28:50","modified_gmt":"2025-09-18T11:28:50","slug":"jura-marios","status":"publish","type":"page","link":"https:\/\/neringavilnius.com\/lt\/viesbutis\/jura-marios\/","title":{"rendered":"J\u016bra + Marios"},"content":{"rendered":"","protected":false},"excerpt":{"rendered":"","protected":false},"author":6,"featured_media":1517,"parent":568,"menu_order":14,"comment_status":"closed","ping_status":"closed","template":"tp-hotel_hall.php","meta":{"footnotes":""},"class_list":["post-747","page","type-page","status-publish","has-post-thumbnail","hentry"],"acf":[],"yoast_head":"<!-- This site is optimized with the Yoast SEO plugin v26.3 - https:\/\/yoast.com\/wordpress\/plugins\/seo\/ -->\n<title>\u201eJ\u016bra + Marios\u201c - konferencij\u0173 sal\u0117 Neringa Hotel Gedimino pr.<\/title>\n<meta name=\"description\" content=\"Itin erdvi ir moderniai \u012frengta konferencij\u0173 sal\u0117, talpinanti iki 80 \u017emoni\u0173. \u0160i konferencij\u0173 ir rengini\u0173 vieta yra lengvai pritaikoma \u012fvairiems poreikiams. Daugiau: konferencijos sal\u0117s nuoma\" \/>\n<meta name=\"robots\" content=\"index, follow, max-snippet:-1, max-image-preview:large, max-video-preview:-1\" \/>\n<link rel=\"canonical\" href=\"https:\/\/neringavilnius.com\/lt\/viesbutis\/jura-marios\/\" \/>\n<meta property=\"og:locale\" content=\"lt_LT\" \/>\n<meta property=\"og:type\" content=\"article\" \/>\n<meta property=\"og:title\" content=\"\u201eJ\u016bra + Marios\u201c - konferencij\u0173 sal\u0117 Neringa Hotel Gedimino pr.\" \/>\n<meta property=\"og:description\" content=\"Itin erdvi ir moderniai \u012frengta konferencij\u0173 sal\u0117, talpinanti iki 80 \u017emoni\u0173. \u0160i konferencij\u0173 ir rengini\u0173 vieta yra lengvai pritaikoma \u012fvairiems poreikiams. Daugiau: konferencijos sal\u0117s nuoma\" \/>\n<meta property=\"og:url\" content=\"https:\/\/neringavilnius.com\/lt\/viesbutis\/jura-marios\/\" \/>\n<meta property=\"og:site_name\" content=\"Neringa\" \/>\n<meta property=\"article:publisher\" content=\"https:\/\/www.facebook.com\/neringahotel\" \/>\n<meta property=\"article:modified_time\" content=\"2025-09-18T11:28:50+00:00\" \/>\n<meta property=\"og:image\" content=\"https:\/\/neringavilnius.com\/wp-content\/uploads\/2021\/11\/Neringa-hotel-\u00a9Norbert-Tukaj-7367juramarios.jpg\" \/>\n\t<meta property=\"og:image:width\" content=\"1920\" \/>\n\t<meta property=\"og:image:height\" content=\"1280\" \/>\n\t<meta property=\"og:image:type\" content=\"image\/jpeg\" \/>\n<script type=\"application\/ld+json\" class=\"yoast-schema-graph\">{\"@context\":\"https:\/\/schema.org\",\"@graph\":[{\"@type\":\"WebPage\",\"@id\":\"https:\/\/neringavilnius.com\/lt\/viesbutis\/jura-marios\/\",\"url\":\"https:\/\/neringavilnius.com\/lt\/viesbutis\/jura-marios\/\",\"name\":\"\u201eJ\u016bra + Marios\u201c - konferencij\u0173 sal\u0117 Neringa Hotel Gedimino pr.\",\"isPartOf\":{\"@id\":\"https:\/\/neringavilnius.com\/#website\"},\"primaryImageOfPage\":{\"@id\":\"https:\/\/neringavilnius.com\/lt\/viesbutis\/jura-marios\/#primaryimage\"},\"image\":{\"@id\":\"https:\/\/neringavilnius.com\/lt\/viesbutis\/jura-marios\/#primaryimage\"},\"thumbnailUrl\":\"https:\/\/neringavilnius.com\/wp-content\/uploads\/2021\/11\/Neringa-hotel-\u00a9Norbert-Tukaj-7367juramarios.jpg\",\"datePublished\":\"2021-11-15T11:40:12+00:00\",\"dateModified\":\"2025-09-18T11:28:50+00:00\",\"description\":\"Itin erdvi ir moderniai \u012frengta konferencij\u0173 sal\u0117, talpinanti iki 80 \u017emoni\u0173. \u0160i konferencij\u0173 ir rengini\u0173 vieta yra lengvai pritaikoma \u012fvairiems poreikiams. Daugiau: konferencijos sal\u0117s nuoma\",\"breadcrumb\":{\"@id\":\"https:\/\/neringavilnius.com\/lt\/viesbutis\/jura-marios\/#breadcrumb\"},\"inLanguage\":\"lt-LT\",\"potentialAction\":[{\"@type\":\"ReadAction\",\"target\":[\"https:\/\/neringavilnius.com\/lt\/viesbutis\/jura-marios\/\"]}]},{\"@type\":\"ImageObject\",\"inLanguage\":\"lt-LT\",\"@id\":\"https:\/\/neringavilnius.com\/lt\/viesbutis\/jura-marios\/#primaryimage\",\"url\":\"https:\/\/neringavilnius.com\/wp-content\/uploads\/2021\/11\/Neringa-hotel-\u00a9Norbert-Tukaj-7367juramarios.jpg\",\"contentUrl\":\"https:\/\/neringavilnius.com\/wp-content\/uploads\/2021\/11\/Neringa-hotel-\u00a9Norbert-Tukaj-7367juramarios.jpg\",\"width\":1920,\"height\":1280,\"caption\":\"konferencij\u0173 sal\u0117 J\u016bra + Marios Gedimino pr.\"},{\"@type\":\"BreadcrumbList\",\"@id\":\"https:\/\/neringavilnius.com\/lt\/viesbutis\/jura-marios\/#breadcrumb\",\"itemListElement\":[{\"@type\":\"ListItem\",\"position\":1,\"name\":\"Home\",\"item\":\"https:\/\/neringavilnius.com\/lt\/\"},{\"@type\":\"ListItem\",\"position\":2,\"name\":\"Vie\u0161butis\",\"item\":\"https:\/\/neringavilnius.com\/lt\/viesbutis\/\"},{\"@type\":\"ListItem\",\"position\":3,\"name\":\"J\u016bra + Marios\"}]},{\"@type\":\"WebSite\",\"@id\":\"https:\/\/neringavilnius.com\/#website\",\"url\":\"https:\/\/neringavilnius.com\/\",\"name\":\"Neringa Vilnius\",\"description\":\"Legenda nuo 1959-\u0173j\u0173\",\"publisher\":{\"@id\":\"https:\/\/neringavilnius.com\/#organization\"},\"potentialAction\":[{\"@type\":\"SearchAction\",\"target\":{\"@type\":\"EntryPoint\",\"urlTemplate\":\"https:\/\/neringavilnius.com\/?s={search_term_string}\"},\"query-input\":{\"@type\":\"PropertyValueSpecification\",\"valueRequired\":true,\"valueName\":\"search_term_string\"}}],\"inLanguage\":\"lt-LT\"},{\"@type\":\"Organization\",\"@id\":\"https:\/\/neringavilnius.com\/#organization\",\"name\":\"Neringa Vilnius\",\"url\":\"https:\/\/neringavilnius.com\/\",\"logo\":{\"@type\":\"ImageObject\",\"inLanguage\":\"lt-LT\",\"@id\":\"https:\/\/neringavilnius.com\/#\/schema\/logo\/image\/\",\"url\":\"https:\/\/neringavilnius.com\/wp-content\/uploads\/2025\/05\/Neringa_Main_Symbol_Logo_Full_Color_RGB_1315px@300ppi.jpg\",\"contentUrl\":\"https:\/\/neringavilnius.com\/wp-content\/uploads\/2025\/05\/Neringa_Main_Symbol_Logo_Full_Color_RGB_1315px@300ppi.jpg\",\"width\":1315,\"height\":1927,\"caption\":\"Neringa Vilnius\"},\"image\":{\"@id\":\"https:\/\/neringavilnius.com\/#\/schema\/logo\/image\/\"},\"sameAs\":[\"https:\/\/www.facebook.com\/neringahotel\",\"https:\/\/www.instagram.com\/neringarestoranasirbarai\/\",\"https:\/\/www.instagram.com\/neringahotel\/\",\"https:\/\/www.linkedin.com\/company\/neringa-hotel\/\",\"https:\/\/www.facebook.com\/neringarestoranas\"]}]}<\/script>\n<!-- \/ Yoast SEO plugin. -->","yoast_head_json":{"title":"\u201eJ\u016bra + Marios\u201c - konferencij\u0173 sal\u0117 Neringa Hotel Gedimino pr.","description":"Itin erdvi ir moderniai \u012frengta konferencij\u0173 sal\u0117, talpinanti iki 80 \u017emoni\u0173. \u0160i konferencij\u0173 ir rengini\u0173 vieta yra lengvai pritaikoma \u012fvairiems poreikiams. Daugiau: konferencijos sal\u0117s nuoma","robots":{"index":"index","follow":"follow","max-snippet":"max-snippet:-1","max-image-preview":"max-image-preview:large","max-video-preview":"max-video-preview:-1"},"canonical":"https:\/\/neringavilnius.com\/lt\/viesbutis\/jura-marios\/","og_locale":"lt_LT","og_type":"article","og_title":"\u201eJ\u016bra + Marios\u201c - konferencij\u0173 sal\u0117 Neringa Hotel Gedimino pr.","og_description":"Itin erdvi ir moderniai \u012frengta konferencij\u0173 sal\u0117, talpinanti iki 80 \u017emoni\u0173. \u0160i konferencij\u0173 ir rengini\u0173 vieta yra lengvai pritaikoma \u012fvairiems poreikiams. Daugiau: konferencijos sal\u0117s nuoma","og_url":"https:\/\/neringavilnius.com\/lt\/viesbutis\/jura-marios\/","og_site_name":"Neringa","article_publisher":"https:\/\/www.facebook.com\/neringahotel","article_modified_time":"2025-09-18T11:28:50+00:00","og_image":[{"width":1920,"height":1280,"url":"https:\/\/neringavilnius.com\/wp-content\/uploads\/2021\/11\/Neringa-hotel-\u00a9Norbert-Tukaj-7367juramarios.jpg","type":"image\/jpeg"}],"schema":{"@context":"https:\/\/schema.org","@graph":[{"@type":"WebPage","@id":"https:\/\/neringavilnius.com\/lt\/viesbutis\/jura-marios\/","url":"https:\/\/neringavilnius.com\/lt\/viesbutis\/jura-marios\/","name":"\u201eJ\u016bra + Marios\u201c - konferencij\u0173 sal\u0117 Neringa Hotel Gedimino pr.","isPartOf":{"@id":"https:\/\/neringavilnius.com\/#website"},"primaryImageOfPage":{"@id":"https:\/\/neringavilnius.com\/lt\/viesbutis\/jura-marios\/#primaryimage"},"image":{"@id":"https:\/\/neringavilnius.com\/lt\/viesbutis\/jura-marios\/#primaryimage"},"thumbnailUrl":"https:\/\/neringavilnius.com\/wp-content\/uploads\/2021\/11\/Neringa-hotel-\u00a9Norbert-Tukaj-7367juramarios.jpg","datePublished":"2021-11-15T11:40:12+00:00","dateModified":"2025-09-18T11:28:50+00:00","description":"Itin erdvi ir moderniai \u012frengta konferencij\u0173 sal\u0117, talpinanti iki 80 \u017emoni\u0173. \u0160i konferencij\u0173 ir rengini\u0173 vieta yra lengvai pritaikoma \u012fvairiems poreikiams. Daugiau: konferencijos sal\u0117s nuoma","breadcrumb":{"@id":"https:\/\/neringavilnius.com\/lt\/viesbutis\/jura-marios\/#breadcrumb"},"inLanguage":"lt-LT","potentialAction":[{"@type":"ReadAction","target":["https:\/\/neringavilnius.com\/lt\/viesbutis\/jura-marios\/"]}]},{"@type":"ImageObject","inLanguage":"lt-LT","@id":"https:\/\/neringavilnius.com\/lt\/viesbutis\/jura-marios\/#primaryimage","url":"https:\/\/neringavilnius.com\/wp-content\/uploads\/2021\/11\/Neringa-hotel-\u00a9Norbert-Tukaj-7367juramarios.jpg","contentUrl":"https:\/\/neringavilnius.com\/wp-content\/uploads\/2021\/11\/Neringa-hotel-\u00a9Norbert-Tukaj-7367juramarios.jpg","width":1920,"height":1280,"caption":"konferencij\u0173 sal\u0117 J\u016bra + Marios Gedimino pr."},{"@type":"BreadcrumbList","@id":"https:\/\/neringavilnius.com\/lt\/viesbutis\/jura-marios\/#breadcrumb","itemListElement":[{"@type":"ListItem","position":1,"name":"Home","item":"https:\/\/neringavilnius.com\/lt\/"},{"@type":"ListItem","position":2,"name":"Vie\u0161butis","item":"https:\/\/neringavilnius.com\/lt\/viesbutis\/"},{"@type":"ListItem","position":3,"name":"J\u016bra + Marios"}]},{"@type":"WebSite","@id":"https:\/\/neringavilnius.com\/#website","url":"https:\/\/neringavilnius.com\/","name":"Neringa Vilnius","description":"Legenda nuo 1959-\u0173j\u0173","publisher":{"@id":"https:\/\/neringavilnius.com\/#organization"},"potentialAction":[{"@type":"SearchAction","target":{"@type":"EntryPoint","urlTemplate":"https:\/\/neringavilnius.com\/?s={search_term_string}"},"query-input":{"@type":"PropertyValueSpecification","valueRequired":true,"valueName":"search_term_string"}}],"inLanguage":"lt-LT"},{"@type":"Organization","@id":"https:\/\/neringavilnius.com\/#organization","name":"Neringa Vilnius","url":"https:\/\/neringavilnius.com\/","logo":{"@type":"ImageObject","inLanguage":"lt-LT","@id":"https:\/\/neringavilnius.com\/#\/schema\/logo\/image\/","url":"https:\/\/neringavilnius.com\/wp-content\/uploads\/2025\/05\/Neringa_Main_Symbol_Logo_Full_Color_RGB_1315px@300ppi.jpg","contentUrl":"https:\/\/neringavilnius.com\/wp-content\/uploads\/2025\/05\/Neringa_Main_Symbol_Logo_Full_Color_RGB_1315px@300ppi.jpg","width":1315,"height":1927,"caption":"Neringa Vilnius"},"image":{"@id":"https:\/\/neringavilnius.com\/#\/schema\/logo\/image\/"},"sameAs":["https:\/\/www.facebook.com\/neringahotel","https:\/\/www.instagram.com\/neringarestoranasirbarai\/","https:\/\/www.instagram.com\/neringahotel\/","https:\/\/www.linkedin.com\/company\/neringa-hotel\/","https:\/\/www.facebook.com\/neringarestoranas"]}]}},"_links":{"self":[{"href":"https:\/\/neringavilnius.com\/lt\/wp-json\/wp\/v2\/pages\/747","targetHints":{"allow":["GET"]}}],"collection":[{"href":"https:\/\/neringavilnius.com\/lt\/wp-json\/wp\/v2\/pages"}],"about":[{"href":"https:\/\/neringavilnius.com\/lt\/wp-json\/wp\/v2\/types\/page"}],"author":[{"embeddable":true,"href":"https:\/\/neringavilnius.com\/lt\/wp-json\/wp\/v2\/users\/6"}],"replies":[{"embeddable":true,"href":"https:\/\/neringavilnius.com\/lt\/wp-json\/wp\/v2\/comments?post=747"}],"version-history":[{"count":9,"href":"https:\/\/neringavilnius.com\/lt\/wp-json\/wp\/v2\/pages\/747\/revisions"}],"predecessor-version":[{"id":2706,"href":"https:\/\/neringavilnius.com\/lt\/wp-json\/wp\/v2\/pages\/747\/revisions\/2706"}],"up":[{"embeddable":true,"href":"https:\/\/neringavilnius.com\/lt\/wp-json\/wp\/v2\/pages\/568"}],"wp:featuredmedia":[{"embeddable":true,"href":"https:\/\/neringavilnius.com\/lt\/wp-json\/wp\/v2\/media\/1517"}],"wp:attachment":[{"href":"https:\/\/neringavilnius.com\/lt\/wp-json\/wp\/v2\/media?parent=747"}],"curies":[{"name":"wp","href":"https:\/\/api.w.org\/{rel}","templated":true}]}}