{"id":734,"date":"2021-11-03T13:18:04","date_gmt":"2021-11-03T13:18:04","guid":{"rendered":"http:\/\/neringavilnius.com\/hotel\/junior-suite\/"},"modified":"2025-06-16T11:10:12","modified_gmt":"2025-06-16T11:10:12","slug":"mazieji-apartamentai","status":"publish","type":"page","link":"https:\/\/neringavilnius.com\/lt\/viesbutis\/mazieji-apartamentai\/","title":{"rendered":"Ma\u017eieji apartamentai"},"content":{"rendered":"","protected":false},"excerpt":{"rendered":"","protected":false},"author":6,"featured_media":2330,"parent":568,"menu_order":3,"comment_status":"closed","ping_status":"closed","template":"tp-hotel_room.php","meta":{"footnotes":""},"class_list":["post-734","page","type-page","status-publish","has-post-thumbnail","hentry"],"acf":[],"yoast_head":"<!-- This site is optimized with the Yoast SEO plugin v26.3 - https:\/\/yoast.com\/wordpress\/plugins\/seo\/ -->\n<title>Ma\u017eieji apartamentai 4 \u017evaig\u017edu\u010di\u0173 vie\u0161butyje Neringa<\/title>\n<meta name=\"description\" content=\"Ma\u017eieji apartamentai su balkonu, atskiru miegamuoju ir kitais premium patogumais puikiai tinka ie\u0161kantiems didesnio komforto 4 \u017evaig\u017edu\u010di\u0173 vie\u0161butyje Neringa Vilniuje\" \/>\n<meta name=\"robots\" content=\"index, follow, max-snippet:-1, max-image-preview:large, max-video-preview:-1\" \/>\n<link rel=\"canonical\" href=\"https:\/\/neringavilnius.com\/lt\/viesbutis\/mazieji-apartamentai\/\" \/>\n<meta property=\"og:locale\" content=\"lt_LT\" \/>\n<meta property=\"og:type\" content=\"article\" \/>\n<meta property=\"og:title\" content=\"Ma\u017eieji apartamentai 4 \u017evaig\u017edu\u010di\u0173 vie\u0161butyje Neringa\" \/>\n<meta property=\"og:description\" content=\"Ma\u017eieji apartamentai su balkonu, atskiru miegamuoju ir kitais premium patogumais puikiai tinka ie\u0161kantiems didesnio komforto 4 \u017evaig\u017edu\u010di\u0173 vie\u0161butyje Neringa Vilniuje\" \/>\n<meta property=\"og:url\" content=\"https:\/\/neringavilnius.com\/lt\/viesbutis\/mazieji-apartamentai\/\" \/>\n<meta property=\"og:site_name\" content=\"Neringa\" \/>\n<meta property=\"article:publisher\" content=\"https:\/\/www.facebook.com\/neringahotel\" \/>\n<meta property=\"article:modified_time\" content=\"2025-06-16T11:10:12+00:00\" \/>\n<meta property=\"og:image\" content=\"https:\/\/neringavilnius.com\/wp-content\/uploads\/2024\/08\/Neringa-\u00a9Norbert-Tukaj-2837-scaled.jpg\" \/>\n\t<meta property=\"og:image:width\" content=\"2560\" \/>\n\t<meta property=\"og:image:height\" content=\"1708\" \/>\n\t<meta property=\"og:image:type\" content=\"image\/jpeg\" \/>\n<script type=\"application\/ld+json\" class=\"yoast-schema-graph\">{\"@context\":\"https:\/\/schema.org\",\"@graph\":[{\"@type\":\"WebPage\",\"@id\":\"https:\/\/neringavilnius.com\/lt\/viesbutis\/mazieji-apartamentai\/\",\"url\":\"https:\/\/neringavilnius.com\/lt\/viesbutis\/mazieji-apartamentai\/\",\"name\":\"Ma\u017eieji apartamentai 4 \u017evaig\u017edu\u010di\u0173 vie\u0161butyje Neringa\",\"isPartOf\":{\"@id\":\"https:\/\/neringavilnius.com\/#website\"},\"primaryImageOfPage\":{\"@id\":\"https:\/\/neringavilnius.com\/lt\/viesbutis\/mazieji-apartamentai\/#primaryimage\"},\"image\":{\"@id\":\"https:\/\/neringavilnius.com\/lt\/viesbutis\/mazieji-apartamentai\/#primaryimage\"},\"thumbnailUrl\":\"https:\/\/neringavilnius.com\/wp-content\/uploads\/2024\/08\/Neringa-\u00a9Norbert-Tukaj-2837-scaled.jpg\",\"datePublished\":\"2021-11-03T13:18:04+00:00\",\"dateModified\":\"2025-06-16T11:10:12+00:00\",\"description\":\"Ma\u017eieji apartamentai su balkonu, atskiru miegamuoju ir kitais premium patogumais puikiai tinka ie\u0161kantiems didesnio komforto 4 \u017evaig\u017edu\u010di\u0173 vie\u0161butyje Neringa Vilniuje\",\"breadcrumb\":{\"@id\":\"https:\/\/neringavilnius.com\/lt\/viesbutis\/mazieji-apartamentai\/#breadcrumb\"},\"inLanguage\":\"lt-LT\",\"potentialAction\":[{\"@type\":\"ReadAction\",\"target\":[\"https:\/\/neringavilnius.com\/lt\/viesbutis\/mazieji-apartamentai\/\"]}]},{\"@type\":\"ImageObject\",\"inLanguage\":\"lt-LT\",\"@id\":\"https:\/\/neringavilnius.com\/lt\/viesbutis\/mazieji-apartamentai\/#primaryimage\",\"url\":\"https:\/\/neringavilnius.com\/wp-content\/uploads\/2024\/08\/Neringa-\u00a9Norbert-Tukaj-2837-scaled.jpg\",\"contentUrl\":\"https:\/\/neringavilnius.com\/wp-content\/uploads\/2024\/08\/Neringa-\u00a9Norbert-Tukaj-2837-scaled.jpg\",\"width\":2560,\"height\":1708,\"caption\":\"ma\u017eieji apartamentai - 4 \u017evaig\u017edu\u010di\u0173 vie\u0161butis Neringa\"},{\"@type\":\"BreadcrumbList\",\"@id\":\"https:\/\/neringavilnius.com\/lt\/viesbutis\/mazieji-apartamentai\/#breadcrumb\",\"itemListElement\":[{\"@type\":\"ListItem\",\"position\":1,\"name\":\"Home\",\"item\":\"https:\/\/neringavilnius.com\/lt\/\"},{\"@type\":\"ListItem\",\"position\":2,\"name\":\"Vie\u0161butis\",\"item\":\"https:\/\/neringavilnius.com\/lt\/viesbutis\/\"},{\"@type\":\"ListItem\",\"position\":3,\"name\":\"Ma\u017eieji apartamentai\"}]},{\"@type\":\"WebSite\",\"@id\":\"https:\/\/neringavilnius.com\/#website\",\"url\":\"https:\/\/neringavilnius.com\/\",\"name\":\"Neringa Vilnius\",\"description\":\"Legenda nuo 1959-\u0173j\u0173\",\"publisher\":{\"@id\":\"https:\/\/neringavilnius.com\/#organization\"},\"potentialAction\":[{\"@type\":\"SearchAction\",\"target\":{\"@type\":\"EntryPoint\",\"urlTemplate\":\"https:\/\/neringavilnius.com\/?s={search_term_string}\"},\"query-input\":{\"@type\":\"PropertyValueSpecification\",\"valueRequired\":true,\"valueName\":\"search_term_string\"}}],\"inLanguage\":\"lt-LT\"},{\"@type\":\"Organization\",\"@id\":\"https:\/\/neringavilnius.com\/#organization\",\"name\":\"Neringa Vilnius\",\"url\":\"https:\/\/neringavilnius.com\/\",\"logo\":{\"@type\":\"ImageObject\",\"inLanguage\":\"lt-LT\",\"@id\":\"https:\/\/neringavilnius.com\/#\/schema\/logo\/image\/\",\"url\":\"https:\/\/neringavilnius.com\/wp-content\/uploads\/2025\/05\/Neringa_Main_Symbol_Logo_Full_Color_RGB_1315px@300ppi.jpg\",\"contentUrl\":\"https:\/\/neringavilnius.com\/wp-content\/uploads\/2025\/05\/Neringa_Main_Symbol_Logo_Full_Color_RGB_1315px@300ppi.jpg\",\"width\":1315,\"height\":1927,\"caption\":\"Neringa Vilnius\"},\"image\":{\"@id\":\"https:\/\/neringavilnius.com\/#\/schema\/logo\/image\/\"},\"sameAs\":[\"https:\/\/www.facebook.com\/neringahotel\",\"https:\/\/www.instagram.com\/neringarestoranasirbarai\/\",\"https:\/\/www.instagram.com\/neringahotel\/\",\"https:\/\/www.linkedin.com\/company\/neringa-hotel\/\",\"https:\/\/www.facebook.com\/neringarestoranas\"]}]}<\/script>\n<!-- \/ Yoast SEO plugin. -->","yoast_head_json":{"title":"Ma\u017eieji apartamentai 4 \u017evaig\u017edu\u010di\u0173 vie\u0161butyje Neringa","description":"Ma\u017eieji apartamentai su balkonu, atskiru miegamuoju ir kitais premium patogumais puikiai tinka ie\u0161kantiems didesnio komforto 4 \u017evaig\u017edu\u010di\u0173 vie\u0161butyje Neringa Vilniuje","robots":{"index":"index","follow":"follow","max-snippet":"max-snippet:-1","max-image-preview":"max-image-preview:large","max-video-preview":"max-video-preview:-1"},"canonical":"https:\/\/neringavilnius.com\/lt\/viesbutis\/mazieji-apartamentai\/","og_locale":"lt_LT","og_type":"article","og_title":"Ma\u017eieji apartamentai 4 \u017evaig\u017edu\u010di\u0173 vie\u0161butyje Neringa","og_description":"Ma\u017eieji apartamentai su balkonu, atskiru miegamuoju ir kitais premium patogumais puikiai tinka ie\u0161kantiems didesnio komforto 4 \u017evaig\u017edu\u010di\u0173 vie\u0161butyje Neringa Vilniuje","og_url":"https:\/\/neringavilnius.com\/lt\/viesbutis\/mazieji-apartamentai\/","og_site_name":"Neringa","article_publisher":"https:\/\/www.facebook.com\/neringahotel","article_modified_time":"2025-06-16T11:10:12+00:00","og_image":[{"width":2560,"height":1708,"url":"https:\/\/neringavilnius.com\/wp-content\/uploads\/2024\/08\/Neringa-\u00a9Norbert-Tukaj-2837-scaled.jpg","type":"image\/jpeg"}],"schema":{"@context":"https:\/\/schema.org","@graph":[{"@type":"WebPage","@id":"https:\/\/neringavilnius.com\/lt\/viesbutis\/mazieji-apartamentai\/","url":"https:\/\/neringavilnius.com\/lt\/viesbutis\/mazieji-apartamentai\/","name":"Ma\u017eieji apartamentai 4 \u017evaig\u017edu\u010di\u0173 vie\u0161butyje Neringa","isPartOf":{"@id":"https:\/\/neringavilnius.com\/#website"},"primaryImageOfPage":{"@id":"https:\/\/neringavilnius.com\/lt\/viesbutis\/mazieji-apartamentai\/#primaryimage"},"image":{"@id":"https:\/\/neringavilnius.com\/lt\/viesbutis\/mazieji-apartamentai\/#primaryimage"},"thumbnailUrl":"https:\/\/neringavilnius.com\/wp-content\/uploads\/2024\/08\/Neringa-\u00a9Norbert-Tukaj-2837-scaled.jpg","datePublished":"2021-11-03T13:18:04+00:00","dateModified":"2025-06-16T11:10:12+00:00","description":"Ma\u017eieji apartamentai su balkonu, atskiru miegamuoju ir kitais premium patogumais puikiai tinka ie\u0161kantiems didesnio komforto 4 \u017evaig\u017edu\u010di\u0173 vie\u0161butyje Neringa Vilniuje","breadcrumb":{"@id":"https:\/\/neringavilnius.com\/lt\/viesbutis\/mazieji-apartamentai\/#breadcrumb"},"inLanguage":"lt-LT","potentialAction":[{"@type":"ReadAction","target":["https:\/\/neringavilnius.com\/lt\/viesbutis\/mazieji-apartamentai\/"]}]},{"@type":"ImageObject","inLanguage":"lt-LT","@id":"https:\/\/neringavilnius.com\/lt\/viesbutis\/mazieji-apartamentai\/#primaryimage","url":"https:\/\/neringavilnius.com\/wp-content\/uploads\/2024\/08\/Neringa-\u00a9Norbert-Tukaj-2837-scaled.jpg","contentUrl":"https:\/\/neringavilnius.com\/wp-content\/uploads\/2024\/08\/Neringa-\u00a9Norbert-Tukaj-2837-scaled.jpg","width":2560,"height":1708,"caption":"ma\u017eieji apartamentai - 4 \u017evaig\u017edu\u010di\u0173 vie\u0161butis Neringa"},{"@type":"BreadcrumbList","@id":"https:\/\/neringavilnius.com\/lt\/viesbutis\/mazieji-apartamentai\/#breadcrumb","itemListElement":[{"@type":"ListItem","position":1,"name":"Home","item":"https:\/\/neringavilnius.com\/lt\/"},{"@type":"ListItem","position":2,"name":"Vie\u0161butis","item":"https:\/\/neringavilnius.com\/lt\/viesbutis\/"},{"@type":"ListItem","position":3,"name":"Ma\u017eieji apartamentai"}]},{"@type":"WebSite","@id":"https:\/\/neringavilnius.com\/#website","url":"https:\/\/neringavilnius.com\/","name":"Neringa Vilnius","description":"Legenda nuo 1959-\u0173j\u0173","publisher":{"@id":"https:\/\/neringavilnius.com\/#organization"},"potentialAction":[{"@type":"SearchAction","target":{"@type":"EntryPoint","urlTemplate":"https:\/\/neringavilnius.com\/?s={search_term_string}"},"query-input":{"@type":"PropertyValueSpecification","valueRequired":true,"valueName":"search_term_string"}}],"inLanguage":"lt-LT"},{"@type":"Organization","@id":"https:\/\/neringavilnius.com\/#organization","name":"Neringa Vilnius","url":"https:\/\/neringavilnius.com\/","logo":{"@type":"ImageObject","inLanguage":"lt-LT","@id":"https:\/\/neringavilnius.com\/#\/schema\/logo\/image\/","url":"https:\/\/neringavilnius.com\/wp-content\/uploads\/2025\/05\/Neringa_Main_Symbol_Logo_Full_Color_RGB_1315px@300ppi.jpg","contentUrl":"https:\/\/neringavilnius.com\/wp-content\/uploads\/2025\/05\/Neringa_Main_Symbol_Logo_Full_Color_RGB_1315px@300ppi.jpg","width":1315,"height":1927,"caption":"Neringa Vilnius"},"image":{"@id":"https:\/\/neringavilnius.com\/#\/schema\/logo\/image\/"},"sameAs":["https:\/\/www.facebook.com\/neringahotel","https:\/\/www.instagram.com\/neringarestoranasirbarai\/","https:\/\/www.instagram.com\/neringahotel\/","https:\/\/www.linkedin.com\/company\/neringa-hotel\/","https:\/\/www.facebook.com\/neringarestoranas"]}]}},"_links":{"self":[{"href":"https:\/\/neringavilnius.com\/lt\/wp-json\/wp\/v2\/pages\/734","targetHints":{"allow":["GET"]}}],"collection":[{"href":"https:\/\/neringavilnius.com\/lt\/wp-json\/wp\/v2\/pages"}],"about":[{"href":"https:\/\/neringavilnius.com\/lt\/wp-json\/wp\/v2\/types\/page"}],"author":[{"embeddable":true,"href":"https:\/\/neringavilnius.com\/lt\/wp-json\/wp\/v2\/users\/6"}],"replies":[{"embeddable":true,"href":"https:\/\/neringavilnius.com\/lt\/wp-json\/wp\/v2\/comments?post=734"}],"version-history":[{"count":9,"href":"https:\/\/neringavilnius.com\/lt\/wp-json\/wp\/v2\/pages\/734\/revisions"}],"predecessor-version":[{"id":2402,"href":"https:\/\/neringavilnius.com\/lt\/wp-json\/wp\/v2\/pages\/734\/revisions\/2402"}],"up":[{"embeddable":true,"href":"https:\/\/neringavilnius.com\/lt\/wp-json\/wp\/v2\/pages\/568"}],"wp:featuredmedia":[{"embeddable":true,"href":"https:\/\/neringavilnius.com\/lt\/wp-json\/wp\/v2\/media\/2330"}],"wp:attachment":[{"href":"https:\/\/neringavilnius.com\/lt\/wp-json\/wp\/v2\/media?parent=734"}],"curies":[{"name":"wp","href":"https:\/\/api.w.org\/{rel}","templated":true}]}}