{"id":568,"date":"2021-10-27T09:03:40","date_gmt":"2021-10-27T09:03:40","guid":{"rendered":"http:\/\/neringavilnius.com\/hotel\/"},"modified":"2026-01-14T13:08:19","modified_gmt":"2026-01-14T13:08:19","slug":"viesbutis","status":"publish","type":"page","link":"https:\/\/neringavilnius.com\/lt\/viesbutis\/","title":{"rendered":"Vie\u0161butis"},"content":{"rendered":"","protected":false},"excerpt":{"rendered":"","protected":false},"author":6,"featured_media":0,"parent":0,"menu_order":0,"comment_status":"closed","ping_status":"closed","template":"tp-hotel.php","meta":{"footnotes":""},"class_list":["post-568","page","type-page","status-publish","hentry"],"acf":[],"yoast_head":"<!-- This site is optimized with the Yoast SEO plugin v26.3 - https:\/\/yoast.com\/wordpress\/plugins\/seo\/ -->\n<title>Neringa Hotel - jaukus, modernus 4 \u017evaig\u017edu\u010di\u0173 vie\u0161butis Vilniuje<\/title>\n<meta name=\"description\" content=\"Vie\u0161butis Vilniuje \u012fsik\u016br\u0119s pa\u010diame centre - Gedimino pr. viduryje tarp Arkikatedros ir Seimo r\u016bm\u0173. Patogiai ir greitai pasiekiami senamiestis, oro uostas, autobus\u0173 stotis\" \/>\n<meta name=\"robots\" content=\"index, follow, max-snippet:-1, max-image-preview:large, max-video-preview:-1\" \/>\n<link rel=\"canonical\" href=\"https:\/\/neringavilnius.com\/lt\/viesbutis\/\" \/>\n<meta property=\"og:locale\" content=\"lt_LT\" \/>\n<meta property=\"og:type\" content=\"article\" \/>\n<meta property=\"og:title\" content=\"Neringa Hotel - jaukus, modernus 4 \u017evaig\u017edu\u010di\u0173 vie\u0161butis Vilniuje\" \/>\n<meta property=\"og:description\" content=\"Vie\u0161butis Vilniuje \u012fsik\u016br\u0119s pa\u010diame centre - Gedimino pr. viduryje tarp Arkikatedros ir Seimo r\u016bm\u0173. Patogiai ir greitai pasiekiami senamiestis, oro uostas, autobus\u0173 stotis\" \/>\n<meta property=\"og:url\" content=\"https:\/\/neringavilnius.com\/lt\/viesbutis\/\" \/>\n<meta property=\"og:site_name\" content=\"Neringa\" \/>\n<meta property=\"article:publisher\" content=\"https:\/\/www.facebook.com\/neringahotel\" \/>\n<meta property=\"article:modified_time\" content=\"2026-01-14T13:08:19+00:00\" \/>\n<script type=\"application\/ld+json\" class=\"yoast-schema-graph\">{\"@context\":\"https:\/\/schema.org\",\"@graph\":[{\"@type\":\"WebPage\",\"@id\":\"https:\/\/neringavilnius.com\/lt\/viesbutis\/\",\"url\":\"https:\/\/neringavilnius.com\/lt\/viesbutis\/\",\"name\":\"Neringa Hotel - jaukus, modernus 4 \u017evaig\u017edu\u010di\u0173 vie\u0161butis Vilniuje\",\"isPartOf\":{\"@id\":\"https:\/\/neringavilnius.com\/#website\"},\"datePublished\":\"2021-10-27T09:03:40+00:00\",\"dateModified\":\"2026-01-14T13:08:19+00:00\",\"description\":\"Vie\u0161butis Vilniuje \u012fsik\u016br\u0119s pa\u010diame centre - Gedimino pr. viduryje tarp Arkikatedros ir Seimo r\u016bm\u0173. Patogiai ir greitai pasiekiami senamiestis, oro uostas, autobus\u0173 stotis\",\"breadcrumb\":{\"@id\":\"https:\/\/neringavilnius.com\/lt\/viesbutis\/#breadcrumb\"},\"inLanguage\":\"lt-LT\",\"potentialAction\":[{\"@type\":\"ReadAction\",\"target\":[\"https:\/\/neringavilnius.com\/lt\/viesbutis\/\"]}]},{\"@type\":\"BreadcrumbList\",\"@id\":\"https:\/\/neringavilnius.com\/lt\/viesbutis\/#breadcrumb\",\"itemListElement\":[{\"@type\":\"ListItem\",\"position\":1,\"name\":\"Home\",\"item\":\"https:\/\/neringavilnius.com\/lt\/\"},{\"@type\":\"ListItem\",\"position\":2,\"name\":\"Vie\u0161butis\"}]},{\"@type\":\"WebSite\",\"@id\":\"https:\/\/neringavilnius.com\/#website\",\"url\":\"https:\/\/neringavilnius.com\/\",\"name\":\"Neringa Vilnius\",\"description\":\"Legenda nuo 1959-\u0173j\u0173\",\"publisher\":{\"@id\":\"https:\/\/neringavilnius.com\/#organization\"},\"potentialAction\":[{\"@type\":\"SearchAction\",\"target\":{\"@type\":\"EntryPoint\",\"urlTemplate\":\"https:\/\/neringavilnius.com\/?s={search_term_string}\"},\"query-input\":{\"@type\":\"PropertyValueSpecification\",\"valueRequired\":true,\"valueName\":\"search_term_string\"}}],\"inLanguage\":\"lt-LT\"},{\"@type\":\"Organization\",\"@id\":\"https:\/\/neringavilnius.com\/#organization\",\"name\":\"Neringa Vilnius\",\"url\":\"https:\/\/neringavilnius.com\/\",\"logo\":{\"@type\":\"ImageObject\",\"inLanguage\":\"lt-LT\",\"@id\":\"https:\/\/neringavilnius.com\/#\/schema\/logo\/image\/\",\"url\":\"https:\/\/neringavilnius.com\/wp-content\/uploads\/2025\/05\/Neringa_Main_Symbol_Logo_Full_Color_RGB_1315px@300ppi.jpg\",\"contentUrl\":\"https:\/\/neringavilnius.com\/wp-content\/uploads\/2025\/05\/Neringa_Main_Symbol_Logo_Full_Color_RGB_1315px@300ppi.jpg\",\"width\":1315,\"height\":1927,\"caption\":\"Neringa Vilnius\"},\"image\":{\"@id\":\"https:\/\/neringavilnius.com\/#\/schema\/logo\/image\/\"},\"sameAs\":[\"https:\/\/www.facebook.com\/neringahotel\",\"https:\/\/www.instagram.com\/neringarestoranasirbarai\/\",\"https:\/\/www.instagram.com\/neringahotel\/\",\"https:\/\/www.linkedin.com\/company\/neringa-hotel\/\",\"https:\/\/www.facebook.com\/neringarestoranas\"]}]}<\/script>\n<!-- \/ Yoast SEO plugin. -->","yoast_head_json":{"title":"Neringa Hotel - jaukus, modernus 4 \u017evaig\u017edu\u010di\u0173 vie\u0161butis Vilniuje","description":"Vie\u0161butis Vilniuje \u012fsik\u016br\u0119s pa\u010diame centre - Gedimino pr. viduryje tarp Arkikatedros ir Seimo r\u016bm\u0173. Patogiai ir greitai pasiekiami senamiestis, oro uostas, autobus\u0173 stotis","robots":{"index":"index","follow":"follow","max-snippet":"max-snippet:-1","max-image-preview":"max-image-preview:large","max-video-preview":"max-video-preview:-1"},"canonical":"https:\/\/neringavilnius.com\/lt\/viesbutis\/","og_locale":"lt_LT","og_type":"article","og_title":"Neringa Hotel - jaukus, modernus 4 \u017evaig\u017edu\u010di\u0173 vie\u0161butis Vilniuje","og_description":"Vie\u0161butis Vilniuje \u012fsik\u016br\u0119s pa\u010diame centre - Gedimino pr. viduryje tarp Arkikatedros ir Seimo r\u016bm\u0173. Patogiai ir greitai pasiekiami senamiestis, oro uostas, autobus\u0173 stotis","og_url":"https:\/\/neringavilnius.com\/lt\/viesbutis\/","og_site_name":"Neringa","article_publisher":"https:\/\/www.facebook.com\/neringahotel","article_modified_time":"2026-01-14T13:08:19+00:00","schema":{"@context":"https:\/\/schema.org","@graph":[{"@type":"WebPage","@id":"https:\/\/neringavilnius.com\/lt\/viesbutis\/","url":"https:\/\/neringavilnius.com\/lt\/viesbutis\/","name":"Neringa Hotel - jaukus, modernus 4 \u017evaig\u017edu\u010di\u0173 vie\u0161butis Vilniuje","isPartOf":{"@id":"https:\/\/neringavilnius.com\/#website"},"datePublished":"2021-10-27T09:03:40+00:00","dateModified":"2026-01-14T13:08:19+00:00","description":"Vie\u0161butis Vilniuje \u012fsik\u016br\u0119s pa\u010diame centre - Gedimino pr. viduryje tarp Arkikatedros ir Seimo r\u016bm\u0173. Patogiai ir greitai pasiekiami senamiestis, oro uostas, autobus\u0173 stotis","breadcrumb":{"@id":"https:\/\/neringavilnius.com\/lt\/viesbutis\/#breadcrumb"},"inLanguage":"lt-LT","potentialAction":[{"@type":"ReadAction","target":["https:\/\/neringavilnius.com\/lt\/viesbutis\/"]}]},{"@type":"BreadcrumbList","@id":"https:\/\/neringavilnius.com\/lt\/viesbutis\/#breadcrumb","itemListElement":[{"@type":"ListItem","position":1,"name":"Home","item":"https:\/\/neringavilnius.com\/lt\/"},{"@type":"ListItem","position":2,"name":"Vie\u0161butis"}]},{"@type":"WebSite","@id":"https:\/\/neringavilnius.com\/#website","url":"https:\/\/neringavilnius.com\/","name":"Neringa Vilnius","description":"Legenda nuo 1959-\u0173j\u0173","publisher":{"@id":"https:\/\/neringavilnius.com\/#organization"},"potentialAction":[{"@type":"SearchAction","target":{"@type":"EntryPoint","urlTemplate":"https:\/\/neringavilnius.com\/?s={search_term_string}"},"query-input":{"@type":"PropertyValueSpecification","valueRequired":true,"valueName":"search_term_string"}}],"inLanguage":"lt-LT"},{"@type":"Organization","@id":"https:\/\/neringavilnius.com\/#organization","name":"Neringa Vilnius","url":"https:\/\/neringavilnius.com\/","logo":{"@type":"ImageObject","inLanguage":"lt-LT","@id":"https:\/\/neringavilnius.com\/#\/schema\/logo\/image\/","url":"https:\/\/neringavilnius.com\/wp-content\/uploads\/2025\/05\/Neringa_Main_Symbol_Logo_Full_Color_RGB_1315px@300ppi.jpg","contentUrl":"https:\/\/neringavilnius.com\/wp-content\/uploads\/2025\/05\/Neringa_Main_Symbol_Logo_Full_Color_RGB_1315px@300ppi.jpg","width":1315,"height":1927,"caption":"Neringa Vilnius"},"image":{"@id":"https:\/\/neringavilnius.com\/#\/schema\/logo\/image\/"},"sameAs":["https:\/\/www.facebook.com\/neringahotel","https:\/\/www.instagram.com\/neringarestoranasirbarai\/","https:\/\/www.instagram.com\/neringahotel\/","https:\/\/www.linkedin.com\/company\/neringa-hotel\/","https:\/\/www.facebook.com\/neringarestoranas"]}]}},"_links":{"self":[{"href":"https:\/\/neringavilnius.com\/lt\/wp-json\/wp\/v2\/pages\/568","targetHints":{"allow":["GET"]}}],"collection":[{"href":"https:\/\/neringavilnius.com\/lt\/wp-json\/wp\/v2\/pages"}],"about":[{"href":"https:\/\/neringavilnius.com\/lt\/wp-json\/wp\/v2\/types\/page"}],"author":[{"embeddable":true,"href":"https:\/\/neringavilnius.com\/lt\/wp-json\/wp\/v2\/users\/6"}],"replies":[{"embeddable":true,"href":"https:\/\/neringavilnius.com\/lt\/wp-json\/wp\/v2\/comments?post=568"}],"version-history":[{"count":69,"href":"https:\/\/neringavilnius.com\/lt\/wp-json\/wp\/v2\/pages\/568\/revisions"}],"predecessor-version":[{"id":3529,"href":"https:\/\/neringavilnius.com\/lt\/wp-json\/wp\/v2\/pages\/568\/revisions\/3529"}],"wp:attachment":[{"href":"https:\/\/neringavilnius.com\/lt\/wp-json\/wp\/v2\/media?parent=568"}],"curies":[{"name":"wp","href":"https:\/\/api.w.org\/{rel}","templated":true}]}}