{"id":2522,"date":"2025-05-14T17:55:32","date_gmt":"2025-05-14T17:55:32","guid":{"rendered":"https:\/\/neringavilnius.com\/?page_id=2522"},"modified":"2025-06-03T12:29:38","modified_gmt":"2025-06-03T12:29:38","slug":"menu","status":"publish","type":"page","link":"https:\/\/neringavilnius.com\/lt\/restoranas\/menu\/","title":{"rendered":"Restorano meniu"},"content":{"rendered":"<div class=\"_df_book df-lite\" id=\"df_2518\"  _slug=\"neringa-restoranas-menu-lt\" data-title=\"neringa-restoranas-menu-lt\" wpoptions=\"true\" thumbtype=\"\" ><\/div><script class=\"df-shortcode-script\" nowprocket type=\"application\/javascript\">window.option_df_2518 = {\"outline\":[],\"autoEnableOutline\":\"false\",\"autoEnableThumbnail\":\"false\",\"overwritePDFOutline\":\"false\",\"enableDownload\":\"false\",\"backgroundImage\":\"https:\\\/\\\/neringavilnius.com\\\/wp-content\\\/uploads\\\/2025\\\/05\\\/restaurant-bg.png\",\"direction\":\"1\",\"pageSize\":\"0\",\"pageMode\":\"1\",\"soundEnable\":\"false\",\"source\":\"https:\\\/\\\/neringavilnius.com\\\/wp-content\\\/uploads\\\/2025\\\/10\\\/2025.10-Restorano-meniu_LT_digital.pdf\",\"wpOptions\":\"true\"}; if(window.DFLIP && window.DFLIP.parseBooks){window.DFLIP.parseBooks();}<\/script>\n","protected":false},"excerpt":{"rendered":"","protected":false},"author":6,"featured_media":0,"parent":774,"menu_order":0,"comment_status":"closed","ping_status":"closed","template":"","meta":{"footnotes":""},"class_list":["post-2522","page","type-page","status-publish","hentry"],"acf":[],"yoast_head":"<!-- This site is optimized with the Yoast SEO plugin v26.3 - https:\/\/yoast.com\/wordpress\/plugins\/seo\/ -->\n<title>Neringos restorano meniu - klasikin\u0117 Europieti\u0161ka virtuv\u0117<\/title>\n<meta name=\"description\" content=\"Neringos restorano meniu - susipa\u017einkite su \u0161ef\u0117s sukurtais patiekalais. J\u012f sudaro klasikiniai restorano patiekalai bei sezoninis degustacinis meniu.\" \/>\n<meta name=\"robots\" content=\"index, follow, max-snippet:-1, max-image-preview:large, max-video-preview:-1\" \/>\n<link rel=\"canonical\" href=\"https:\/\/neringavilnius.com\/lt\/restoranas\/menu\/\" \/>\n<meta property=\"og:locale\" content=\"lt_LT\" \/>\n<meta property=\"og:type\" content=\"article\" \/>\n<meta property=\"og:title\" content=\"Neringos restorano meniu - klasikin\u0117 Europieti\u0161ka virtuv\u0117\" \/>\n<meta property=\"og:description\" content=\"Neringos restorano meniu - susipa\u017einkite su \u0161ef\u0117s sukurtais patiekalais. J\u012f sudaro klasikiniai restorano patiekalai bei sezoninis degustacinis meniu.\" \/>\n<meta property=\"og:url\" content=\"https:\/\/neringavilnius.com\/lt\/restoranas\/menu\/\" \/>\n<meta property=\"og:site_name\" content=\"Neringa\" \/>\n<meta property=\"article:publisher\" content=\"https:\/\/www.facebook.com\/neringahotel\" \/>\n<meta property=\"article:modified_time\" content=\"2025-06-03T12:29:38+00:00\" \/>\n<script type=\"application\/ld+json\" class=\"yoast-schema-graph\">{\"@context\":\"https:\/\/schema.org\",\"@graph\":[{\"@type\":\"WebPage\",\"@id\":\"https:\/\/neringavilnius.com\/lt\/restoranas\/menu\/\",\"url\":\"https:\/\/neringavilnius.com\/lt\/restoranas\/menu\/\",\"name\":\"Neringos restorano meniu - klasikin\u0117 Europieti\u0161ka virtuv\u0117\",\"isPartOf\":{\"@id\":\"https:\/\/neringavilnius.com\/#website\"},\"datePublished\":\"2025-05-14T17:55:32+00:00\",\"dateModified\":\"2025-06-03T12:29:38+00:00\",\"description\":\"Neringos restorano meniu - susipa\u017einkite su \u0161ef\u0117s sukurtais patiekalais. J\u012f sudaro klasikiniai restorano patiekalai bei sezoninis degustacinis meniu.\",\"breadcrumb\":{\"@id\":\"https:\/\/neringavilnius.com\/lt\/restoranas\/menu\/#breadcrumb\"},\"inLanguage\":\"lt-LT\",\"potentialAction\":[{\"@type\":\"ReadAction\",\"target\":[\"https:\/\/neringavilnius.com\/lt\/restoranas\/menu\/\"]}]},{\"@type\":\"BreadcrumbList\",\"@id\":\"https:\/\/neringavilnius.com\/lt\/restoranas\/menu\/#breadcrumb\",\"itemListElement\":[{\"@type\":\"ListItem\",\"position\":1,\"name\":\"Home\",\"item\":\"https:\/\/neringavilnius.com\/lt\/\"},{\"@type\":\"ListItem\",\"position\":2,\"name\":\"Restoranas\",\"item\":\"https:\/\/neringavilnius.com\/lt\/restoranas\/\"},{\"@type\":\"ListItem\",\"position\":3,\"name\":\"Restorano meniu\"}]},{\"@type\":\"WebSite\",\"@id\":\"https:\/\/neringavilnius.com\/#website\",\"url\":\"https:\/\/neringavilnius.com\/\",\"name\":\"Neringa Vilnius\",\"description\":\"Legenda nuo 1959-\u0173j\u0173\",\"publisher\":{\"@id\":\"https:\/\/neringavilnius.com\/#organization\"},\"potentialAction\":[{\"@type\":\"SearchAction\",\"target\":{\"@type\":\"EntryPoint\",\"urlTemplate\":\"https:\/\/neringavilnius.com\/?s={search_term_string}\"},\"query-input\":{\"@type\":\"PropertyValueSpecification\",\"valueRequired\":true,\"valueName\":\"search_term_string\"}}],\"inLanguage\":\"lt-LT\"},{\"@type\":\"Organization\",\"@id\":\"https:\/\/neringavilnius.com\/#organization\",\"name\":\"Neringa Vilnius\",\"url\":\"https:\/\/neringavilnius.com\/\",\"logo\":{\"@type\":\"ImageObject\",\"inLanguage\":\"lt-LT\",\"@id\":\"https:\/\/neringavilnius.com\/#\/schema\/logo\/image\/\",\"url\":\"https:\/\/neringavilnius.com\/wp-content\/uploads\/2025\/05\/Neringa_Main_Symbol_Logo_Full_Color_RGB_1315px@300ppi.jpg\",\"contentUrl\":\"https:\/\/neringavilnius.com\/wp-content\/uploads\/2025\/05\/Neringa_Main_Symbol_Logo_Full_Color_RGB_1315px@300ppi.jpg\",\"width\":1315,\"height\":1927,\"caption\":\"Neringa Vilnius\"},\"image\":{\"@id\":\"https:\/\/neringavilnius.com\/#\/schema\/logo\/image\/\"},\"sameAs\":[\"https:\/\/www.facebook.com\/neringahotel\",\"https:\/\/www.instagram.com\/neringarestoranasirbarai\/\",\"https:\/\/www.instagram.com\/neringahotel\/\",\"https:\/\/www.linkedin.com\/company\/neringa-hotel\/\",\"https:\/\/www.facebook.com\/neringarestoranas\"]}]}<\/script>\n<!-- \/ Yoast SEO plugin. -->","yoast_head_json":{"title":"Neringos restorano meniu - klasikin\u0117 Europieti\u0161ka virtuv\u0117","description":"Neringos restorano meniu - susipa\u017einkite su \u0161ef\u0117s sukurtais patiekalais. J\u012f sudaro klasikiniai restorano patiekalai bei sezoninis degustacinis meniu.","robots":{"index":"index","follow":"follow","max-snippet":"max-snippet:-1","max-image-preview":"max-image-preview:large","max-video-preview":"max-video-preview:-1"},"canonical":"https:\/\/neringavilnius.com\/lt\/restoranas\/menu\/","og_locale":"lt_LT","og_type":"article","og_title":"Neringos restorano meniu - klasikin\u0117 Europieti\u0161ka virtuv\u0117","og_description":"Neringos restorano meniu - susipa\u017einkite su \u0161ef\u0117s sukurtais patiekalais. J\u012f sudaro klasikiniai restorano patiekalai bei sezoninis degustacinis meniu.","og_url":"https:\/\/neringavilnius.com\/lt\/restoranas\/menu\/","og_site_name":"Neringa","article_publisher":"https:\/\/www.facebook.com\/neringahotel","article_modified_time":"2025-06-03T12:29:38+00:00","schema":{"@context":"https:\/\/schema.org","@graph":[{"@type":"WebPage","@id":"https:\/\/neringavilnius.com\/lt\/restoranas\/menu\/","url":"https:\/\/neringavilnius.com\/lt\/restoranas\/menu\/","name":"Neringos restorano meniu - klasikin\u0117 Europieti\u0161ka virtuv\u0117","isPartOf":{"@id":"https:\/\/neringavilnius.com\/#website"},"datePublished":"2025-05-14T17:55:32+00:00","dateModified":"2025-06-03T12:29:38+00:00","description":"Neringos restorano meniu - susipa\u017einkite su \u0161ef\u0117s sukurtais patiekalais. J\u012f sudaro klasikiniai restorano patiekalai bei sezoninis degustacinis meniu.","breadcrumb":{"@id":"https:\/\/neringavilnius.com\/lt\/restoranas\/menu\/#breadcrumb"},"inLanguage":"lt-LT","potentialAction":[{"@type":"ReadAction","target":["https:\/\/neringavilnius.com\/lt\/restoranas\/menu\/"]}]},{"@type":"BreadcrumbList","@id":"https:\/\/neringavilnius.com\/lt\/restoranas\/menu\/#breadcrumb","itemListElement":[{"@type":"ListItem","position":1,"name":"Home","item":"https:\/\/neringavilnius.com\/lt\/"},{"@type":"ListItem","position":2,"name":"Restoranas","item":"https:\/\/neringavilnius.com\/lt\/restoranas\/"},{"@type":"ListItem","position":3,"name":"Restorano meniu"}]},{"@type":"WebSite","@id":"https:\/\/neringavilnius.com\/#website","url":"https:\/\/neringavilnius.com\/","name":"Neringa Vilnius","description":"Legenda nuo 1959-\u0173j\u0173","publisher":{"@id":"https:\/\/neringavilnius.com\/#organization"},"potentialAction":[{"@type":"SearchAction","target":{"@type":"EntryPoint","urlTemplate":"https:\/\/neringavilnius.com\/?s={search_term_string}"},"query-input":{"@type":"PropertyValueSpecification","valueRequired":true,"valueName":"search_term_string"}}],"inLanguage":"lt-LT"},{"@type":"Organization","@id":"https:\/\/neringavilnius.com\/#organization","name":"Neringa Vilnius","url":"https:\/\/neringavilnius.com\/","logo":{"@type":"ImageObject","inLanguage":"lt-LT","@id":"https:\/\/neringavilnius.com\/#\/schema\/logo\/image\/","url":"https:\/\/neringavilnius.com\/wp-content\/uploads\/2025\/05\/Neringa_Main_Symbol_Logo_Full_Color_RGB_1315px@300ppi.jpg","contentUrl":"https:\/\/neringavilnius.com\/wp-content\/uploads\/2025\/05\/Neringa_Main_Symbol_Logo_Full_Color_RGB_1315px@300ppi.jpg","width":1315,"height":1927,"caption":"Neringa Vilnius"},"image":{"@id":"https:\/\/neringavilnius.com\/#\/schema\/logo\/image\/"},"sameAs":["https:\/\/www.facebook.com\/neringahotel","https:\/\/www.instagram.com\/neringarestoranasirbarai\/","https:\/\/www.instagram.com\/neringahotel\/","https:\/\/www.linkedin.com\/company\/neringa-hotel\/","https:\/\/www.facebook.com\/neringarestoranas"]}]}},"_links":{"self":[{"href":"https:\/\/neringavilnius.com\/lt\/wp-json\/wp\/v2\/pages\/2522","targetHints":{"allow":["GET"]}}],"collection":[{"href":"https:\/\/neringavilnius.com\/lt\/wp-json\/wp\/v2\/pages"}],"about":[{"href":"https:\/\/neringavilnius.com\/lt\/wp-json\/wp\/v2\/types\/page"}],"author":[{"embeddable":true,"href":"https:\/\/neringavilnius.com\/lt\/wp-json\/wp\/v2\/users\/6"}],"replies":[{"embeddable":true,"href":"https:\/\/neringavilnius.com\/lt\/wp-json\/wp\/v2\/comments?post=2522"}],"version-history":[{"count":1,"href":"https:\/\/neringavilnius.com\/lt\/wp-json\/wp\/v2\/pages\/2522\/revisions"}],"predecessor-version":[{"id":2523,"href":"https:\/\/neringavilnius.com\/lt\/wp-json\/wp\/v2\/pages\/2522\/revisions\/2523"}],"up":[{"embeddable":true,"href":"https:\/\/neringavilnius.com\/lt\/wp-json\/wp\/v2\/pages\/774"}],"wp:attachment":[{"href":"https:\/\/neringavilnius.com\/lt\/wp-json\/wp\/v2\/media?parent=2522"}],"curies":[{"name":"wp","href":"https:\/\/api.w.org\/{rel}","templated":true}]}}