{"id":2468,"date":"2025-05-08T04:57:59","date_gmt":"2025-05-08T04:57:59","guid":{"rendered":"https:\/\/neringavilnius.com\/?page_id=2468"},"modified":"2025-06-05T12:21:51","modified_gmt":"2025-06-05T12:21:51","slug":"meniu","status":"publish","type":"page","link":"https:\/\/neringavilnius.com\/lt\/rooftop-baras\/meniu\/","title":{"rendered":"Rooftop baro meniu"},"content":{"rendered":"<div class=\"_df_book df-lite\" id=\"df_2440\"  _slug=\"neringa-rooftop-bar-meniu\" data-title=\"rooftop-bar-meniu-lt-en\" wpoptions=\"true\" thumbtype=\"\" ><\/div><script class=\"df-shortcode-script\" nowprocket type=\"application\/javascript\">window.option_df_2440 = {\"outline\":[],\"autoEnableOutline\":\"false\",\"autoEnableThumbnail\":\"false\",\"overwritePDFOutline\":\"false\",\"enableDownload\":\"false\",\"backgroundImage\":\"https:\\\/\\\/neringavilnius.com\\\/wp-content\\\/uploads\\\/2025\\\/05\\\/rooftop-bg.png\",\"direction\":\"1\",\"pageSize\":\"1\",\"pageMode\":\"1\",\"soundEnable\":\"false\",\"autoPlay\":\"false\",\"autoPlayStart\":\"false\",\"source\":\"https:\\\/\\\/neringavilnius.com\\\/wp-content\\\/uploads\\\/2025\\\/05\\\/2025_Rooftop-Bar-Meniu_web.pdf\",\"wpOptions\":\"true\"}; if(window.DFLIP && window.DFLIP.parseBooks){window.DFLIP.parseBooks();}<\/script>\n","protected":false},"excerpt":{"rendered":"","protected":false},"author":6,"featured_media":0,"parent":817,"menu_order":0,"comment_status":"closed","ping_status":"closed","template":"","meta":{"footnotes":""},"class_list":["post-2468","page","type-page","status-publish","hentry"],"acf":[],"yoast_head":"<!-- This site is optimized with the Yoast SEO plugin v26.3 - https:\/\/yoast.com\/wordpress\/plugins\/seo\/ -->\n<title>Neringa Rooftop bar meniu - nuo putojan\u010di\u0173 g\u0117rim\u0173 iki u\u017ekand\u017ei\u0173<\/title>\n<meta name=\"description\" content=\"Neringa Rooftop bar - susipa\u017einkite su m\u016bs\u0173 meniu, kuriame rasite vasari\u0161kus gaivius alkoholinius kokteilius, burbulus ir lengvus u\u017ekand\u017eius\" \/>\n<meta name=\"robots\" content=\"index, follow, max-snippet:-1, max-image-preview:large, max-video-preview:-1\" \/>\n<link rel=\"canonical\" href=\"https:\/\/neringavilnius.com\/lt\/rooftop-baras\/meniu\/\" \/>\n<meta property=\"og:locale\" content=\"lt_LT\" \/>\n<meta property=\"og:type\" content=\"article\" \/>\n<meta property=\"og:title\" content=\"Neringa Rooftop bar meniu - nuo putojan\u010di\u0173 g\u0117rim\u0173 iki u\u017ekand\u017ei\u0173\" \/>\n<meta property=\"og:description\" content=\"Neringa Rooftop bar - susipa\u017einkite su m\u016bs\u0173 meniu, kuriame rasite vasari\u0161kus gaivius alkoholinius kokteilius, burbulus ir lengvus u\u017ekand\u017eius\" \/>\n<meta property=\"og:url\" content=\"https:\/\/neringavilnius.com\/lt\/rooftop-baras\/meniu\/\" \/>\n<meta property=\"og:site_name\" content=\"Neringa\" \/>\n<meta property=\"article:publisher\" content=\"https:\/\/www.facebook.com\/neringahotel\" \/>\n<meta property=\"article:modified_time\" content=\"2025-06-05T12:21:51+00:00\" \/>\n<script type=\"application\/ld+json\" class=\"yoast-schema-graph\">{\"@context\":\"https:\/\/schema.org\",\"@graph\":[{\"@type\":\"WebPage\",\"@id\":\"https:\/\/neringavilnius.com\/lt\/rooftop-baras\/meniu\/\",\"url\":\"https:\/\/neringavilnius.com\/lt\/rooftop-baras\/meniu\/\",\"name\":\"Neringa Rooftop bar meniu - nuo putojan\u010di\u0173 g\u0117rim\u0173 iki u\u017ekand\u017ei\u0173\",\"isPartOf\":{\"@id\":\"https:\/\/neringavilnius.com\/#website\"},\"datePublished\":\"2025-05-08T04:57:59+00:00\",\"dateModified\":\"2025-06-05T12:21:51+00:00\",\"description\":\"Neringa Rooftop bar - susipa\u017einkite su m\u016bs\u0173 meniu, kuriame rasite vasari\u0161kus gaivius alkoholinius kokteilius, burbulus ir lengvus u\u017ekand\u017eius\",\"breadcrumb\":{\"@id\":\"https:\/\/neringavilnius.com\/lt\/rooftop-baras\/meniu\/#breadcrumb\"},\"inLanguage\":\"lt-LT\",\"potentialAction\":[{\"@type\":\"ReadAction\",\"target\":[\"https:\/\/neringavilnius.com\/lt\/rooftop-baras\/meniu\/\"]}]},{\"@type\":\"BreadcrumbList\",\"@id\":\"https:\/\/neringavilnius.com\/lt\/rooftop-baras\/meniu\/#breadcrumb\",\"itemListElement\":[{\"@type\":\"ListItem\",\"position\":1,\"name\":\"Home\",\"item\":\"https:\/\/neringavilnius.com\/lt\/\"},{\"@type\":\"ListItem\",\"position\":2,\"name\":\"Rooftop baras\",\"item\":\"https:\/\/neringavilnius.com\/lt\/rooftop-baras\/\"},{\"@type\":\"ListItem\",\"position\":3,\"name\":\"Rooftop baro meniu\"}]},{\"@type\":\"WebSite\",\"@id\":\"https:\/\/neringavilnius.com\/#website\",\"url\":\"https:\/\/neringavilnius.com\/\",\"name\":\"Neringa Vilnius\",\"description\":\"Legenda nuo 1959-\u0173j\u0173\",\"publisher\":{\"@id\":\"https:\/\/neringavilnius.com\/#organization\"},\"potentialAction\":[{\"@type\":\"SearchAction\",\"target\":{\"@type\":\"EntryPoint\",\"urlTemplate\":\"https:\/\/neringavilnius.com\/?s={search_term_string}\"},\"query-input\":{\"@type\":\"PropertyValueSpecification\",\"valueRequired\":true,\"valueName\":\"search_term_string\"}}],\"inLanguage\":\"lt-LT\"},{\"@type\":\"Organization\",\"@id\":\"https:\/\/neringavilnius.com\/#organization\",\"name\":\"Neringa Vilnius\",\"url\":\"https:\/\/neringavilnius.com\/\",\"logo\":{\"@type\":\"ImageObject\",\"inLanguage\":\"lt-LT\",\"@id\":\"https:\/\/neringavilnius.com\/#\/schema\/logo\/image\/\",\"url\":\"https:\/\/neringavilnius.com\/wp-content\/uploads\/2025\/05\/Neringa_Main_Symbol_Logo_Full_Color_RGB_1315px@300ppi.jpg\",\"contentUrl\":\"https:\/\/neringavilnius.com\/wp-content\/uploads\/2025\/05\/Neringa_Main_Symbol_Logo_Full_Color_RGB_1315px@300ppi.jpg\",\"width\":1315,\"height\":1927,\"caption\":\"Neringa Vilnius\"},\"image\":{\"@id\":\"https:\/\/neringavilnius.com\/#\/schema\/logo\/image\/\"},\"sameAs\":[\"https:\/\/www.facebook.com\/neringahotel\",\"https:\/\/www.instagram.com\/neringarestoranasirbarai\/\",\"https:\/\/www.instagram.com\/neringahotel\/\",\"https:\/\/www.linkedin.com\/company\/neringa-hotel\/\",\"https:\/\/www.facebook.com\/neringarestoranas\"]}]}<\/script>\n<!-- \/ Yoast SEO plugin. -->","yoast_head_json":{"title":"Neringa Rooftop bar meniu - nuo putojan\u010di\u0173 g\u0117rim\u0173 iki u\u017ekand\u017ei\u0173","description":"Neringa Rooftop bar - susipa\u017einkite su m\u016bs\u0173 meniu, kuriame rasite vasari\u0161kus gaivius alkoholinius kokteilius, burbulus ir lengvus u\u017ekand\u017eius","robots":{"index":"index","follow":"follow","max-snippet":"max-snippet:-1","max-image-preview":"max-image-preview:large","max-video-preview":"max-video-preview:-1"},"canonical":"https:\/\/neringavilnius.com\/lt\/rooftop-baras\/meniu\/","og_locale":"lt_LT","og_type":"article","og_title":"Neringa Rooftop bar meniu - nuo putojan\u010di\u0173 g\u0117rim\u0173 iki u\u017ekand\u017ei\u0173","og_description":"Neringa Rooftop bar - susipa\u017einkite su m\u016bs\u0173 meniu, kuriame rasite vasari\u0161kus gaivius alkoholinius kokteilius, burbulus ir lengvus u\u017ekand\u017eius","og_url":"https:\/\/neringavilnius.com\/lt\/rooftop-baras\/meniu\/","og_site_name":"Neringa","article_publisher":"https:\/\/www.facebook.com\/neringahotel","article_modified_time":"2025-06-05T12:21:51+00:00","schema":{"@context":"https:\/\/schema.org","@graph":[{"@type":"WebPage","@id":"https:\/\/neringavilnius.com\/lt\/rooftop-baras\/meniu\/","url":"https:\/\/neringavilnius.com\/lt\/rooftop-baras\/meniu\/","name":"Neringa Rooftop bar meniu - nuo putojan\u010di\u0173 g\u0117rim\u0173 iki u\u017ekand\u017ei\u0173","isPartOf":{"@id":"https:\/\/neringavilnius.com\/#website"},"datePublished":"2025-05-08T04:57:59+00:00","dateModified":"2025-06-05T12:21:51+00:00","description":"Neringa Rooftop bar - susipa\u017einkite su m\u016bs\u0173 meniu, kuriame rasite vasari\u0161kus gaivius alkoholinius kokteilius, burbulus ir lengvus u\u017ekand\u017eius","breadcrumb":{"@id":"https:\/\/neringavilnius.com\/lt\/rooftop-baras\/meniu\/#breadcrumb"},"inLanguage":"lt-LT","potentialAction":[{"@type":"ReadAction","target":["https:\/\/neringavilnius.com\/lt\/rooftop-baras\/meniu\/"]}]},{"@type":"BreadcrumbList","@id":"https:\/\/neringavilnius.com\/lt\/rooftop-baras\/meniu\/#breadcrumb","itemListElement":[{"@type":"ListItem","position":1,"name":"Home","item":"https:\/\/neringavilnius.com\/lt\/"},{"@type":"ListItem","position":2,"name":"Rooftop baras","item":"https:\/\/neringavilnius.com\/lt\/rooftop-baras\/"},{"@type":"ListItem","position":3,"name":"Rooftop baro meniu"}]},{"@type":"WebSite","@id":"https:\/\/neringavilnius.com\/#website","url":"https:\/\/neringavilnius.com\/","name":"Neringa Vilnius","description":"Legenda nuo 1959-\u0173j\u0173","publisher":{"@id":"https:\/\/neringavilnius.com\/#organization"},"potentialAction":[{"@type":"SearchAction","target":{"@type":"EntryPoint","urlTemplate":"https:\/\/neringavilnius.com\/?s={search_term_string}"},"query-input":{"@type":"PropertyValueSpecification","valueRequired":true,"valueName":"search_term_string"}}],"inLanguage":"lt-LT"},{"@type":"Organization","@id":"https:\/\/neringavilnius.com\/#organization","name":"Neringa Vilnius","url":"https:\/\/neringavilnius.com\/","logo":{"@type":"ImageObject","inLanguage":"lt-LT","@id":"https:\/\/neringavilnius.com\/#\/schema\/logo\/image\/","url":"https:\/\/neringavilnius.com\/wp-content\/uploads\/2025\/05\/Neringa_Main_Symbol_Logo_Full_Color_RGB_1315px@300ppi.jpg","contentUrl":"https:\/\/neringavilnius.com\/wp-content\/uploads\/2025\/05\/Neringa_Main_Symbol_Logo_Full_Color_RGB_1315px@300ppi.jpg","width":1315,"height":1927,"caption":"Neringa Vilnius"},"image":{"@id":"https:\/\/neringavilnius.com\/#\/schema\/logo\/image\/"},"sameAs":["https:\/\/www.facebook.com\/neringahotel","https:\/\/www.instagram.com\/neringarestoranasirbarai\/","https:\/\/www.instagram.com\/neringahotel\/","https:\/\/www.linkedin.com\/company\/neringa-hotel\/","https:\/\/www.facebook.com\/neringarestoranas"]}]}},"_links":{"self":[{"href":"https:\/\/neringavilnius.com\/lt\/wp-json\/wp\/v2\/pages\/2468","targetHints":{"allow":["GET"]}}],"collection":[{"href":"https:\/\/neringavilnius.com\/lt\/wp-json\/wp\/v2\/pages"}],"about":[{"href":"https:\/\/neringavilnius.com\/lt\/wp-json\/wp\/v2\/types\/page"}],"author":[{"embeddable":true,"href":"https:\/\/neringavilnius.com\/lt\/wp-json\/wp\/v2\/users\/6"}],"replies":[{"embeddable":true,"href":"https:\/\/neringavilnius.com\/lt\/wp-json\/wp\/v2\/comments?post=2468"}],"version-history":[{"count":3,"href":"https:\/\/neringavilnius.com\/lt\/wp-json\/wp\/v2\/pages\/2468\/revisions"}],"predecessor-version":[{"id":2495,"href":"https:\/\/neringavilnius.com\/lt\/wp-json\/wp\/v2\/pages\/2468\/revisions\/2495"}],"up":[{"embeddable":true,"href":"https:\/\/neringavilnius.com\/lt\/wp-json\/wp\/v2\/pages\/817"}],"wp:attachment":[{"href":"https:\/\/neringavilnius.com\/lt\/wp-json\/wp\/v2\/media?parent=2468"}],"curies":[{"name":"wp","href":"https:\/\/api.w.org\/{rel}","templated":true}]}}