{"id":2062,"date":"2024-03-04T13:30:00","date_gmt":"2024-03-04T13:30:00","guid":{"rendered":"https:\/\/neringavilnius.com\/?page_id=2062"},"modified":"2025-06-03T12:35:19","modified_gmt":"2025-06-03T12:35:19","slug":"vaiku-meniu","status":"publish","type":"page","link":"https:\/\/neringavilnius.com\/lt\/restoranas\/vaiku-meniu\/","title":{"rendered":"Vaik\u0173 meniu"},"content":{"rendered":"","protected":false},"excerpt":{"rendered":"","protected":false},"author":6,"featured_media":0,"parent":774,"menu_order":0,"comment_status":"closed","ping_status":"closed","template":"tp-restaurant_menu.php","meta":{"footnotes":""},"class_list":["post-2062","page","type-page","status-publish","hentry"],"acf":[],"yoast_head":"<!-- This site is optimized with the Yoast SEO plugin v26.3 - https:\/\/yoast.com\/wordpress\/plugins\/seo\/ -->\n<title>\u0160eimos restoranas Vilnius - Neringoje susitinka kartos<\/title>\n<meta name=\"description\" content=\"\u0160eimos restoranas Vilnius. Neringos restorane \u0161urmuliuoja kelios kartos susirenkan\u010dios prie vieno stalo. Ma\u017eiausiems si\u016blome special\u0173 vaik\u0173 meniu.\" \/>\n<meta name=\"robots\" content=\"index, follow, max-snippet:-1, max-image-preview:large, max-video-preview:-1\" \/>\n<link rel=\"canonical\" href=\"https:\/\/neringavilnius.com\/lt\/restoranas\/vaiku-meniu\/\" \/>\n<meta property=\"og:locale\" content=\"lt_LT\" \/>\n<meta property=\"og:type\" content=\"article\" \/>\n<meta property=\"og:title\" content=\"\u0160eimos restoranas Vilnius - Neringoje susitinka kartos\" \/>\n<meta property=\"og:description\" content=\"\u0160eimos restoranas Vilnius. Neringos restorane \u0161urmuliuoja kelios kartos susirenkan\u010dios prie vieno stalo. Ma\u017eiausiems si\u016blome special\u0173 vaik\u0173 meniu.\" \/>\n<meta property=\"og:url\" content=\"https:\/\/neringavilnius.com\/lt\/restoranas\/vaiku-meniu\/\" \/>\n<meta property=\"og:site_name\" content=\"Neringa\" \/>\n<meta property=\"article:publisher\" content=\"https:\/\/www.facebook.com\/neringahotel\" \/>\n<meta property=\"article:modified_time\" content=\"2025-06-03T12:35:19+00:00\" \/>\n<script type=\"application\/ld+json\" class=\"yoast-schema-graph\">{\"@context\":\"https:\/\/schema.org\",\"@graph\":[{\"@type\":\"WebPage\",\"@id\":\"https:\/\/neringavilnius.com\/lt\/restoranas\/vaiku-meniu\/\",\"url\":\"https:\/\/neringavilnius.com\/lt\/restoranas\/vaiku-meniu\/\",\"name\":\"\u0160eimos restoranas Vilnius - Neringoje susitinka kartos\",\"isPartOf\":{\"@id\":\"https:\/\/neringavilnius.com\/#website\"},\"datePublished\":\"2024-03-04T13:30:00+00:00\",\"dateModified\":\"2025-06-03T12:35:19+00:00\",\"description\":\"\u0160eimos restoranas Vilnius. Neringos restorane \u0161urmuliuoja kelios kartos susirenkan\u010dios prie vieno stalo. Ma\u017eiausiems si\u016blome special\u0173 vaik\u0173 meniu.\",\"breadcrumb\":{\"@id\":\"https:\/\/neringavilnius.com\/lt\/restoranas\/vaiku-meniu\/#breadcrumb\"},\"inLanguage\":\"lt-LT\",\"potentialAction\":[{\"@type\":\"ReadAction\",\"target\":[\"https:\/\/neringavilnius.com\/lt\/restoranas\/vaiku-meniu\/\"]}]},{\"@type\":\"BreadcrumbList\",\"@id\":\"https:\/\/neringavilnius.com\/lt\/restoranas\/vaiku-meniu\/#breadcrumb\",\"itemListElement\":[{\"@type\":\"ListItem\",\"position\":1,\"name\":\"Home\",\"item\":\"https:\/\/neringavilnius.com\/lt\/\"},{\"@type\":\"ListItem\",\"position\":2,\"name\":\"Restoranas\",\"item\":\"https:\/\/neringavilnius.com\/lt\/restoranas\/\"},{\"@type\":\"ListItem\",\"position\":3,\"name\":\"Vaik\u0173 meniu\"}]},{\"@type\":\"WebSite\",\"@id\":\"https:\/\/neringavilnius.com\/#website\",\"url\":\"https:\/\/neringavilnius.com\/\",\"name\":\"Neringa Vilnius\",\"description\":\"Legenda nuo 1959-\u0173j\u0173\",\"publisher\":{\"@id\":\"https:\/\/neringavilnius.com\/#organization\"},\"potentialAction\":[{\"@type\":\"SearchAction\",\"target\":{\"@type\":\"EntryPoint\",\"urlTemplate\":\"https:\/\/neringavilnius.com\/?s={search_term_string}\"},\"query-input\":{\"@type\":\"PropertyValueSpecification\",\"valueRequired\":true,\"valueName\":\"search_term_string\"}}],\"inLanguage\":\"lt-LT\"},{\"@type\":\"Organization\",\"@id\":\"https:\/\/neringavilnius.com\/#organization\",\"name\":\"Neringa Vilnius\",\"url\":\"https:\/\/neringavilnius.com\/\",\"logo\":{\"@type\":\"ImageObject\",\"inLanguage\":\"lt-LT\",\"@id\":\"https:\/\/neringavilnius.com\/#\/schema\/logo\/image\/\",\"url\":\"https:\/\/neringavilnius.com\/wp-content\/uploads\/2025\/05\/Neringa_Main_Symbol_Logo_Full_Color_RGB_1315px@300ppi.jpg\",\"contentUrl\":\"https:\/\/neringavilnius.com\/wp-content\/uploads\/2025\/05\/Neringa_Main_Symbol_Logo_Full_Color_RGB_1315px@300ppi.jpg\",\"width\":1315,\"height\":1927,\"caption\":\"Neringa Vilnius\"},\"image\":{\"@id\":\"https:\/\/neringavilnius.com\/#\/schema\/logo\/image\/\"},\"sameAs\":[\"https:\/\/www.facebook.com\/neringahotel\",\"https:\/\/www.instagram.com\/neringarestoranasirbarai\/\",\"https:\/\/www.instagram.com\/neringahotel\/\",\"https:\/\/www.linkedin.com\/company\/neringa-hotel\/\",\"https:\/\/www.facebook.com\/neringarestoranas\"]}]}<\/script>\n<!-- \/ Yoast SEO plugin. -->","yoast_head_json":{"title":"\u0160eimos restoranas Vilnius - Neringoje susitinka kartos","description":"\u0160eimos restoranas Vilnius. Neringos restorane \u0161urmuliuoja kelios kartos susirenkan\u010dios prie vieno stalo. Ma\u017eiausiems si\u016blome special\u0173 vaik\u0173 meniu.","robots":{"index":"index","follow":"follow","max-snippet":"max-snippet:-1","max-image-preview":"max-image-preview:large","max-video-preview":"max-video-preview:-1"},"canonical":"https:\/\/neringavilnius.com\/lt\/restoranas\/vaiku-meniu\/","og_locale":"lt_LT","og_type":"article","og_title":"\u0160eimos restoranas Vilnius - Neringoje susitinka kartos","og_description":"\u0160eimos restoranas Vilnius. Neringos restorane \u0161urmuliuoja kelios kartos susirenkan\u010dios prie vieno stalo. Ma\u017eiausiems si\u016blome special\u0173 vaik\u0173 meniu.","og_url":"https:\/\/neringavilnius.com\/lt\/restoranas\/vaiku-meniu\/","og_site_name":"Neringa","article_publisher":"https:\/\/www.facebook.com\/neringahotel","article_modified_time":"2025-06-03T12:35:19+00:00","schema":{"@context":"https:\/\/schema.org","@graph":[{"@type":"WebPage","@id":"https:\/\/neringavilnius.com\/lt\/restoranas\/vaiku-meniu\/","url":"https:\/\/neringavilnius.com\/lt\/restoranas\/vaiku-meniu\/","name":"\u0160eimos restoranas Vilnius - Neringoje susitinka kartos","isPartOf":{"@id":"https:\/\/neringavilnius.com\/#website"},"datePublished":"2024-03-04T13:30:00+00:00","dateModified":"2025-06-03T12:35:19+00:00","description":"\u0160eimos restoranas Vilnius. Neringos restorane \u0161urmuliuoja kelios kartos susirenkan\u010dios prie vieno stalo. Ma\u017eiausiems si\u016blome special\u0173 vaik\u0173 meniu.","breadcrumb":{"@id":"https:\/\/neringavilnius.com\/lt\/restoranas\/vaiku-meniu\/#breadcrumb"},"inLanguage":"lt-LT","potentialAction":[{"@type":"ReadAction","target":["https:\/\/neringavilnius.com\/lt\/restoranas\/vaiku-meniu\/"]}]},{"@type":"BreadcrumbList","@id":"https:\/\/neringavilnius.com\/lt\/restoranas\/vaiku-meniu\/#breadcrumb","itemListElement":[{"@type":"ListItem","position":1,"name":"Home","item":"https:\/\/neringavilnius.com\/lt\/"},{"@type":"ListItem","position":2,"name":"Restoranas","item":"https:\/\/neringavilnius.com\/lt\/restoranas\/"},{"@type":"ListItem","position":3,"name":"Vaik\u0173 meniu"}]},{"@type":"WebSite","@id":"https:\/\/neringavilnius.com\/#website","url":"https:\/\/neringavilnius.com\/","name":"Neringa Vilnius","description":"Legenda nuo 1959-\u0173j\u0173","publisher":{"@id":"https:\/\/neringavilnius.com\/#organization"},"potentialAction":[{"@type":"SearchAction","target":{"@type":"EntryPoint","urlTemplate":"https:\/\/neringavilnius.com\/?s={search_term_string}"},"query-input":{"@type":"PropertyValueSpecification","valueRequired":true,"valueName":"search_term_string"}}],"inLanguage":"lt-LT"},{"@type":"Organization","@id":"https:\/\/neringavilnius.com\/#organization","name":"Neringa Vilnius","url":"https:\/\/neringavilnius.com\/","logo":{"@type":"ImageObject","inLanguage":"lt-LT","@id":"https:\/\/neringavilnius.com\/#\/schema\/logo\/image\/","url":"https:\/\/neringavilnius.com\/wp-content\/uploads\/2025\/05\/Neringa_Main_Symbol_Logo_Full_Color_RGB_1315px@300ppi.jpg","contentUrl":"https:\/\/neringavilnius.com\/wp-content\/uploads\/2025\/05\/Neringa_Main_Symbol_Logo_Full_Color_RGB_1315px@300ppi.jpg","width":1315,"height":1927,"caption":"Neringa Vilnius"},"image":{"@id":"https:\/\/neringavilnius.com\/#\/schema\/logo\/image\/"},"sameAs":["https:\/\/www.facebook.com\/neringahotel","https:\/\/www.instagram.com\/neringarestoranasirbarai\/","https:\/\/www.instagram.com\/neringahotel\/","https:\/\/www.linkedin.com\/company\/neringa-hotel\/","https:\/\/www.facebook.com\/neringarestoranas"]}]}},"_links":{"self":[{"href":"https:\/\/neringavilnius.com\/lt\/wp-json\/wp\/v2\/pages\/2062","targetHints":{"allow":["GET"]}}],"collection":[{"href":"https:\/\/neringavilnius.com\/lt\/wp-json\/wp\/v2\/pages"}],"about":[{"href":"https:\/\/neringavilnius.com\/lt\/wp-json\/wp\/v2\/types\/page"}],"author":[{"embeddable":true,"href":"https:\/\/neringavilnius.com\/lt\/wp-json\/wp\/v2\/users\/6"}],"replies":[{"embeddable":true,"href":"https:\/\/neringavilnius.com\/lt\/wp-json\/wp\/v2\/comments?post=2062"}],"version-history":[{"count":6,"href":"https:\/\/neringavilnius.com\/lt\/wp-json\/wp\/v2\/pages\/2062\/revisions"}],"predecessor-version":[{"id":2096,"href":"https:\/\/neringavilnius.com\/lt\/wp-json\/wp\/v2\/pages\/2062\/revisions\/2096"}],"up":[{"embeddable":true,"href":"https:\/\/neringavilnius.com\/lt\/wp-json\/wp\/v2\/pages\/774"}],"wp:attachment":[{"href":"https:\/\/neringavilnius.com\/lt\/wp-json\/wp\/v2\/media?parent=2062"}],"curies":[{"name":"wp","href":"https:\/\/api.w.org\/{rel}","templated":true}]}}