{"id":1155,"date":"2022-01-04T14:04:06","date_gmt":"2022-01-04T14:04:06","guid":{"rendered":"https:\/\/neringavilnius.com\/cookie-policy\/"},"modified":"2024-01-09T07:54:17","modified_gmt":"2024-01-09T07:54:17","slug":"slapuku-politika","status":"publish","type":"page","link":"https:\/\/neringavilnius.com\/lt\/slapuku-politika\/","title":{"rendered":"Slapuk\u0173 politika"},"content":{"rendered":"<p>\u0160ioje Slapuk\u0173 politikoje pateikiame informacij\u0105 apie interneto svetain\u0117je <a href=\"http:\/\/neringavilnius.com\/lt\">www.neringavilnius.com<\/a> naudojamus slapukus.<\/p>\n<p>Duomen\u0173 valdytojas, atsakingas u\u017e J\u016bs\u0173 asmens duomen\u0173 tvarkym\u0105, yra UAB \u201eNERINGA HOTEL\u201c, juridinio asmens kodas 302547380, adresas Gedimino pr. 23, 01103 Vilnius, telefonas <a href=\"tel:+370 5212228\">+370 5212228<\/a>, el. pa\u0161tas <a href=\"mailto:hotel@neringavilnius.com\">hotel@neringavilnius.com<\/a>.<\/p>\n<p>Slapukas (angl. Cookie) yra nedidelis i\u0161 raid\u017ei\u0173 ir skaitmen\u0173 sudarytas failas, kuris yra \u012fra\u0161omas \u012f J\u016bs\u0173 nar\u0161ykl\u0119 arba stand\u0173j\u012f J\u016bs\u0173 kompiuterio disk\u0105. Siekiant skirting\u0173 tiksl\u0173 yra naudojami skirtingi slapukai. Slapukai taip pat padeda atskirti Jus nuo kit\u0173 interneto svetain\u0117s naudotoj\u0173, taigi u\u017etikrina malonesn\u0119 interneto svetain\u0117s naudojimo patirt\u012f ir leid\u017eia tobulinti interneto svetain\u0119.<\/p>\n<p>Dauguma nar\u0161ykli\u0173 leid\u017eia atmesti visus slapukus, o kai kuriose nar\u0161ykl\u0117se yra galimyb\u0117 atmesti tik tre\u010di\u0173j\u0173 \u0161ali\u0173 slapukus. Tad J\u016bs galite pasinaudoti \u0161iomis galimyb\u0117mis. Ta\u010diau atkreipkite d\u0117mes\u012f \u012f tai, kad vis\u0173 slapuk\u0173 blokavimas tur\u0117s neigiam\u0105 poveik\u012f interneto svetain\u0117s naudojimui, ir be slapuk\u0173 J\u016bs negal\u0117site naudotis visomis interneto svetain\u0117je teikiamomis paslaugomis.<\/p>\n<p>M\u016bs\u0173 interneto svetain\u0117je naudojami toliau \u012fvardint\u0173 r\u016b\u0161i\u0173 slapukai:<\/p>\n<p>Marketingo slapukai: jie naudojami tam, kad gal\u0117tume pateikti Jums aktuali\u0105 informacij\u0105 apie m\u016bs\u0173 paslaugas;<\/p>\n<p>Statistiniai slapukai: \u0161iuos slapukus naudojame rinkti anonimi\u0161k\u0105 informacij\u0105, kuri mums pad\u0117t\u0173 geriau suprasti j\u016bs\u0173 poreikius ir pad\u0117t\u0173 u\u017etikrinti nuosekl\u0173 tinklapio veikim\u0105.<\/p>\n<p>Marketingo ir statistikos slapuk\u0173 naudojimo pagrindas yra J\u016bs\u0173 sutikimas (ES Bendrojo duomen\u0173 apsaugos reglamento 6 straipsnio 1 dalies a punktas).<\/p>\n<p>M\u016bs\u0173 interneto svetain\u0117je naudojam\u0173 slapuk\u0173 s\u0105ra\u0161\u0105 galite rasti \u017eemiau:<\/p>\n<p>&nbsp;<\/p>\n<table>\n<tbody style=\"color: rgba(0, 0, 0, 0.6);\">\n<tr>\n<td>\n<h3><b>Slapuko pavadinimas<\/b><\/h3>\n<\/td>\n<td>\n<h3><b>Slapuko paskirtis<\/b><\/h3>\n<\/td>\n<td>\n<h3><b>Saugojimo trukm\u0117<\/b><\/h3>\n<\/td>\n<\/tr>\n<tr style=\"font-weight: 200; font-size: 24px;\">\n<td>_ga<\/td>\n<td>Statistikos slapukas<\/td>\n<td>1 metai<\/td>\n<\/tr>\n<tr style=\"font-weight: 200; font-size: 24px;\">\n<td>_gid<\/td>\n<td>Statistikos slapukas<\/td>\n<td>1 diena<\/td>\n<\/tr>\n<tr style=\"font-weight: 200; font-size: 24px;\">\n<td>_gat_*<\/td>\n<td>Statistikos slapukas<\/td>\n<td>1 minut\u0117<\/td>\n<\/tr>\n<tr style=\"font-weight: 200; font-size: 24px;\">\n<td>_ga_*<\/td>\n<td>Statistikos slapukas<\/td>\n<td>1 metai<\/td>\n<\/tr>\n<tr style=\"font-weight: 200; font-size: 24px;\">\n<td>_fbp<\/td>\n<td>Marketingo slapukas<\/td>\n<td>3 m\u0117nesiai<\/td>\n<\/tr>\n<tr style=\"font-weight: 200; font-size: 24px;\">\n<td>fr<\/td>\n<td>Marketingo slapukas<\/td>\n<td>3 m\u0117nesiai<\/td>\n<\/tr>\n<tr style=\"font-weight: 200; font-size: 24px;\">\n<td>tr<\/td>\n<td>Marketingo slapukas<\/td>\n<td>Sesijos metu<\/td>\n<\/tr>\n<\/tbody>\n<\/table>\n<h3>Kaip valdyti ir i\u0161trinti slapukus<\/h3>\n<p>Daugelis nar\u0161ykli\u0173 yra nustatytos taip, kad slapukus priimt\u0173 automati\u0161kai. Tur\u0117dami informacijos, kaip ir kam jie naudojami, galite apsispr\u0119sti, ar slapukus pasilikti, ar juos nar\u0161ykl\u0117je i\u0161jungti. Dauguma nar\u0161ykli\u0173 leid\u017eia Jums valdyti slapukus per j\u0173 nustatym\u0173 parinktis. Jei nenorite priimti slapuk\u0173, savo nar\u0161ykl\u0117je galite pasirinkti nustatym\u0105 nepriimti vis\u0173 slapuk\u0173 arba si\u0173sti \u012fsp\u0117jim\u0105, kai yra sukuriamas slapukas. Nor\u0117dami daugiau su\u017einoti, kaip valdyti slapukus, apsilankykite adresu: <a href=\"http:\/\/www.allaboutcookies.org\/manage-cookies\/\">http:\/\/www.allaboutcookies.org\/manage-cookies\/<\/a>.<\/p>\n<p>Nor\u0117tume \u012fsp\u0117ti, kad atsisak\u0119 slapuk\u0173 galite netekti galimyb\u0117s naudotis kai kuriomis interneto svetain\u0117s funkcijomis. Nenor\u0117dami gauti slapuk\u0173, galite nustatyti savo nar\u0161ykl\u0119 atmesti visus slapukus arba si\u0173sti \u012fsp\u0117jim\u0105, kai yra sukuriamas slapukas.<\/p>\n<p>Be duomen\u0173 valdytojo naudojam\u0173 slapuk\u0173, m\u016bs\u0173 svetain\u0117je gali b\u016bti leid\u017eiama tam tikroms tre\u010diosioms \u0161alims nustatyti ir pasiekti slapukus j\u016bs\u0173 kompiuteryje. Tokiu atveju slapuk\u0173 naudojimui taikomos tre\u010di\u0173j\u0173 \u0161ali\u0173 privatumo taisykl\u0117s.<\/p>\n<p>Su duomen\u0173 subjekto teis\u0117mis ir kita informacija apie asmens duomen\u0173 tvarkym\u0105 galite susipa\u017einti m\u016bs\u0173 interneto svetain\u0117je <a href=\"http:\/\/neringavilnius.com\/lt\">www.neringavilnius.com<\/a> skelbiamoje <a href=\"https:\/\/neringavilnius.com\/lt\/privatumo-politika\/\">privatumo politikoje<\/a>.<\/p>\n","protected":false},"excerpt":{"rendered":"<p>\u0160ioje Slapuk\u0173 politikoje pateikiame informacij\u0105 apie interneto svetain\u0117je www.neringavilnius.com naudojamus slapukus. Duomen\u0173 valdytojas, atsakingas u\u017e J\u016bs\u0173 asmens duomen\u0173 tvarkym\u0105, yra UAB \u201eNERINGA HOTEL\u201c, juridinio asmens kodas 302547380, adresas Gedimino pr. 23, 01103 Vilnius, telefonas +370 5212228, el. pa\u0161tas hotel@neringavilnius.com. Slapukas (angl. Cookie) yra nedidelis i\u0161 raid\u017ei\u0173 ir skaitmen\u0173 sudarytas failas, kuris yra \u012fra\u0161omas \u012f J\u016bs\u0173 [&hellip;]<\/p>\n","protected":false},"author":6,"featured_media":0,"parent":0,"menu_order":0,"comment_status":"closed","ping_status":"closed","template":"","meta":{"footnotes":""},"class_list":["post-1155","page","type-page","status-publish","hentry"],"acf":[],"yoast_head":"<!-- This site is optimized with the Yoast SEO plugin v26.3 - https:\/\/yoast.com\/wordpress\/plugins\/seo\/ -->\n<title>Slapuk\u0173 politika - Neringa<\/title>\n<meta name=\"robots\" content=\"index, follow, max-snippet:-1, max-image-preview:large, max-video-preview:-1\" \/>\n<link rel=\"canonical\" href=\"https:\/\/neringavilnius.com\/lt\/slapuku-politika\/\" \/>\n<meta property=\"og:locale\" content=\"lt_LT\" \/>\n<meta property=\"og:type\" content=\"article\" \/>\n<meta property=\"og:title\" content=\"Slapuk\u0173 politika - Neringa\" \/>\n<meta property=\"og:description\" content=\"\u0160ioje Slapuk\u0173 politikoje pateikiame informacij\u0105 apie interneto svetain\u0117je www.neringavilnius.com naudojamus slapukus. Duomen\u0173 valdytojas, atsakingas u\u017e J\u016bs\u0173 asmens duomen\u0173 tvarkym\u0105, yra UAB \u201eNERINGA HOTEL\u201c, juridinio asmens kodas 302547380, adresas Gedimino pr. 23, 01103 Vilnius, telefonas +370 5212228, el. pa\u0161tas hotel@neringavilnius.com. Slapukas (angl. Cookie) yra nedidelis i\u0161 raid\u017ei\u0173 ir skaitmen\u0173 sudarytas failas, kuris yra \u012fra\u0161omas \u012f J\u016bs\u0173 [&hellip;]\" \/>\n<meta property=\"og:url\" content=\"https:\/\/neringavilnius.com\/lt\/slapuku-politika\/\" \/>\n<meta property=\"og:site_name\" content=\"Neringa\" \/>\n<meta property=\"article:publisher\" content=\"https:\/\/www.facebook.com\/neringahotel\" \/>\n<meta property=\"article:modified_time\" content=\"2024-01-09T07:54:17+00:00\" \/>\n<script type=\"application\/ld+json\" class=\"yoast-schema-graph\">{\"@context\":\"https:\/\/schema.org\",\"@graph\":[{\"@type\":\"WebPage\",\"@id\":\"https:\/\/neringavilnius.com\/lt\/slapuku-politika\/\",\"url\":\"https:\/\/neringavilnius.com\/lt\/slapuku-politika\/\",\"name\":\"Slapuk\u0173 politika - Neringa\",\"isPartOf\":{\"@id\":\"https:\/\/neringavilnius.com\/#website\"},\"datePublished\":\"2022-01-04T14:04:06+00:00\",\"dateModified\":\"2024-01-09T07:54:17+00:00\",\"breadcrumb\":{\"@id\":\"https:\/\/neringavilnius.com\/lt\/slapuku-politika\/#breadcrumb\"},\"inLanguage\":\"lt-LT\",\"potentialAction\":[{\"@type\":\"ReadAction\",\"target\":[\"https:\/\/neringavilnius.com\/lt\/slapuku-politika\/\"]}]},{\"@type\":\"BreadcrumbList\",\"@id\":\"https:\/\/neringavilnius.com\/lt\/slapuku-politika\/#breadcrumb\",\"itemListElement\":[{\"@type\":\"ListItem\",\"position\":1,\"name\":\"Home\",\"item\":\"https:\/\/neringavilnius.com\/lt\/\"},{\"@type\":\"ListItem\",\"position\":2,\"name\":\"Slapuk\u0173 politika\"}]},{\"@type\":\"WebSite\",\"@id\":\"https:\/\/neringavilnius.com\/#website\",\"url\":\"https:\/\/neringavilnius.com\/\",\"name\":\"Neringa Vilnius\",\"description\":\"Legenda nuo 1959-\u0173j\u0173\",\"publisher\":{\"@id\":\"https:\/\/neringavilnius.com\/#organization\"},\"potentialAction\":[{\"@type\":\"SearchAction\",\"target\":{\"@type\":\"EntryPoint\",\"urlTemplate\":\"https:\/\/neringavilnius.com\/?s={search_term_string}\"},\"query-input\":{\"@type\":\"PropertyValueSpecification\",\"valueRequired\":true,\"valueName\":\"search_term_string\"}}],\"inLanguage\":\"lt-LT\"},{\"@type\":\"Organization\",\"@id\":\"https:\/\/neringavilnius.com\/#organization\",\"name\":\"Neringa Vilnius\",\"url\":\"https:\/\/neringavilnius.com\/\",\"logo\":{\"@type\":\"ImageObject\",\"inLanguage\":\"lt-LT\",\"@id\":\"https:\/\/neringavilnius.com\/#\/schema\/logo\/image\/\",\"url\":\"https:\/\/neringavilnius.com\/wp-content\/uploads\/2025\/05\/Neringa_Main_Symbol_Logo_Full_Color_RGB_1315px@300ppi.jpg\",\"contentUrl\":\"https:\/\/neringavilnius.com\/wp-content\/uploads\/2025\/05\/Neringa_Main_Symbol_Logo_Full_Color_RGB_1315px@300ppi.jpg\",\"width\":1315,\"height\":1927,\"caption\":\"Neringa Vilnius\"},\"image\":{\"@id\":\"https:\/\/neringavilnius.com\/#\/schema\/logo\/image\/\"},\"sameAs\":[\"https:\/\/www.facebook.com\/neringahotel\",\"https:\/\/www.instagram.com\/neringarestoranasirbarai\/\",\"https:\/\/www.instagram.com\/neringahotel\/\",\"https:\/\/www.linkedin.com\/company\/neringa-hotel\/\",\"https:\/\/www.facebook.com\/neringarestoranas\"]}]}<\/script>\n<!-- \/ Yoast SEO plugin. -->","yoast_head_json":{"title":"Slapuk\u0173 politika - Neringa","robots":{"index":"index","follow":"follow","max-snippet":"max-snippet:-1","max-image-preview":"max-image-preview:large","max-video-preview":"max-video-preview:-1"},"canonical":"https:\/\/neringavilnius.com\/lt\/slapuku-politika\/","og_locale":"lt_LT","og_type":"article","og_title":"Slapuk\u0173 politika - Neringa","og_description":"\u0160ioje Slapuk\u0173 politikoje pateikiame informacij\u0105 apie interneto svetain\u0117je www.neringavilnius.com naudojamus slapukus. Duomen\u0173 valdytojas, atsakingas u\u017e J\u016bs\u0173 asmens duomen\u0173 tvarkym\u0105, yra UAB \u201eNERINGA HOTEL\u201c, juridinio asmens kodas 302547380, adresas Gedimino pr. 23, 01103 Vilnius, telefonas +370 5212228, el. pa\u0161tas hotel@neringavilnius.com. Slapukas (angl. Cookie) yra nedidelis i\u0161 raid\u017ei\u0173 ir skaitmen\u0173 sudarytas failas, kuris yra \u012fra\u0161omas \u012f J\u016bs\u0173 [&hellip;]","og_url":"https:\/\/neringavilnius.com\/lt\/slapuku-politika\/","og_site_name":"Neringa","article_publisher":"https:\/\/www.facebook.com\/neringahotel","article_modified_time":"2024-01-09T07:54:17+00:00","schema":{"@context":"https:\/\/schema.org","@graph":[{"@type":"WebPage","@id":"https:\/\/neringavilnius.com\/lt\/slapuku-politika\/","url":"https:\/\/neringavilnius.com\/lt\/slapuku-politika\/","name":"Slapuk\u0173 politika - Neringa","isPartOf":{"@id":"https:\/\/neringavilnius.com\/#website"},"datePublished":"2022-01-04T14:04:06+00:00","dateModified":"2024-01-09T07:54:17+00:00","breadcrumb":{"@id":"https:\/\/neringavilnius.com\/lt\/slapuku-politika\/#breadcrumb"},"inLanguage":"lt-LT","potentialAction":[{"@type":"ReadAction","target":["https:\/\/neringavilnius.com\/lt\/slapuku-politika\/"]}]},{"@type":"BreadcrumbList","@id":"https:\/\/neringavilnius.com\/lt\/slapuku-politika\/#breadcrumb","itemListElement":[{"@type":"ListItem","position":1,"name":"Home","item":"https:\/\/neringavilnius.com\/lt\/"},{"@type":"ListItem","position":2,"name":"Slapuk\u0173 politika"}]},{"@type":"WebSite","@id":"https:\/\/neringavilnius.com\/#website","url":"https:\/\/neringavilnius.com\/","name":"Neringa Vilnius","description":"Legenda nuo 1959-\u0173j\u0173","publisher":{"@id":"https:\/\/neringavilnius.com\/#organization"},"potentialAction":[{"@type":"SearchAction","target":{"@type":"EntryPoint","urlTemplate":"https:\/\/neringavilnius.com\/?s={search_term_string}"},"query-input":{"@type":"PropertyValueSpecification","valueRequired":true,"valueName":"search_term_string"}}],"inLanguage":"lt-LT"},{"@type":"Organization","@id":"https:\/\/neringavilnius.com\/#organization","name":"Neringa Vilnius","url":"https:\/\/neringavilnius.com\/","logo":{"@type":"ImageObject","inLanguage":"lt-LT","@id":"https:\/\/neringavilnius.com\/#\/schema\/logo\/image\/","url":"https:\/\/neringavilnius.com\/wp-content\/uploads\/2025\/05\/Neringa_Main_Symbol_Logo_Full_Color_RGB_1315px@300ppi.jpg","contentUrl":"https:\/\/neringavilnius.com\/wp-content\/uploads\/2025\/05\/Neringa_Main_Symbol_Logo_Full_Color_RGB_1315px@300ppi.jpg","width":1315,"height":1927,"caption":"Neringa Vilnius"},"image":{"@id":"https:\/\/neringavilnius.com\/#\/schema\/logo\/image\/"},"sameAs":["https:\/\/www.facebook.com\/neringahotel","https:\/\/www.instagram.com\/neringarestoranasirbarai\/","https:\/\/www.instagram.com\/neringahotel\/","https:\/\/www.linkedin.com\/company\/neringa-hotel\/","https:\/\/www.facebook.com\/neringarestoranas"]}]}},"_links":{"self":[{"href":"https:\/\/neringavilnius.com\/lt\/wp-json\/wp\/v2\/pages\/1155","targetHints":{"allow":["GET"]}}],"collection":[{"href":"https:\/\/neringavilnius.com\/lt\/wp-json\/wp\/v2\/pages"}],"about":[{"href":"https:\/\/neringavilnius.com\/lt\/wp-json\/wp\/v2\/types\/page"}],"author":[{"embeddable":true,"href":"https:\/\/neringavilnius.com\/lt\/wp-json\/wp\/v2\/users\/6"}],"replies":[{"embeddable":true,"href":"https:\/\/neringavilnius.com\/lt\/wp-json\/wp\/v2\/comments?post=1155"}],"version-history":[{"count":6,"href":"https:\/\/neringavilnius.com\/lt\/wp-json\/wp\/v2\/pages\/1155\/revisions"}],"predecessor-version":[{"id":2016,"href":"https:\/\/neringavilnius.com\/lt\/wp-json\/wp\/v2\/pages\/1155\/revisions\/2016"}],"wp:attachment":[{"href":"https:\/\/neringavilnius.com\/lt\/wp-json\/wp\/v2\/media?parent=1155"}],"curies":[{"name":"wp","href":"https:\/\/api.w.org\/{rel}","templated":true}]}}